{"id":583960,"date":"2025-03-04T10:08:06","date_gmt":"2025-03-04T09:08:06","guid":{"rendered":"https:\/\/shop.kustom.ch\/?post_type=product&#038;p=583960"},"modified":"2026-03-31T08:40:29","modified_gmt":"2026-03-31T07:40:29","slug":"socken-warm","status":"publish","type":"product","link":"https:\/\/shop.kustom.ch\/it\/prodotto\/socken-warm\/","title":{"rendered":"Calzini caldi"},"content":{"rendered":"<p>Progettato per tenervi al caldo e al riparo in condizioni di freddo. Questa calza assorbe l'umidit\u00e0, \u00e8 resistente e ha una suola extra spessa per un maggiore sostegno. Gli inserti in elastan nelle zone tecniche della maglia assicurano una vestibilit\u00e0 perfetta.<\/p>\n<p>FUNZIONALIT\u00c0: traspirante. Fibra di elastan nelle zone di maglia tecnica per una buona vestibilit\u00e0. CARATTERISTICHE PRINCIPALI: Unisex. TESSUTO: arancione ad alta visibilit\u00e0. ISTRUZIONI DI LAVAGGIO: 40\u00b0 C<\/p>\n<p>54% lana, 24% poliacrilico, 20% poliammide, 2% elastan<\/p>","protected":false},"excerpt":{"rendered":"<p>Entwickelt um Sie in kalter Umgebung angenehm warm zu halten. Dieser Socken absorbiert die Feuchtigkeit, ist langlebig und hat eine extra dicke Sohle f\u00fcr zus\u00e4tzliche Unterst\u00fctzung. Elasthan-Eins\u00e4tze in technisch gestrickten Bereichen sorgen f\u00fcr einen perfekten Sitz. FUNKTIONALIT\u00c4T: Feuchtigkeitsableitend. Elasthan-Faser in technisch gestrickten Bereichen f\u00fcr eine gute Passform. HAUPTEIGENSCHAFTEN: Unisex. STOFF: High-Vis Orange. WASCHANLEITUNG: 40\u00b0 C [&hellip;]<\/p>\n","protected":false},"featured_media":584021,"template":"","meta":[],"product_brand":[],"product_cat":[4199],"product_tag":[],"class_list":{"0":"post-583960","1":"product","2":"type-product","3":"status-publish","4":"has-post-thumbnail","6":"product_cat-socken","7":"pa_brand-blaklaeder","8":"pa_brand-type-workwear","9":"pa_filter-color-orange","10":"pa_filter-color-schwarz","12":"first","13":"instock","14":"sale","15":"taxable","16":"shipping-taxable","17":"purchasable","18":"product-type-variable","19":"add-to-wishlist-before_image"},"exclude_global_add_ons":[],"addons":[],"acf":[],"_links":{"self":[{"href":"https:\/\/shop.kustom.ch\/it\/wp-json\/wp\/v2\/product\/583960"}],"collection":[{"href":"https:\/\/shop.kustom.ch\/it\/wp-json\/wp\/v2\/product"}],"about":[{"href":"https:\/\/shop.kustom.ch\/it\/wp-json\/wp\/v2\/types\/product"}],"wp:featuredmedia":[{"embeddable":true,"href":"https:\/\/shop.kustom.ch\/it\/wp-json\/wp\/v2\/media\/584021"}],"wp:attachment":[{"href":"https:\/\/shop.kustom.ch\/it\/wp-json\/wp\/v2\/media?parent=583960"}],"wp:term":[{"taxonomy":"product_brand","embeddable":true,"href":"https:\/\/shop.kustom.ch\/it\/wp-json\/wp\/v2\/product_brand?post=583960"},{"taxonomy":"product_cat","embeddable":true,"href":"https:\/\/shop.kustom.ch\/it\/wp-json\/wp\/v2\/product_cat?post=583960"},{"taxonomy":"product_tag","embeddable":true,"href":"https:\/\/shop.kustom.ch\/it\/wp-json\/wp\/v2\/product_tag?post=583960"}],"curies":[{"name":"wp","href":"https:\/\/api.w.org\/{rel}","templated":true}]}}