{"id":583915,"date":"2025-03-04T10:06:13","date_gmt":"2025-03-04T09:06:13","guid":{"rendered":"https:\/\/shop.kustom.ch\/?post_type=product&#038;p=583915"},"modified":"2025-03-04T10:10:18","modified_gmt":"2025-03-04T09:10:18","slug":"funktions-socken","status":"publish","type":"product","link":"https:\/\/shop.kustom.ch\/it\/prodotto\/funktions-socken\/","title":{"rendered":"Calzini funzionali"},"content":{"rendered":"<p>Calze morbide e confortevoli, realizzate in tessuto sintetico, con un buon supporto per il piede e una vestibilit\u00e0 comoda. Il tessuto ha propriet\u00e0 traspiranti per mantenere i piedi asciutti nelle lunghe giornate di lavoro. Le calze hanno un colore ad alta visibilit\u00e0 e strisce riflettenti sul bordo superiore per aumentare la visibilit\u00e0.<\/p>\n<p>DETTAGLI: Rinforzo sul collo del piede e sulla caviglia per una calzata confortevole. TACCO: Rinforzo intorno al collo del piede e alla caviglia per una calzata confortevole. FUNZIONALIT\u00c0: Dettagli di ventilazione in maglia. CARATTERISTICHE PRINCIPALI: Unisex. TESSUTO: Giallo alta visibilit\u00e0. ISTRUZIONI DI LAVAGGIO: 40\u00b0 C<\/p>\n<p>95% poliammide, 5% altre fibre, jacquard, gestione dell'umidit\u00e0, 120g\/m\u00b2<\/p>","protected":false},"excerpt":{"rendered":"<p>Weiche und bequeme Socken aus einem synthetischen Stoff mit guter Unterst\u00fctzung f\u00fcr den Fuss und bequemem Sitz. Der Stoff hat Feuchtigkeit transportierende Eigenschaften, um die F\u00fcsse an langen Arbeitstagen trocken zu halten. Die Socken haben eine Warnschutzfarbe und Reflexstreifen am oberen Rand um die Sichtbarkeit zu erh\u00f6hen. DETAILS: Verst\u00e4rkung um Spann und Kn\u00f6chel f\u00fcr komfortablen [&hellip;]<\/p>\n","protected":false},"featured_media":584003,"template":"","meta":[],"product_brand":[],"product_cat":[4199],"product_tag":[],"class_list":{"0":"post-583915","1":"product","2":"type-product","3":"status-publish","4":"has-post-thumbnail","6":"product_cat-socken","7":"pa_brand-blaklaeder","8":"pa_brand-type-workwear","9":"pa_filter-color-gelb","11":"first","12":"instock","13":"sale","14":"taxable","15":"shipping-taxable","16":"purchasable","17":"product-type-variable","18":"add-to-wishlist-before_image"},"exclude_global_add_ons":[],"addons":[],"acf":[],"_links":{"self":[{"href":"https:\/\/shop.kustom.ch\/it\/wp-json\/wp\/v2\/product\/583915"}],"collection":[{"href":"https:\/\/shop.kustom.ch\/it\/wp-json\/wp\/v2\/product"}],"about":[{"href":"https:\/\/shop.kustom.ch\/it\/wp-json\/wp\/v2\/types\/product"}],"wp:featuredmedia":[{"embeddable":true,"href":"https:\/\/shop.kustom.ch\/it\/wp-json\/wp\/v2\/media\/584003"}],"wp:attachment":[{"href":"https:\/\/shop.kustom.ch\/it\/wp-json\/wp\/v2\/media?parent=583915"}],"wp:term":[{"taxonomy":"product_brand","embeddable":true,"href":"https:\/\/shop.kustom.ch\/it\/wp-json\/wp\/v2\/product_brand?post=583915"},{"taxonomy":"product_cat","embeddable":true,"href":"https:\/\/shop.kustom.ch\/it\/wp-json\/wp\/v2\/product_cat?post=583915"},{"taxonomy":"product_tag","embeddable":true,"href":"https:\/\/shop.kustom.ch\/it\/wp-json\/wp\/v2\/product_tag?post=583915"}],"curies":[{"name":"wp","href":"https:\/\/api.w.org\/{rel}","templated":true}]}}