{"id":583883,"date":"2025-03-04T10:04:30","date_gmt":"2025-03-04T09:04:30","guid":{"rendered":"https:\/\/shop.kustom.ch\/?post_type=product&#038;p=583883"},"modified":"2026-03-31T08:40:07","modified_gmt":"2026-03-31T07:40:07","slug":"high-vis-kapuze-2","status":"publish","type":"product","link":"https:\/\/shop.kustom.ch\/it\/prodotto\/high-vis-kapuze-2\/","title":{"rendered":"Cappuccio ad alta visibilit\u00e0"},"content":{"rendered":"<p>Cappuccio High Vis staccabile con fodera flessibile in AirMesh e dettagli riflettenti. Si adatta a diversi tipi di giacche - sia giacche leggere che cappotti invernali, ad esempio 4462, 4828, 4827, 4780.<\/p>\n<p>FUNZIONALIT\u00c0: materiale antivento e impermeabile con traspirabilit\u00e0, cuciture nastrate. Articoli 4828, 4827, 4780. TAGLIA: La taglia S si adatta alle giacche di taglia S, M. La taglia L si adatta alle giacche di taglia L, XL. La taglia XXL si adatta alla giacca di taglia XXL, 3XL. La taglia 4XL si adatta alle giacche dalla taglia 4XL in su. CARATTERISTICHE PRINCIPALI: Uomo. REFLEX: Dettagli riflettenti sul cappuccio. TESSUTO: Giallo alta visibilit\u00e0. Antivento. Alta visibilit\u00e0. ISTRUZIONI DI LAVAGGIO: Non lavare a secco.<\/p>\n<p>100% poliestere, Oxford, rivestito, impermeabile 15.000 mm, antivento, traspirante Ret 8.5, 200g\/m\u00b2<\/p>","protected":false},"excerpt":{"rendered":"<p>Abnehmbare High Vis Kapuze mit einem flexiblen AirMesh Futter und Reflexdetails. Passt zu einigen Jacken verschiedener Art &#8211; sowohl zu leichten Shell Jacken, als auch zu Winterm\u00e4nteln, z.B. 4462, 4828, 4827, 4780. FUNKTIONALIT\u00c4T: Wind- &amp;amp; wasserdichtes Material mit Atmungsaktivit\u00e4t, verschweisste N\u00e4hte. Artikel 4828, 4827, 4780. GR\u00d6ssENERL\u00c4UTERUNG: Gr\u00f6sse S passt zu Jacke Gr\u00f6sse S, M. Gr\u00f6sse [&hellip;]<\/p>\n","protected":false},"featured_media":583958,"template":"","meta":[],"product_brand":[],"product_cat":[9643,4209],"product_tag":[],"class_list":{"0":"post-583883","1":"product","2":"type-product","3":"status-publish","4":"has-post-thumbnail","6":"product_cat-equipment","7":"product_cat-zubehoer","8":"pa_brand-blaklaeder","9":"pa_brand-type-workwear","10":"pa_filter-color-gelb","11":"pa_filter-color-orange","12":"pa_filter-color-rot","14":"first","15":"instock","16":"sale","17":"taxable","18":"shipping-taxable","19":"purchasable","20":"product-type-variable","21":"add-to-wishlist-before_image"},"exclude_global_add_ons":[],"addons":[],"acf":[],"_links":{"self":[{"href":"https:\/\/shop.kustom.ch\/it\/wp-json\/wp\/v2\/product\/583883"}],"collection":[{"href":"https:\/\/shop.kustom.ch\/it\/wp-json\/wp\/v2\/product"}],"about":[{"href":"https:\/\/shop.kustom.ch\/it\/wp-json\/wp\/v2\/types\/product"}],"wp:featuredmedia":[{"embeddable":true,"href":"https:\/\/shop.kustom.ch\/it\/wp-json\/wp\/v2\/media\/583958"}],"wp:attachment":[{"href":"https:\/\/shop.kustom.ch\/it\/wp-json\/wp\/v2\/media?parent=583883"}],"wp:term":[{"taxonomy":"product_brand","embeddable":true,"href":"https:\/\/shop.kustom.ch\/it\/wp-json\/wp\/v2\/product_brand?post=583883"},{"taxonomy":"product_cat","embeddable":true,"href":"https:\/\/shop.kustom.ch\/it\/wp-json\/wp\/v2\/product_cat?post=583883"},{"taxonomy":"product_tag","embeddable":true,"href":"https:\/\/shop.kustom.ch\/it\/wp-json\/wp\/v2\/product_tag?post=583883"}],"curies":[{"name":"wp","href":"https:\/\/api.w.org\/{rel}","templated":true}]}}