{"id":583820,"date":"2025-03-04T10:01:17","date_gmt":"2025-03-04T09:01:17","guid":{"rendered":"https:\/\/shop.kustom.ch\/?post_type=product&#038;p=583820"},"modified":"2026-03-31T08:39:50","modified_gmt":"2026-03-31T07:39:50","slug":"transfer-verstaerkung-2","status":"publish","type":"product","link":"https:\/\/shop.kustom.ch\/it\/prodotto\/transfer-verstaerkung-2\/","title":{"rendered":"Rinforzo del trasferimento"},"content":{"rendered":"<p>Un trasferimento di rinforzo in Kevlar\u00ae che garantisce che la tasca della ginocchiera non si usuri. Un ottimo modo per prolungare la durata dei pantaloni se non si vuole che il comfort ne risenta inutilmente.<\/p>\n<p>DETTAGLI: 160-190\u00b0C, 5-6 bar, 30 secondi. CARATTERISTICHE PRINCIPALI: Unisex. DIMENSIONI: 16\u00d723 cm. CONFEZIONE: Fornito in coppia<\/p>","protected":false},"excerpt":{"rendered":"<p>Ein Verst\u00e4rkungs-Transfer aus Kevlar\u00ae, der sicherstellt, dass sich die Kniepolstertasche nicht abnutzt. Eine sehr gute M\u00f6glichkeit, die Haltbarkeit Ihrer Hose zu verl\u00e4ngern, wenn der Komfort nicht unn\u00f6tig leiden soll. DETAILS: 160-190\u00b0C, 5-6 Bar, 30 Sekunden. HAUPTEIGENSCHAFTEN: Unisex. MASSANGABE: 16&#215;23 cm. VERPACKUNG: Lieferung paarweise<\/p>","protected":false},"featured_media":583910,"template":"","meta":[],"product_brand":[],"product_cat":[9643,4209],"product_tag":[],"class_list":{"0":"post-583820","1":"product","2":"type-product","3":"status-publish","4":"has-post-thumbnail","6":"product_cat-equipment","7":"product_cat-zubehoer","8":"pa_brand-blaklaeder","9":"pa_brand-type-workwear","10":"pa_filter-color-schwarz","12":"first","13":"instock","14":"sale","15":"taxable","16":"shipping-taxable","17":"purchasable","18":"product-type-variable","19":"add-to-wishlist-before_image"},"exclude_global_add_ons":[],"addons":[],"acf":[],"_links":{"self":[{"href":"https:\/\/shop.kustom.ch\/it\/wp-json\/wp\/v2\/product\/583820"}],"collection":[{"href":"https:\/\/shop.kustom.ch\/it\/wp-json\/wp\/v2\/product"}],"about":[{"href":"https:\/\/shop.kustom.ch\/it\/wp-json\/wp\/v2\/types\/product"}],"wp:featuredmedia":[{"embeddable":true,"href":"https:\/\/shop.kustom.ch\/it\/wp-json\/wp\/v2\/media\/583910"}],"wp:attachment":[{"href":"https:\/\/shop.kustom.ch\/it\/wp-json\/wp\/v2\/media?parent=583820"}],"wp:term":[{"taxonomy":"product_brand","embeddable":true,"href":"https:\/\/shop.kustom.ch\/it\/wp-json\/wp\/v2\/product_brand?post=583820"},{"taxonomy":"product_cat","embeddable":true,"href":"https:\/\/shop.kustom.ch\/it\/wp-json\/wp\/v2\/product_cat?post=583820"},{"taxonomy":"product_tag","embeddable":true,"href":"https:\/\/shop.kustom.ch\/it\/wp-json\/wp\/v2\/product_tag?post=583820"}],"curies":[{"name":"wp","href":"https:\/\/api.w.org\/{rel}","templated":true}]}}