{"id":583819,"date":"2025-03-04T10:01:17","date_gmt":"2025-03-04T09:01:17","guid":{"rendered":"https:\/\/shop.kustom.ch\/?post_type=product&#038;p=583819"},"modified":"2026-03-31T08:39:49","modified_gmt":"2026-03-31T07:39:49","slug":"transfer-verstaerkung","status":"publish","type":"product","link":"https:\/\/shop.kustom.ch\/it\/prodotto\/transfer-verstaerkung\/","title":{"rendered":"Rinforzo del trasferimento"},"content":{"rendered":"<p>Abbiamo sviluppato questo rinforzo a pressione appositamente per tutti i lavoratori che devono lavorare in posizione inginocchiata, come muratori, idraulici, posatori di pavimenti o tetti. Pu\u00f2 essere applicato ai pantaloni o ad altri capi di abbigliamento soggetti a forte usura in alcune zone, prolungando cos\u00ec enormemente la durata del capo. Proteggete le ginocchia o altre parti del corpo con questo rinforzo. Il rinforzo \u00e8 impermeabile.<\/p>\n<p>DETTAGLI: Da applicare con una macchina transfer. Impronta - Bl\u00e5kl\u00e4der. CARATTERISTICHE PRINCIPALI: Unisex. DIMENSIONI: 150\u00d7250 mm. CONFEZIONE: Confezione da 20 (per l'applicazione su 10 pantaloni).<\/p>\n<p>Amplificazione del trasferimento termico<\/p>","protected":false},"excerpt":{"rendered":"<p>Wir haben diese aufpressbare Verst\u00e4rkung speziell f\u00fcr alle Arbeiter entwickelt, die in kniender Position arbeiten m\u00fcssen, wie z.Bsp. Maurer, Installateure, Bodenleger oder Dachdecker. Sie kann auf Bundhosen oder anderen Kleidungsst\u00fccken angebracht werden, die an gewissen Stellen stark beansprucht werden und verl\u00e4ngert somit die Lebenszeit des Artikels enorm. Sch\u00fctzen Sie Ihre Knie oder andere K\u00f6rperteile mit [&hellip;]<\/p>\n","protected":false},"featured_media":583909,"template":"","meta":[],"product_brand":[],"product_cat":[9643,4209],"product_tag":[],"class_list":{"0":"post-583819","1":"product","2":"type-product","3":"status-publish","4":"has-post-thumbnail","6":"product_cat-equipment","7":"product_cat-zubehoer","8":"pa_brand-blaklaeder","9":"pa_brand-type-workwear","11":"first","12":"instock","13":"sale","14":"taxable","15":"shipping-taxable","16":"purchasable","17":"product-type-variable","18":"add-to-wishlist-before_image"},"exclude_global_add_ons":[],"addons":[],"acf":[],"_links":{"self":[{"href":"https:\/\/shop.kustom.ch\/it\/wp-json\/wp\/v2\/product\/583819"}],"collection":[{"href":"https:\/\/shop.kustom.ch\/it\/wp-json\/wp\/v2\/product"}],"about":[{"href":"https:\/\/shop.kustom.ch\/it\/wp-json\/wp\/v2\/types\/product"}],"wp:featuredmedia":[{"embeddable":true,"href":"https:\/\/shop.kustom.ch\/it\/wp-json\/wp\/v2\/media\/583909"}],"wp:attachment":[{"href":"https:\/\/shop.kustom.ch\/it\/wp-json\/wp\/v2\/media?parent=583819"}],"wp:term":[{"taxonomy":"product_brand","embeddable":true,"href":"https:\/\/shop.kustom.ch\/it\/wp-json\/wp\/v2\/product_brand?post=583819"},{"taxonomy":"product_cat","embeddable":true,"href":"https:\/\/shop.kustom.ch\/it\/wp-json\/wp\/v2\/product_cat?post=583819"},{"taxonomy":"product_tag","embeddable":true,"href":"https:\/\/shop.kustom.ch\/it\/wp-json\/wp\/v2\/product_tag?post=583819"}],"curies":[{"name":"wp","href":"https:\/\/api.w.org\/{rel}","templated":true}]}}