{"id":583782,"date":"2025-03-04T09:58:49","date_gmt":"2025-03-04T08:58:49","guid":{"rendered":"https:\/\/shop.kustom.ch\/?post_type=product&#038;p=583782"},"modified":"2026-03-31T08:39:44","modified_gmt":"2026-03-31T07:39:44","slug":"hammerhalter-2","status":"publish","type":"product","link":"https:\/\/shop.kustom.ch\/it\/prodotto\/hammerhalter-2\/","title":{"rendered":"Porta martello"},"content":{"rendered":"<p>Un portamartello morbido e antigraffio. Il portamartello rimovibile si adatta a tutti i pantaloni Bl\u00e5kl\u00e4der che possono ospitarlo. Poich\u00e9 il portamartello \u00e8 morbido, non \u00e8 necessario rimuoverlo quando si \u00e8 in auto, problema altrimenti comune. \u00c8 venduto separatamente. <\/p>\n<p>FUNZIONALIT\u00c0: Senza metallo. CARATTERISTICHE PRINCIPALI: Unisex. SI ADATTA A: Pantaloni con cinghie per il supporto del martello. ISTRUZIONI DI LAVAGGIO: Rimuovere dai pantaloni prima del lavaggio.<\/p>","protected":false},"excerpt":{"rendered":"<p>Ein weicher und kratzfreier Hammerhalter. Der abnehmbare Hammerhalter passt zu allen Hosen von Bl\u00e5kl\u00e4der, die diesen unterbringen k\u00f6nnen. Da der Hammerhalter weich ist, brauchen Sie ihn nicht zu entfernen, wenn Sie im Auto sitzen, was sonst ein h\u00e4ufiges Problem ist. Er wird separat verkauft. FUNKTIONALIT\u00c4T: Metallfrei. HAUPTEIGENSCHAFTEN: Unisex. PASST ZU: Hose mit Riemen f\u00fcr Hammerhalter. [&hellip;]<\/p>\n","protected":false},"featured_media":583870,"template":"","meta":[],"product_brand":[],"product_cat":[9643,4209],"product_tag":[],"class_list":{"0":"post-583782","1":"product","2":"type-product","3":"status-publish","4":"has-post-thumbnail","6":"product_cat-equipment","7":"product_cat-zubehoer","8":"pa_brand-blaklaeder","9":"pa_brand-type-workwear","10":"pa_filter-color-schwarz","12":"first","13":"instock","14":"sale","15":"taxable","16":"shipping-taxable","17":"purchasable","18":"product-type-variable","19":"add-to-wishlist-before_image"},"exclude_global_add_ons":[],"addons":[],"acf":[],"_links":{"self":[{"href":"https:\/\/shop.kustom.ch\/it\/wp-json\/wp\/v2\/product\/583782"}],"collection":[{"href":"https:\/\/shop.kustom.ch\/it\/wp-json\/wp\/v2\/product"}],"about":[{"href":"https:\/\/shop.kustom.ch\/it\/wp-json\/wp\/v2\/types\/product"}],"wp:featuredmedia":[{"embeddable":true,"href":"https:\/\/shop.kustom.ch\/it\/wp-json\/wp\/v2\/media\/583870"}],"wp:attachment":[{"href":"https:\/\/shop.kustom.ch\/it\/wp-json\/wp\/v2\/media?parent=583782"}],"wp:term":[{"taxonomy":"product_brand","embeddable":true,"href":"https:\/\/shop.kustom.ch\/it\/wp-json\/wp\/v2\/product_brand?post=583782"},{"taxonomy":"product_cat","embeddable":true,"href":"https:\/\/shop.kustom.ch\/it\/wp-json\/wp\/v2\/product_cat?post=583782"},{"taxonomy":"product_tag","embeddable":true,"href":"https:\/\/shop.kustom.ch\/it\/wp-json\/wp\/v2\/product_tag?post=583782"}],"curies":[{"name":"wp","href":"https:\/\/api.w.org\/{rel}","templated":true}]}}