{"id":583781,"date":"2025-03-04T09:58:49","date_gmt":"2025-03-04T08:58:49","guid":{"rendered":"https:\/\/shop.kustom.ch\/?post_type=product&#038;p=583781"},"modified":"2026-03-31T08:39:43","modified_gmt":"2026-03-31T07:39:43","slug":"hammerhalter","status":"publish","type":"product","link":"https:\/\/shop.kustom.ch\/it\/prodotto\/hammerhalter\/","title":{"rendered":"Porta martello"},"content":{"rendered":"<p>Un intelligente e funzionale portamartello in plastica con chiusura in velcro per il fissaggio alla cintura. Pu\u00f2 anche essere attaccato direttamente alle linguette presenti sui pantaloni. L'accessorio perfetto per gli artigiani professionisti.<\/p>\n<p>FUNZIONALIT\u00c0: si aggancia ai passanti per il portamartello. CARATTERISTICHE PRINCIPALI: Unisex. ADATTA A: Cintura. ISTRUZIONI DI LAVAGGIO: Rimuovere dai pantaloni prima del lavaggio.<\/p>","protected":false},"excerpt":{"rendered":"<p>Ein raffinierter und funktioneller Hammerhalter aus Plastik mit Klettverschluss zur Befestigung am G\u00fcrtel. Er kann auch direkt an den daf\u00fcr vorgesehenen Laschen an der Hose befestigt werden. Das perfekte Zubeh\u00f6r f\u00fcr professionelle Handwerker. FUNKTIONALIT\u00c4T: Befestigt an den Schlaufen f\u00fcr Hammerhalter. HAUPTEIGENSCHAFTEN: Unisex. PASST ZU: G\u00fcrtel. WASCHANLEITUNG: Vor dem Waschen von der Hose entfernen<\/p>","protected":false},"featured_media":583869,"template":"","meta":[],"product_brand":[],"product_cat":[9643,4209],"product_tag":[],"class_list":{"0":"post-583781","1":"product","2":"type-product","3":"status-publish","4":"has-post-thumbnail","6":"product_cat-equipment","7":"product_cat-zubehoer","8":"pa_brand-blaklaeder","9":"pa_brand-type-workwear","10":"pa_filter-color-schwarz","12":"first","13":"instock","14":"sale","15":"taxable","16":"shipping-taxable","17":"purchasable","18":"product-type-variable","19":"add-to-wishlist-before_image"},"exclude_global_add_ons":[],"addons":[],"acf":[],"_links":{"self":[{"href":"https:\/\/shop.kustom.ch\/it\/wp-json\/wp\/v2\/product\/583781"}],"collection":[{"href":"https:\/\/shop.kustom.ch\/it\/wp-json\/wp\/v2\/product"}],"about":[{"href":"https:\/\/shop.kustom.ch\/it\/wp-json\/wp\/v2\/types\/product"}],"wp:featuredmedia":[{"embeddable":true,"href":"https:\/\/shop.kustom.ch\/it\/wp-json\/wp\/v2\/media\/583869"}],"wp:attachment":[{"href":"https:\/\/shop.kustom.ch\/it\/wp-json\/wp\/v2\/media?parent=583781"}],"wp:term":[{"taxonomy":"product_brand","embeddable":true,"href":"https:\/\/shop.kustom.ch\/it\/wp-json\/wp\/v2\/product_brand?post=583781"},{"taxonomy":"product_cat","embeddable":true,"href":"https:\/\/shop.kustom.ch\/it\/wp-json\/wp\/v2\/product_cat?post=583781"},{"taxonomy":"product_tag","embeddable":true,"href":"https:\/\/shop.kustom.ch\/it\/wp-json\/wp\/v2\/product_tag?post=583781"}],"curies":[{"name":"wp","href":"https:\/\/api.w.org\/{rel}","templated":true}]}}