{"id":583780,"date":"2025-03-04T09:58:49","date_gmt":"2025-03-04T08:58:49","guid":{"rendered":"https:\/\/shop.kustom.ch\/?post_type=product&#038;p=583780"},"modified":"2025-05-09T11:26:27","modified_gmt":"2025-05-09T10:26:27","slug":"ausweistasche-2","status":"publish","type":"product","link":"https:\/\/shop.kustom.ch\/it\/prodotto\/ausweistasche-2\/","title":{"rendered":"Tasca per carte d'identit\u00e0"},"content":{"rendered":"<p>Il portabadge \u00e8 realizzato in plastica resistente con un moschettone per fissarlo saldamente alla giacca o ai pantaloni. Pu\u00f2 essere utilizzato sia in orizzontale che in verticale.<\/p>\n<p>DETTAGLI: Tasca per carte d'identit\u00e0 rimovibile. FUNZIONALIT\u00c0: Per il posizionamento orizzontale e\/o verticale della carta d'identit\u00e0. CARATTERISTICHE PRINCIPALI: Unisex. TESSUTO: nero. ISTRUZIONI DI LAVAGGIO: togliere i pantaloni prima del lavaggio.<\/p>","protected":false},"excerpt":{"rendered":"<p>Die Ausweistasche besteht aus einem haltbaren Plastik mit einem Karabinerhaken, um sie sicher an der Jacke oder Hose zu befestigen. Kann sowohl horizontal als auch vertikal genutzt werden. DETAILS: Abnehmbare Ausweistasche. FUNKTIONALIT\u00c4T: F\u00fcr horizontale und\/oder vertikale Platzierung des Ausweises. HAUPTEIGENSCHAFTEN: Unisex. STOFF: schwarz. WASCHANLEITUNG: Vor dem Waschen von der Hose entfernen<\/p>","protected":false},"featured_media":583868,"template":"","meta":[],"product_brand":[],"product_cat":[9643,4209],"product_tag":[],"class_list":{"0":"post-583780","1":"product","2":"type-product","3":"status-publish","4":"has-post-thumbnail","6":"product_cat-equipment","7":"product_cat-zubehoer","8":"pa_brand-blaklaeder","9":"pa_brand-type-workwear","10":"pa_filter-color-schwarz","12":"first","13":"instock","14":"sale","15":"taxable","16":"shipping-taxable","17":"purchasable","18":"product-type-variable","19":"add-to-wishlist-before_image"},"exclude_global_add_ons":[],"addons":[],"acf":[],"_links":{"self":[{"href":"https:\/\/shop.kustom.ch\/it\/wp-json\/wp\/v2\/product\/583780"}],"collection":[{"href":"https:\/\/shop.kustom.ch\/it\/wp-json\/wp\/v2\/product"}],"about":[{"href":"https:\/\/shop.kustom.ch\/it\/wp-json\/wp\/v2\/types\/product"}],"wp:featuredmedia":[{"embeddable":true,"href":"https:\/\/shop.kustom.ch\/it\/wp-json\/wp\/v2\/media\/583868"}],"wp:attachment":[{"href":"https:\/\/shop.kustom.ch\/it\/wp-json\/wp\/v2\/media?parent=583780"}],"wp:term":[{"taxonomy":"product_brand","embeddable":true,"href":"https:\/\/shop.kustom.ch\/it\/wp-json\/wp\/v2\/product_brand?post=583780"},{"taxonomy":"product_cat","embeddable":true,"href":"https:\/\/shop.kustom.ch\/it\/wp-json\/wp\/v2\/product_cat?post=583780"},{"taxonomy":"product_tag","embeddable":true,"href":"https:\/\/shop.kustom.ch\/it\/wp-json\/wp\/v2\/product_tag?post=583780"}],"curies":[{"name":"wp","href":"https:\/\/api.w.org\/{rel}","templated":true}]}}