{"id":583771,"date":"2025-03-04T09:58:17","date_gmt":"2025-03-04T08:58:17","guid":{"rendered":"https:\/\/shop.kustom.ch\/?post_type=product&#038;p=583771"},"modified":"2025-03-04T10:04:57","modified_gmt":"2025-03-04T09:04:57","slug":"rucksack-50-l","status":"publish","type":"product","link":"https:\/\/shop.kustom.ch\/it\/prodotto\/rucksack-50-l\/","title":{"rendered":"Zaino 50 L"},"content":{"rendered":"<p>Uno zaino incredibilmente utile in tre diverse versioni e capacit\u00e0 - 30, 50 e 70 litri - adatto a tutte le situazioni, sia in viaggio che per lavoro. Lo zaino \u00e8 autonomo ed \u00e8 quindi molto leggero e facile da ripiegare e riporre quando non viene utilizzato. Essendo realizzato in Tarpaulin, lo zaino \u00e8 repellente allo sporco e all'acqua. Inoltre, gli articoli 2091\/2092\/2093 sono facili da trasportare grazie ai robusti spallacci e alle maniglie disponibili. Lo zaino \u00e8 dotato di una chiusura roll-top che consente di riporre all'interno quanto pi\u00f9 possibile. La fodera interna dello zaino \u00e8 grigia, in modo che gli oggetti possano essere trovati pi\u00f9 rapidamente.<\/p>\n<p>DETTAGLI: Spazio per la decorazione sulla tracolla, 4\u00d713 cm. Etichetta Bl\u00e5kl\u00e4der tessuta sul lato. Pu\u00f2 contenere 50 litri. FUNZIONALIT\u00c0: Portachiavi nello scomparto anteriore. CARATTERISTICHE PRINCIPALI: Unisex. DIMENSIONI: 25x32x53 cm. SIMBOLI: Idrorepellente 2. ISTRUZIONI DI LAVAGGIO: Lavaggio a mano. ACCESSORI: contiene 50 litri<\/p>\n<p>100% Poliestere rivestito in PVC, impermeabile, 680 g\/m\u00b2<\/p>","protected":false},"excerpt":{"rendered":"<p>Ein unglaublich n\u00fctzlicher Rucksack in dreiverschiedenen Versionen und Kapazit\u00e4ten &#8211; 30, 50 und 70 Liter &#8211; der zu allenerdenklichen Situationen passt, sei es eine Reise oder f\u00fcr die Arbeit. DerRucksack ist in sich geschlossen und ist deswegen sehr leicht und dennocheinfach zu falten und zu verstauen, wenn er nicht gebraucht wird. Da derRucksack aus Tarpaulin [&hellip;]<\/p>\n","protected":false},"featured_media":583860,"template":"","meta":[],"product_brand":[],"product_cat":[9643,4209],"product_tag":[],"class_list":{"0":"post-583771","1":"product","2":"type-product","3":"status-publish","4":"has-post-thumbnail","6":"product_cat-equipment","7":"product_cat-zubehoer","8":"pa_brand-blaklaeder","9":"pa_brand-type-workwear","10":"pa_filter-color-schwarz","12":"first","13":"instock","14":"sale","15":"taxable","16":"shipping-taxable","17":"purchasable","18":"product-type-variable","19":"add-to-wishlist-before_image"},"exclude_global_add_ons":[],"addons":[],"acf":[],"_links":{"self":[{"href":"https:\/\/shop.kustom.ch\/it\/wp-json\/wp\/v2\/product\/583771"}],"collection":[{"href":"https:\/\/shop.kustom.ch\/it\/wp-json\/wp\/v2\/product"}],"about":[{"href":"https:\/\/shop.kustom.ch\/it\/wp-json\/wp\/v2\/types\/product"}],"wp:featuredmedia":[{"embeddable":true,"href":"https:\/\/shop.kustom.ch\/it\/wp-json\/wp\/v2\/media\/583860"}],"wp:attachment":[{"href":"https:\/\/shop.kustom.ch\/it\/wp-json\/wp\/v2\/media?parent=583771"}],"wp:term":[{"taxonomy":"product_brand","embeddable":true,"href":"https:\/\/shop.kustom.ch\/it\/wp-json\/wp\/v2\/product_brand?post=583771"},{"taxonomy":"product_cat","embeddable":true,"href":"https:\/\/shop.kustom.ch\/it\/wp-json\/wp\/v2\/product_cat?post=583771"},{"taxonomy":"product_tag","embeddable":true,"href":"https:\/\/shop.kustom.ch\/it\/wp-json\/wp\/v2\/product_tag?post=583771"}],"curies":[{"name":"wp","href":"https:\/\/api.w.org\/{rel}","templated":true}]}}