{"id":583748,"date":"2025-03-04T09:57:08","date_gmt":"2025-03-04T08:57:08","guid":{"rendered":"https:\/\/shop.kustom.ch\/?post_type=product&#038;p=583748"},"modified":"2025-03-04T10:04:18","modified_gmt":"2025-03-04T09:04:18","slug":"kappe-high-vis","status":"publish","type":"product","link":"https:\/\/shop.kustom.ch\/it\/prodotto\/kappe-high-vis\/","title":{"rendered":"Berretto High Vis"},"content":{"rendered":"<p>Un berretto interamente realizzato in materiale high vis che offre visibilit\u00e0 in tutte le situazioni. Il berretto \u00e8 disponibile in giallo o arancione e presenta un tessuto a rete aerato sul retro per una buona ventilazione. \u00c8 regolabile sul retro. Un discreto \u201aBl\u00e5kl\u00e4der\u2018 a maglia lascia spazio alla decorazione sul davanti. <\/p>\n<p>DETTAGLI: Buone superfici per la finitura. Logo Bl\u00e5kl\u00e4der intrecciato sul retro. Regolabile con snapback. Ricamo Bl\u00e5kl\u00e4der sul davanti. CARATTERISTICHE PRINCIPALI: Unisex. MISURA: Misura 56-60 cm. ISTRUZIONI DI LAVAGGIO: Non candeggiare. CERTIFICAZIONE: Non certificato High Vis<\/p>","protected":false},"excerpt":{"rendered":"<p>Eine Kappe komplett aus High Vis, die Sichtbarkeit in allen Situationen bietet. Die Kappe ist in Gelb oder Orange erh\u00e4ltlich und hat einen luftigen Netzstoff hinten f\u00fcr gute Bel\u00fcftung. Sie ist hinten einstellbar. Ein diskret gestricktes &#8218;Bl\u00e5kl\u00e4der&#8216; l\u00e4sst vorne guten Platz f\u00fcr Veredelungen. DETAILS: Gute Oberfl\u00e4chen f\u00fcr Veredelung. Gewebtes Bl\u00e5kl\u00e4der Logo hinten. Einstellbar mit Snapback. [&hellip;]<\/p>\n","protected":false},"featured_media":583837,"template":"","meta":[],"product_brand":[],"product_cat":[9643,4209],"product_tag":[],"class_list":{"0":"post-583748","1":"product","2":"type-product","3":"status-publish","4":"has-post-thumbnail","6":"product_cat-equipment","7":"product_cat-zubehoer","8":"pa_brand-blaklaeder","9":"pa_brand-type-workwear","10":"pa_filter-color-gelb","11":"pa_filter-color-orange","13":"first","14":"instock","15":"sale","16":"taxable","17":"shipping-taxable","18":"purchasable","19":"product-type-variable","20":"add-to-wishlist-before_image"},"exclude_global_add_ons":[],"addons":[],"acf":[],"_links":{"self":[{"href":"https:\/\/shop.kustom.ch\/it\/wp-json\/wp\/v2\/product\/583748"}],"collection":[{"href":"https:\/\/shop.kustom.ch\/it\/wp-json\/wp\/v2\/product"}],"about":[{"href":"https:\/\/shop.kustom.ch\/it\/wp-json\/wp\/v2\/types\/product"}],"wp:featuredmedia":[{"embeddable":true,"href":"https:\/\/shop.kustom.ch\/it\/wp-json\/wp\/v2\/media\/583837"}],"wp:attachment":[{"href":"https:\/\/shop.kustom.ch\/it\/wp-json\/wp\/v2\/media?parent=583748"}],"wp:term":[{"taxonomy":"product_brand","embeddable":true,"href":"https:\/\/shop.kustom.ch\/it\/wp-json\/wp\/v2\/product_brand?post=583748"},{"taxonomy":"product_cat","embeddable":true,"href":"https:\/\/shop.kustom.ch\/it\/wp-json\/wp\/v2\/product_cat?post=583748"},{"taxonomy":"product_tag","embeddable":true,"href":"https:\/\/shop.kustom.ch\/it\/wp-json\/wp\/v2\/product_tag?post=583748"}],"curies":[{"name":"wp","href":"https:\/\/api.w.org\/{rel}","templated":true}]}}