{"id":583747,"date":"2025-03-04T09:57:08","date_gmt":"2025-03-04T08:57:08","guid":{"rendered":"https:\/\/shop.kustom.ch\/?post_type=product&#038;p=583747"},"modified":"2026-03-31T08:39:16","modified_gmt":"2026-03-31T07:39:16","slug":"kappe-denim","status":"publish","type":"product","link":"https:\/\/shop.kustom.ch\/it\/prodotto\/kappe-denim\/","title":{"rendered":"Cappello in denim"},"content":{"rendered":"<p>Un berretto molto bello con visiera piatta e snapback. Il berretto \u00e8 realizzato con lo stesso denim dei pantaloni artigianali Bl\u00e5kl\u00e4der e presenta dettagli in finta pelle con il testo \"Keepin your head cool since 1959\".<\/p>\n<p>DETTAGLI: Logo Bl\u00e5kl\u00e4der intrecciato sul retro. Emblema Bl\u00e5kl\u00e4der in similpelle sul davanti. Regolabile con snapback. CARATTERISTICHE PRINCIPALI: Unisex. MISURA: misura 56-60 cm. ISTRUZIONI DI LAVAGGIO: Non centrifugare.<\/p>\n<p>55% cotone, 15% poliammide, 30% poliestere, denim, rivestito, CORDURA\u00ae denim, stretch, 340 g\/m\u00b2<\/p>","protected":false},"excerpt":{"rendered":"<p>Eine sehr sch\u00f6ne Kappe mit flachem Schirm und Snapback. Die Kappe besteht aus dem gleichen Denim wie eine Bl\u00e5kl\u00e4der Handwerker Hose und besitzt Details aus Lederimitat, die mit dem Text &#8218;Keepin your head cool since 1959&#8216; versehen sind. DETAILS: Gewebtes Bl\u00e5kl\u00e4der Logo hinten. Bl\u00e5kl\u00e4der Emblem aus Kunstleder vorne. Einstellbar mit Snapback. HAUPTEIGENSCHAFTEN: Unisex. MASSANGABE: Masse [&hellip;]<\/p>\n","protected":false},"featured_media":583836,"template":"","meta":[],"product_brand":[],"product_cat":[9643,4209],"product_tag":[],"class_list":{"0":"post-583747","1":"product","2":"type-product","3":"status-publish","4":"has-post-thumbnail","6":"product_cat-equipment","7":"product_cat-zubehoer","8":"pa_brand-blaklaeder","9":"pa_brand-type-workwear","10":"pa_filter-color-blau","12":"first","13":"instock","14":"sale","15":"taxable","16":"shipping-taxable","17":"purchasable","18":"product-type-variable","19":"add-to-wishlist-before_image"},"exclude_global_add_ons":[],"addons":[],"acf":[],"_links":{"self":[{"href":"https:\/\/shop.kustom.ch\/it\/wp-json\/wp\/v2\/product\/583747"}],"collection":[{"href":"https:\/\/shop.kustom.ch\/it\/wp-json\/wp\/v2\/product"}],"about":[{"href":"https:\/\/shop.kustom.ch\/it\/wp-json\/wp\/v2\/types\/product"}],"wp:featuredmedia":[{"embeddable":true,"href":"https:\/\/shop.kustom.ch\/it\/wp-json\/wp\/v2\/media\/583836"}],"wp:attachment":[{"href":"https:\/\/shop.kustom.ch\/it\/wp-json\/wp\/v2\/media?parent=583747"}],"wp:term":[{"taxonomy":"product_brand","embeddable":true,"href":"https:\/\/shop.kustom.ch\/it\/wp-json\/wp\/v2\/product_brand?post=583747"},{"taxonomy":"product_cat","embeddable":true,"href":"https:\/\/shop.kustom.ch\/it\/wp-json\/wp\/v2\/product_cat?post=583747"},{"taxonomy":"product_tag","embeddable":true,"href":"https:\/\/shop.kustom.ch\/it\/wp-json\/wp\/v2\/product_tag?post=583747"}],"curies":[{"name":"wp","href":"https:\/\/api.w.org\/{rel}","templated":true}]}}