{"id":583715,"date":"2025-03-04T09:56:00","date_gmt":"2025-03-04T08:56:00","guid":{"rendered":"https:\/\/shop.kustom.ch\/?post_type=product&#038;p=583715"},"modified":"2026-03-31T08:39:11","modified_gmt":"2026-03-31T07:39:11","slug":"beanie-kinder","status":"publish","type":"product","link":"https:\/\/shop.kustom.ch\/it\/prodotto\/beanie-kinder\/","title":{"rendered":"Bambini con berretto"},"content":{"rendered":"<p>Una variante del berretto 2056 per bambini, disponibile solo in colori ad alta visibilit\u00e0 per una migliore visibilit\u00e0. Il berretto pu\u00f2 essere invertito per un look pi\u00f9 discreto. Il lato originale riporta il testo \u201aBLK 1959\u2018 in grande, mentre il lato interno riporta lo stesso testo in formato pi\u00f9 piccolo. <\/p>\n<p>DETTAGLI: reversibile. FUNZIONALIT\u00c0: Taglia per bambini. CARATTERISTICHE PRINCIPALI: Bambini. TESSUTO: blu. ISTRUZIONI DI LAVAGGIO: Non lavare a secco. CERTIFICAZIONE: Non certificato High Vis<\/p>","protected":false},"excerpt":{"rendered":"<p>Eine Variante des Beanies 2056 f\u00fcr Kinder, die nur in High Vis Farben f\u00fcr bessere Sichtbarkeit erh\u00e4ltlich ist. Das Beanie l\u00e4sst sich f\u00fcr einen diskreteren Look wenden. Die Originalseite ist mit dem Text &#8218;BLK 1959&#8216; in gross versehen und auf der Innenseite befindet sich der gleiche Text im kleineren Format. DETAILS: Wendbar. FUNKTIONALIT\u00c4T: Kindergr\u00f6sse. HAUPTEIGENSCHAFTEN: [&hellip;]<\/p>\n","protected":false},"featured_media":583793,"template":"","meta":[],"product_brand":[],"product_cat":[9643,4209],"product_tag":[],"class_list":{"0":"post-583715","1":"product","2":"type-product","3":"status-publish","4":"has-post-thumbnail","6":"product_cat-equipment","7":"product_cat-zubehoer","8":"pa_brand-blaklaeder","9":"pa_brand-type-workwear","10":"pa_filter-color-blau","11":"pa_filter-color-gelb","12":"pa_filter-color-orange","13":"pa_filter-color-schwarz","15":"first","16":"instock","17":"sale","18":"taxable","19":"shipping-taxable","20":"purchasable","21":"product-type-variable","22":"add-to-wishlist-before_image"},"exclude_global_add_ons":[],"addons":[],"acf":[],"_links":{"self":[{"href":"https:\/\/shop.kustom.ch\/it\/wp-json\/wp\/v2\/product\/583715"}],"collection":[{"href":"https:\/\/shop.kustom.ch\/it\/wp-json\/wp\/v2\/product"}],"about":[{"href":"https:\/\/shop.kustom.ch\/it\/wp-json\/wp\/v2\/types\/product"}],"wp:featuredmedia":[{"embeddable":true,"href":"https:\/\/shop.kustom.ch\/it\/wp-json\/wp\/v2\/media\/583793"}],"wp:attachment":[{"href":"https:\/\/shop.kustom.ch\/it\/wp-json\/wp\/v2\/media?parent=583715"}],"wp:term":[{"taxonomy":"product_brand","embeddable":true,"href":"https:\/\/shop.kustom.ch\/it\/wp-json\/wp\/v2\/product_brand?post=583715"},{"taxonomy":"product_cat","embeddable":true,"href":"https:\/\/shop.kustom.ch\/it\/wp-json\/wp\/v2\/product_cat?post=583715"},{"taxonomy":"product_tag","embeddable":true,"href":"https:\/\/shop.kustom.ch\/it\/wp-json\/wp\/v2\/product_tag?post=583715"}],"curies":[{"name":"wp","href":"https:\/\/api.w.org\/{rel}","templated":true}]}}