{"id":583689,"date":"2025-03-04T09:54:56","date_gmt":"2025-03-04T08:54:56","guid":{"rendered":"https:\/\/shop.kustom.ch\/?post_type=product&#038;p=583689"},"modified":"2025-03-04T09:59:22","modified_gmt":"2025-03-04T08:59:22","slug":"flammschutz-halstuch-schlauchschal","status":"publish","type":"product","link":"https:\/\/shop.kustom.ch\/it\/prodotto\/flammschutz-halstuch-schlauchschal\/","title":{"rendered":"Sciarpa antifiamma\/foulard"},"content":{"rendered":"<p>Protegge il collo e la nuca da vento e correnti d'aria. Pu\u00f2 essere utilizzato come berretto, fascia antisudore, passamontagna, ecc. Grazie al materiale confortevole e ignifugo, offre una protezione di lunga durata contro il calore, le fiamme e gli archi elettrici. Certificato secondo le norme EN 1149-5, EN ISO 11612, IEC 61482-2. EBT 4,4 cal\/cm\u00b2.<\/p>\n<p>FUNZIONALIT\u00c0: pu\u00f2 essere indossato come berretto, sciarpa o fascia per capelli. CARATTERISTICHE PRINCIPALI: Unisex. EN 1149-5. TESSUTO: nero. Ritardante di fiamma. ISTRUZIONI DI LAVAGGIO: 40\u00b0 C. CERTIFICAZIONE: EBT 4,4 cal\/cm\u00b2, HAF: 69.1%. EN 1149-5. ISO 11612 A1, B1, C1. Valutazione dell'arco voltaico: 4,4 cal\/cm\u00b2.<\/p>\n<p>59% modacrilico, 39% cotone, 2% antistatico, maglia a coste, ritardante di fiamma, antistatico, 220g\/m\u00b2<\/p>","protected":false},"excerpt":{"rendered":"<p>Sch\u00fctzt Hals und Nacken vor Wind und Zugluft. Kann als M\u00fctze, Schweissband, Sturmm\u00fctze etc. verwendet werden. Dank des komfortablen, schwer entflammbaren Materials bietet sie dauerhaften Schutz u.a. gegen Hitze, Flammen und Lichtbogen. Zertifiziert nach EN 1149-5, EN ISO 11612, IEC 61482-2. EBT 4,4 cal\/cm\u00b2. FUNKTIONALIT\u00c4T: Kann als M\u00fctze, Halstuch oder Stirnband getragen werden. HAUPTEIGENSCHAFTEN: Unisex. [&hellip;]<\/p>\n","protected":false},"featured_media":583766,"template":"","meta":[],"product_brand":[],"product_cat":[9643,4209],"product_tag":[],"class_list":{"0":"post-583689","1":"product","2":"type-product","3":"status-publish","4":"has-post-thumbnail","6":"product_cat-equipment","7":"product_cat-zubehoer","8":"pa_brand-blaklaeder","9":"pa_brand-type-workwear","10":"pa_filter-color-schwarz","12":"first","13":"instock","14":"sale","15":"taxable","16":"shipping-taxable","17":"purchasable","18":"product-type-variable","19":"add-to-wishlist-before_image"},"exclude_global_add_ons":[],"addons":[],"acf":[],"_links":{"self":[{"href":"https:\/\/shop.kustom.ch\/it\/wp-json\/wp\/v2\/product\/583689"}],"collection":[{"href":"https:\/\/shop.kustom.ch\/it\/wp-json\/wp\/v2\/product"}],"about":[{"href":"https:\/\/shop.kustom.ch\/it\/wp-json\/wp\/v2\/types\/product"}],"wp:featuredmedia":[{"embeddable":true,"href":"https:\/\/shop.kustom.ch\/it\/wp-json\/wp\/v2\/media\/583766"}],"wp:attachment":[{"href":"https:\/\/shop.kustom.ch\/it\/wp-json\/wp\/v2\/media?parent=583689"}],"wp:term":[{"taxonomy":"product_brand","embeddable":true,"href":"https:\/\/shop.kustom.ch\/it\/wp-json\/wp\/v2\/product_brand?post=583689"},{"taxonomy":"product_cat","embeddable":true,"href":"https:\/\/shop.kustom.ch\/it\/wp-json\/wp\/v2\/product_cat?post=583689"},{"taxonomy":"product_tag","embeddable":true,"href":"https:\/\/shop.kustom.ch\/it\/wp-json\/wp\/v2\/product_tag?post=583689"}],"curies":[{"name":"wp","href":"https:\/\/api.w.org\/{rel}","templated":true}]}}