{"id":583668,"date":"2025-03-04T09:54:51","date_gmt":"2025-03-04T08:54:51","guid":{"rendered":"https:\/\/shop.kustom.ch\/?post_type=product&#038;p=583668"},"modified":"2026-03-31T08:38:38","modified_gmt":"2026-03-31T07:38:38","slug":"fleece-muetze","status":"publish","type":"product","link":"https:\/\/shop.kustom.ch\/it\/prodotto\/fleece-muetze\/","title":{"rendered":"Berretto in pile"},"content":{"rendered":"<p>Un berretto sottile e caldo realizzato in pile esclusivo con una maglia morbida all'esterno e una fodera spazzolata all'interno.<\/p>\n<p>DETTAGLI: logo Bl\u00e5kl\u00e4der intrecciato sul retro. FUNZIONALIT\u00c0: traspirante. CARATTERISTICHE PRINCIPALI: Unisex. TESSUTO: giallo. Vento \/ bagnato \/ freddo. ISTRUZIONI DI LAVAGGIO: Non stirare.<\/p>\n<p>92% poliestere, 8% elastan, pile spazzolato su un lato, ad asciugatura rapida, 240g\/m\u00b2<\/p>","protected":false},"excerpt":{"rendered":"<p>Eine d\u00fcnne und warme M\u00fctze aus exklusivem Fleece mit weichem Strick aussen und einem aufgerauten Futter innen. DETAILS: Gewebtes Bl\u00e5kl\u00e4der Logo hinten. FUNKTIONALIT\u00c4T: Feuchtigkeitsableitend. HAUPTEIGENSCHAFTEN: Unisex. STOFF: gelb. Wind \/ N\u00e4sse \/ K\u00e4lte. WASCHANLEITUNG: Nicht b\u00fcgeln 92% Polyester, 8% Elastan, Fleece einseitig aufgeb\u00fcrstet, schnell trocknend, 240g\/m\u00b2<\/p>","protected":false},"featured_media":583734,"template":"","meta":[],"product_brand":[],"product_cat":[9643,4209],"product_tag":[],"class_list":{"0":"post-583668","1":"product","2":"type-product","3":"status-publish","4":"has-post-thumbnail","6":"product_cat-equipment","7":"product_cat-zubehoer","8":"pa_brand-blaklaeder","9":"pa_brand-type-workwear","10":"pa_filter-color-gelb","11":"pa_filter-color-schwarz","13":"first","14":"instock","15":"sale","16":"taxable","17":"shipping-taxable","18":"purchasable","19":"product-type-variable","20":"add-to-wishlist-before_image"},"exclude_global_add_ons":[],"addons":[],"acf":[],"_links":{"self":[{"href":"https:\/\/shop.kustom.ch\/it\/wp-json\/wp\/v2\/product\/583668"}],"collection":[{"href":"https:\/\/shop.kustom.ch\/it\/wp-json\/wp\/v2\/product"}],"about":[{"href":"https:\/\/shop.kustom.ch\/it\/wp-json\/wp\/v2\/types\/product"}],"wp:featuredmedia":[{"embeddable":true,"href":"https:\/\/shop.kustom.ch\/it\/wp-json\/wp\/v2\/media\/583734"}],"wp:attachment":[{"href":"https:\/\/shop.kustom.ch\/it\/wp-json\/wp\/v2\/media?parent=583668"}],"wp:term":[{"taxonomy":"product_brand","embeddable":true,"href":"https:\/\/shop.kustom.ch\/it\/wp-json\/wp\/v2\/product_brand?post=583668"},{"taxonomy":"product_cat","embeddable":true,"href":"https:\/\/shop.kustom.ch\/it\/wp-json\/wp\/v2\/product_cat?post=583668"},{"taxonomy":"product_tag","embeddable":true,"href":"https:\/\/shop.kustom.ch\/it\/wp-json\/wp\/v2\/product_tag?post=583668"}],"curies":[{"name":"wp","href":"https:\/\/api.w.org\/{rel}","templated":true}]}}