{"id":583645,"date":"2025-03-04T09:54:47","date_gmt":"2025-03-04T08:54:47","guid":{"rendered":"https:\/\/shop.kustom.ch\/?post_type=product&#038;p=583645"},"modified":"2026-03-31T08:38:32","modified_gmt":"2026-03-31T07:38:32","slug":"regenhut","status":"publish","type":"product","link":"https:\/\/shop.kustom.ch\/it\/prodotto\/regenhut\/","title":{"rendered":"Cappello da pioggia"},"content":{"rendered":"<p>Cappello da pioggia in materiale PU impermeabile 100% con cuciture nastrate, con tesa che trattiene l'acqua. Protezione aggiuntiva sul retro e coulisse regolabile sul mento. Foderato in micropile. Il tessuto \u00e8 certificato secondo la norma EN ISO 20471 nei colori 3300 e 5300, abbigliamento ad alta visibilit\u00e0.<\/p>\n<p>DETTAGLI: Protezione extra sul collo con coulisse e laccetto regolabile sotto il mento. FUNZIONALIT\u00c0: Vento e acqua con cuciture nastrate. CARATTERISTICHE PRINCIPALI: Fischer. Unisex. TESSUTO: Unisex. Giallo alta visibilit\u00e0. impermeabile. Alta visibilit\u00e0. ISTRUZIONI DI LAVAGGIO: Non candeggiare. CERTIFICAZIONE: Il tessuto \u00e8 certificato secondo la norma EN ISO 20471, si applica ai colori 3300 e 5300.<\/p>\n<p>Poliestere 100%, rivestito in PU, antivento e impermeabile, 240g\/m\u00b2.<\/p>","protected":false},"excerpt":{"rendered":"<p>Regenhut aus 100% wasserdichtem PU-Material mit verschweissten N\u00e4hten, mit einer Krempe, die das Wasser ableitet. Zus\u00e4tzlicher Schutz hinten und ein verstellbarer Kordelzug am Kinn. Gef\u00fcttert mit Microfleece. Der Stoff ist zertifiziert nach EN ISO 20471 in den Farben 3300 und 5300, Kleidung mit hoher Sichtbarkeit. DETAILS: Extra-Schutz am Hals mit Kordelzug und verstellbarem Umh\u00e4ngeband unter [&hellip;]<\/p>\n","protected":false},"featured_media":583704,"template":"","meta":[],"product_brand":[],"product_cat":[9643,4209],"product_tag":[],"class_list":{"0":"post-583645","1":"product","2":"type-product","3":"status-publish","4":"has-post-thumbnail","6":"product_cat-equipment","7":"product_cat-zubehoer","8":"pa_brand-blaklaeder","9":"pa_brand-type-workwear","10":"pa_filter-color-gelb","12":"first","13":"instock","14":"sale","15":"taxable","16":"shipping-taxable","17":"purchasable","18":"product-type-variable","19":"add-to-wishlist-before_image"},"exclude_global_add_ons":[],"addons":[],"acf":[],"_links":{"self":[{"href":"https:\/\/shop.kustom.ch\/it\/wp-json\/wp\/v2\/product\/583645"}],"collection":[{"href":"https:\/\/shop.kustom.ch\/it\/wp-json\/wp\/v2\/product"}],"about":[{"href":"https:\/\/shop.kustom.ch\/it\/wp-json\/wp\/v2\/types\/product"}],"wp:featuredmedia":[{"embeddable":true,"href":"https:\/\/shop.kustom.ch\/it\/wp-json\/wp\/v2\/media\/583704"}],"wp:attachment":[{"href":"https:\/\/shop.kustom.ch\/it\/wp-json\/wp\/v2\/media?parent=583645"}],"wp:term":[{"taxonomy":"product_brand","embeddable":true,"href":"https:\/\/shop.kustom.ch\/it\/wp-json\/wp\/v2\/product_brand?post=583645"},{"taxonomy":"product_cat","embeddable":true,"href":"https:\/\/shop.kustom.ch\/it\/wp-json\/wp\/v2\/product_cat?post=583645"},{"taxonomy":"product_tag","embeddable":true,"href":"https:\/\/shop.kustom.ch\/it\/wp-json\/wp\/v2\/product_tag?post=583645"}],"curies":[{"name":"wp","href":"https:\/\/api.w.org\/{rel}","templated":true}]}}