{"id":583643,"date":"2025-03-04T09:54:46","date_gmt":"2025-03-04T08:54:46","guid":{"rendered":"https:\/\/shop.kustom.ch\/?post_type=product&#038;p=583643"},"modified":"2026-03-31T08:38:30","modified_gmt":"2026-03-31T07:38:30","slug":"helm-innenmuetze","status":"publish","type":"product","link":"https:\/\/shop.kustom.ch\/it\/prodotto\/helm-innenmuetze\/","title":{"rendered":"Calotta interna del casco"},"content":{"rendered":"<p>Una fodera per casco sottile e leggera con vestibilit\u00e0 standard. \u00c8 molto comoda sotto il casco ed \u00e8 progettata per coprire le orecchie e la fronte per la massima protezione dal vento e dal freddo. La calotta \u00e8 modellata e adattata per garantire la massima libert\u00e0 di movimento.<\/p>\n<p>DETTAGLI: Copre fronte e orecchie. FUNZIONALIT\u00c0: Cappellino per casco. CARATTERISTICHE PRINCIPALI: Unisex. TESSUTO: nero. Vento \/ bagnato \/ freddo. ISTRUZIONI DI LAVAGGIO: Non centrifugare.<\/p>\n<p>70% poliacrilico, 30% lana<\/p>","protected":false},"excerpt":{"rendered":"<p>Eine d\u00fcnne, leichte Helm Innenm\u00fctze mit Standardpassform. Sie ist sehr komfortabel unter einem Helm und wurde entwickelt, um die Ohren und Stirn f\u00fcr maximalen Schutz gegen Wind und K\u00e4lte zu bedecken. Die M\u00fctze ist geformt und angepasst f\u00fcr die bestm\u00f6gliche Bewegungsfreiheit. DETAILS: Bedeckt Stirn und Ohren. FUNKTIONALIT\u00c4T: Helmm\u00fctze. HAUPTEIGENSCHAFTEN: Unisex. STOFF: schwarz. Wind \/ N\u00e4sse [&hellip;]<\/p>\n","protected":false},"featured_media":583702,"template":"","meta":[],"product_brand":[],"product_cat":[9643,4209],"product_tag":[],"class_list":{"0":"post-583643","1":"product","2":"type-product","3":"status-publish","4":"has-post-thumbnail","6":"product_cat-equipment","7":"product_cat-zubehoer","8":"pa_brand-blaklaeder","9":"pa_brand-type-workwear","10":"pa_filter-color-schwarz","12":"first","13":"instock","14":"sale","15":"taxable","16":"shipping-taxable","17":"purchasable","18":"product-type-variable","19":"add-to-wishlist-before_image"},"exclude_global_add_ons":[],"addons":[],"acf":[],"_links":{"self":[{"href":"https:\/\/shop.kustom.ch\/it\/wp-json\/wp\/v2\/product\/583643"}],"collection":[{"href":"https:\/\/shop.kustom.ch\/it\/wp-json\/wp\/v2\/product"}],"about":[{"href":"https:\/\/shop.kustom.ch\/it\/wp-json\/wp\/v2\/types\/product"}],"wp:featuredmedia":[{"embeddable":true,"href":"https:\/\/shop.kustom.ch\/it\/wp-json\/wp\/v2\/media\/583702"}],"wp:attachment":[{"href":"https:\/\/shop.kustom.ch\/it\/wp-json\/wp\/v2\/media?parent=583643"}],"wp:term":[{"taxonomy":"product_brand","embeddable":true,"href":"https:\/\/shop.kustom.ch\/it\/wp-json\/wp\/v2\/product_brand?post=583643"},{"taxonomy":"product_cat","embeddable":true,"href":"https:\/\/shop.kustom.ch\/it\/wp-json\/wp\/v2\/product_cat?post=583643"},{"taxonomy":"product_tag","embeddable":true,"href":"https:\/\/shop.kustom.ch\/it\/wp-json\/wp\/v2\/product_tag?post=583643"}],"curies":[{"name":"wp","href":"https:\/\/api.w.org\/{rel}","templated":true}]}}