{"id":583642,"date":"2025-03-04T09:54:46","date_gmt":"2025-03-04T08:54:46","guid":{"rendered":"https:\/\/shop.kustom.ch\/?post_type=product&#038;p=583642"},"modified":"2026-03-31T08:38:29","modified_gmt":"2026-03-31T07:38:29","slug":"wintermuetze","status":"publish","type":"product","link":"https:\/\/shop.kustom.ch\/it\/prodotto\/wintermuetze\/","title":{"rendered":"Berretto invernale"},"content":{"rendered":"<p>\u00c8 il momento di un cappello! Maglia fine in cotone 95%, elastan 5%. Foderato in pile di poliestere 100%.<\/p>\n<p>CARATTERISTICHE PRINCIPALI: Unisex. TESSUTO: blu. Vento \/ bagnato \/ freddo. ISTRUZIONI DI LAVAGGIO: Non stirare.<\/p>","protected":false},"excerpt":{"rendered":"<p>Zeit f\u00fcr eine M\u00fctze! Feiner Strick aus 95% Baumwolle, 5% Elastan. Gef\u00fcttert mit 100% Polyester-Fleece. HAUPTEIGENSCHAFTEN: Unisex. STOFF: blau. Wind \/ N\u00e4sse \/ K\u00e4lte. WASCHANLEITUNG: Nicht b\u00fcgeln<\/p>","protected":false},"featured_media":583701,"template":"","meta":[],"product_brand":[],"product_cat":[9643,4209],"product_tag":[],"class_list":{"0":"post-583642","1":"product","2":"type-product","3":"status-publish","4":"has-post-thumbnail","6":"product_cat-equipment","7":"product_cat-zubehoer","8":"pa_brand-blaklaeder","9":"pa_brand-type-workwear","10":"pa_filter-color-blau","11":"pa_filter-color-grau","12":"pa_filter-color-schwarz","14":"first","15":"instock","16":"sale","17":"taxable","18":"shipping-taxable","19":"purchasable","20":"product-type-variable","21":"add-to-wishlist-before_image"},"exclude_global_add_ons":[],"addons":[],"acf":[],"_links":{"self":[{"href":"https:\/\/shop.kustom.ch\/it\/wp-json\/wp\/v2\/product\/583642"}],"collection":[{"href":"https:\/\/shop.kustom.ch\/it\/wp-json\/wp\/v2\/product"}],"about":[{"href":"https:\/\/shop.kustom.ch\/it\/wp-json\/wp\/v2\/types\/product"}],"wp:featuredmedia":[{"embeddable":true,"href":"https:\/\/shop.kustom.ch\/it\/wp-json\/wp\/v2\/media\/583701"}],"wp:attachment":[{"href":"https:\/\/shop.kustom.ch\/it\/wp-json\/wp\/v2\/media?parent=583642"}],"wp:term":[{"taxonomy":"product_brand","embeddable":true,"href":"https:\/\/shop.kustom.ch\/it\/wp-json\/wp\/v2\/product_brand?post=583642"},{"taxonomy":"product_cat","embeddable":true,"href":"https:\/\/shop.kustom.ch\/it\/wp-json\/wp\/v2\/product_cat?post=583642"},{"taxonomy":"product_tag","embeddable":true,"href":"https:\/\/shop.kustom.ch\/it\/wp-json\/wp\/v2\/product_tag?post=583642"}],"curies":[{"name":"wp","href":"https:\/\/api.w.org\/{rel}","templated":true}]}}