{"id":583581,"date":"2025-03-04T09:54:10","date_gmt":"2025-03-04T08:54:10","guid":{"rendered":"https:\/\/shop.kustom.ch\/?post_type=product&#038;p=583581"},"modified":"2026-03-31T08:38:28","modified_gmt":"2026-03-31T07:38:28","slug":"handwerker-arbeitshose-stretch-x1900-2","status":"publish","type":"product","link":"https:\/\/shop.kustom.ch\/it\/prodotto\/handwerker-arbeitshose-stretch-x1900-2\/","title":{"rendered":"Pantaloni da lavoro Craftsman stretch X1900"},"content":{"rendered":"<p>Robusti pantaloni da lavoro artigianali con cavallo basso e gamba aderente. I pantaloni con cintura in vita sono realizzati in denim elasticizzato Cordura\u00ae e sono progettati per stare comodamente sui fianchi. I pantaloni con cintura in vita sono dotati di inserti elasticizzati nel cavallo e nei polpacci per una libert\u00e0 di movimento ottimale e il massimo comfort. Le ginocchia e le tasche funzionali sono realizzate con rinforzi in Cordura\u00ae1000 e le tasche a chiodo sono dotate di una cerniera che consente di allentare o fissare le tasche a chiodo.<\/p>\n<p>DETTAGLI: Bottoni in metallo. Portacoltelli con bottone. Abbottonatura al cavallo. Due passanti ai lati con bottone per il portamartello. Anello a D sulla cintura. FUNZIONALIT\u00c0: Si adatta ai fianchi. CARATTERISTICHE PRINCIPALI: Lavoratore di magazzino. EN 14004. TESSUTO: Uomo. blu. Tasche per chiodi. Artigianale. TASCHE: Tasca sulla gamba con zip. Tasca posteriore con soffietto. Tasche per ginocchiere. Zip per tasche portachiodi fisse o libere. Tasche anteriori con cerniera. Tasca rinforzata per righello con portacoltelli e portapenne. ISTRUZIONI DI LAVAGGIO: Stiratura - bassa. RINFORZO: tasche porta chiodi, tasche posteriori, tasca porta righello, tasche sulle gambe e ginocchia rinforzate in CORDURA\u00ae 1000. CERTIFICAZIONE: EN 14404:2004+A1:2010 insieme alle ginocchiere 4027 e 4057.<\/p>\n<p>55% cotone, 15% poliammide, 30% poliestere, denim, rivestito, CORDURA\u00ae denim, stretch, 340 g\/m\u00b2<\/p>","protected":false},"excerpt":{"rendered":"<p>Robuste Handwerker Arbeitshose mit tiefem Schritt und eng geschnittenem Bein. Die Bundhose aus Cordura\u00ae Stretch Denim wurde hergestellt und entwickelt, um bequem auf der H\u00fcfte zu sitzen. F\u00fcr eine optimale Bewegungsfreiheit und Top-Komfort hat die Bundhose Stretch-Eins\u00e4tze im Schritt und an den Waden. Die Knie und die funktionellen Taschen sind aus Cordura\u00ae1000 Verst\u00e4rkungen und die [&hellip;]<\/p>\n","protected":false},"featured_media":583639,"template":"","meta":[],"product_brand":[],"product_cat":[4185],"product_tag":[],"class_list":{"0":"post-583581","1":"product","2":"type-product","3":"status-publish","4":"has-post-thumbnail","6":"product_cat-hosen","7":"pa_brand-blaklaeder","8":"pa_brand-type-workwear","9":"pa_filter-color-blau","10":"pa_filter-color-schwarz","12":"first","13":"instock","14":"sale","15":"taxable","16":"shipping-taxable","17":"purchasable","18":"product-type-variable","19":"add-to-wishlist-before_image"},"exclude_global_add_ons":[],"addons":[],"acf":[],"_links":{"self":[{"href":"https:\/\/shop.kustom.ch\/it\/wp-json\/wp\/v2\/product\/583581"}],"collection":[{"href":"https:\/\/shop.kustom.ch\/it\/wp-json\/wp\/v2\/product"}],"about":[{"href":"https:\/\/shop.kustom.ch\/it\/wp-json\/wp\/v2\/types\/product"}],"wp:featuredmedia":[{"embeddable":true,"href":"https:\/\/shop.kustom.ch\/it\/wp-json\/wp\/v2\/media\/583639"}],"wp:attachment":[{"href":"https:\/\/shop.kustom.ch\/it\/wp-json\/wp\/v2\/media?parent=583581"}],"wp:term":[{"taxonomy":"product_brand","embeddable":true,"href":"https:\/\/shop.kustom.ch\/it\/wp-json\/wp\/v2\/product_brand?post=583581"},{"taxonomy":"product_cat","embeddable":true,"href":"https:\/\/shop.kustom.ch\/it\/wp-json\/wp\/v2\/product_cat?post=583581"},{"taxonomy":"product_tag","embeddable":true,"href":"https:\/\/shop.kustom.ch\/it\/wp-json\/wp\/v2\/product_tag?post=583581"}],"curies":[{"name":"wp","href":"https:\/\/api.w.org\/{rel}","templated":true}]}}