{"id":583281,"date":"2025-03-04T09:50:22","date_gmt":"2025-03-04T08:50:22","guid":{"rendered":"https:\/\/shop.kustom.ch\/?post_type=product&#038;p=583281"},"modified":"2026-03-31T08:38:05","modified_gmt":"2026-03-31T07:38:05","slug":"high-vis-arbeitshose-4-wege-stretch","status":"publish","type":"product","link":"https:\/\/shop.kustom.ch\/it\/prodotto\/high-vis-arbeitshose-4-wege-stretch\/","title":{"rendered":"Pantaloni da lavoro High Vis elasticizzati in 4 direzioni"},"content":{"rendered":"<p>Pantaloni High Vis per il massimo comfort e libert\u00e0 di movimento, estremamente morbidi e flessibili con vestibilit\u00e0 slim. Questi pantaloni sono progettati per resistere ai lavori pi\u00f9 duri senza compromettere il comfort e la vestibilit\u00e0. Il materiale \u00e8 un tessuto liscio ed elasticizzato in 4 direzioni, resistente ed estensibile in tutte le direzioni. I pantaloni presentano dettagli avanzati e pratiche tasche con rinforzo in CORDURA\u00ae, una tasca con cerniera sulla coscia, una tasca per il righello, tasche anteriori, tasche posteriori con pattina e portautensili funzionali, ad esempio passanti per tenere i martelli. La tasca per le ginocchiere \u00e8 rinforzata con materiale elastico CORDURA\u00ae all'esterno e tessuto elasticizzato all'interno per una maggiore libert\u00e0 di movimento. Il morbido tessuto a rete elasticizzato sul retro del ginocchio garantisce una buona ventilazione. Il rinforzo in CORDURA\u00ae sull'orlo della gamba offre una protezione efficace contro l'usura. Certificato secondo lo standard EN ISO 20471, abbigliamento protettivo High Vis di Classe 1.<\/p>\n<p>CHIUSURA: estremit\u00e0 delle gambe con rinforzo in CORDURA\u00ae. DETTAGLI: Anello a D. Bottoni in metallo. Portacoltelli con bottone. Doppia cucitura sul cavallo. Zip in plastica sul cavallo. Ampi passanti per cintura sul retro e sui lati. Anello a D sulla cintura. FUNZIONALIT\u00c0: Inserto in rete sul retro del ginocchio. PROPRIET\u00c0 PRINCIPALI: Lavoratori stradali ed edili. EN ISO 20471. REFLEX: Materiale riflettente intorno alle gambe. TESSUTO: Uomo. blu. Tasche per ginocchiere. Stretch. TASCHE: Tasca sulla gamba con zip. Tasche posteriori a soffietto, rinforzate. Una con patta. Tasche per ginocchiere. Tasche per le unghie - extra larghe con portautensili e scomparti per utensili supplementari e tasche extra con cerniera. Tasche laterali. Tasca rinforzata per regolo pieghevole con portacoltelli e tasca portapenne. ISTRUZIONI DI LAVAGGIO: Numero di lavaggi: 20, non stirare. RINFORZO: tasche per chiodi, tasche posteriori e tasca per righello rinforzate in CORDURA\u00ae. CERTIFICAZIONE: EN 14404:2004+A1:2010 insieme alle ginocchiere 4027, 4057, 4058 e 4032. gruppo di certificazione W<\/p>\n<p>Poliestere 94%, elastan 6%, elasticizzato in 4 direzioni, 320 g\/m\u00b2.<\/p>","protected":false},"excerpt":{"rendered":"<p>High Vis Hose f\u00fcr maximalen Komfort und Bewegungsfreiheit, extrem weich und flexibel bei schlanker Passform. Diese Hose ist so entwickelt, dass sie auch harten Arbeiten standh\u00e4lt, ohne Kompromisse bei Komfort und Passform einzugehen. Das Material ist ein glatter 4-Wege-Stretch Stoff, der stark und in alle Richtungen dehnbar ist. Die Hose verf\u00fcgt \u00fcber fortschrittliche Details und [&hellip;]<\/p>\n","protected":false},"featured_media":583333,"template":"","meta":[],"product_brand":[],"product_cat":[4185],"product_tag":[],"class_list":{"0":"post-583281","1":"product","2":"type-product","3":"status-publish","4":"has-post-thumbnail","6":"product_cat-hosen","7":"pa_brand-blaklaeder","8":"pa_brand-type-workwear","9":"pa_filter-color-blau","10":"pa_filter-color-gelb","11":"pa_filter-color-orange","12":"pa_filter-color-schwarz","14":"first","15":"instock","16":"sale","17":"taxable","18":"shipping-taxable","19":"purchasable","20":"product-type-variable","21":"add-to-wishlist-before_image"},"exclude_global_add_ons":[],"addons":[],"acf":[],"_links":{"self":[{"href":"https:\/\/shop.kustom.ch\/it\/wp-json\/wp\/v2\/product\/583281"}],"collection":[{"href":"https:\/\/shop.kustom.ch\/it\/wp-json\/wp\/v2\/product"}],"about":[{"href":"https:\/\/shop.kustom.ch\/it\/wp-json\/wp\/v2\/types\/product"}],"wp:featuredmedia":[{"embeddable":true,"href":"https:\/\/shop.kustom.ch\/it\/wp-json\/wp\/v2\/media\/583333"}],"wp:attachment":[{"href":"https:\/\/shop.kustom.ch\/it\/wp-json\/wp\/v2\/media?parent=583281"}],"wp:term":[{"taxonomy":"product_brand","embeddable":true,"href":"https:\/\/shop.kustom.ch\/it\/wp-json\/wp\/v2\/product_brand?post=583281"},{"taxonomy":"product_cat","embeddable":true,"href":"https:\/\/shop.kustom.ch\/it\/wp-json\/wp\/v2\/product_cat?post=583281"},{"taxonomy":"product_tag","embeddable":true,"href":"https:\/\/shop.kustom.ch\/it\/wp-json\/wp\/v2\/product_tag?post=583281"}],"curies":[{"name":"wp","href":"https:\/\/api.w.org\/{rel}","templated":true}]}}