{"id":583242,"date":"2025-03-04T09:50:12","date_gmt":"2025-03-04T08:50:12","guid":{"rendered":"https:\/\/shop.kustom.ch\/?post_type=product&#038;p=583242"},"modified":"2026-03-31T08:38:00","modified_gmt":"2026-03-31T07:38:00","slug":"handwerker-shorts-stretch-x1900","status":"publish","type":"product","link":"https:\/\/shop.kustom.ch\/it\/prodotto\/handwerker-shorts-stretch-x1900\/","title":{"rendered":"Pantaloncini Craftsman elasticizzati X1900"},"content":{"rendered":"<p>Pantaloncini artigianali funzionali in Cordura\u00ae denim stretch con inserti elasticizzati nel cavallo per una libert\u00e0 di movimento e un comfort ottimali.<\/p>\n<p>DETTAGLI: Bottoni in metallo. Portacoltelli con bottone. Cucitura interna della gamba con tripla impuntura. Abbottonatura al cavallo. Ampi passanti per cintura sul retro e sui lati. Anello a D sulla cintura. FUNZIONALIT\u00c0: Inserti elasticizzati. PROPRIET\u00c0 PRINCIPALI: Artigianale. Uomo. TESSUTO: Uomo. nero. Stretch. Stretch. TASCHE: Tasca sulla gamba con zip. Tasca posteriore con soffietto. Zip per tasche a chiodo fisse o libere. Tasche laterali. Tasca rinforzata per righello con portacoltelli e portapenne. ISTRUZIONI DI LAVAGGIO: Stiratura - bassa. RINFORZO: tasche per chiodi, tasche posteriori e tasca per righello rinforzate in CORDURA\u00ae.<\/p>\n<p>55% cotone, 15% poliammide, 30% poliestere, denim, rivestito, CORDURA\u00ae denim, stretch, 340 g\/m\u00b2<\/p>","protected":false},"excerpt":{"rendered":"<p>Funktionelle Handwerker Shorts in Cordura\u00ae Denim Stretch mit Stretch Eins\u00e4tzen im Schritt f\u00fcr optimale Bewegungsfreiheit und Komfort. DETAILS: Metallkn\u00f6pfe. Messerhalter mit Knopf. Innenbeinnaht mit 3-fach-Naht. Knopfleiste im Schritt. Breite G\u00fcrtelschlaufen hinten und an den Seiten. D-Ring am Bund. FUNKTIONALIT\u00c4T: Stretch-Eins\u00e4tze. HAUPTEIGENSCHAFTEN: Handwerker. Herren. STOFF: Herren. schwarz. Stretch. Stretch. TASCHEN: Beintasche mit Reissverschluss. Ges\u00e4sstasche mit Balg. [&hellip;]<\/p>\n","protected":false},"featured_media":583286,"template":"","meta":[],"product_brand":[],"product_cat":[4198],"product_tag":[],"class_list":{"0":"post-583242","1":"product","2":"type-product","3":"status-publish","4":"has-post-thumbnail","6":"product_cat-shorts","7":"pa_brand-blaklaeder","8":"pa_brand-type-workwear","9":"pa_filter-color-schwarz","11":"first","12":"instock","13":"sale","14":"taxable","15":"shipping-taxable","16":"purchasable","17":"product-type-variable","18":"add-to-wishlist-before_image"},"exclude_global_add_ons":[],"addons":[],"acf":[],"_links":{"self":[{"href":"https:\/\/shop.kustom.ch\/it\/wp-json\/wp\/v2\/product\/583242"}],"collection":[{"href":"https:\/\/shop.kustom.ch\/it\/wp-json\/wp\/v2\/product"}],"about":[{"href":"https:\/\/shop.kustom.ch\/it\/wp-json\/wp\/v2\/types\/product"}],"wp:featuredmedia":[{"embeddable":true,"href":"https:\/\/shop.kustom.ch\/it\/wp-json\/wp\/v2\/media\/583286"}],"wp:attachment":[{"href":"https:\/\/shop.kustom.ch\/it\/wp-json\/wp\/v2\/media?parent=583242"}],"wp:term":[{"taxonomy":"product_brand","embeddable":true,"href":"https:\/\/shop.kustom.ch\/it\/wp-json\/wp\/v2\/product_brand?post=583242"},{"taxonomy":"product_cat","embeddable":true,"href":"https:\/\/shop.kustom.ch\/it\/wp-json\/wp\/v2\/product_cat?post=583242"},{"taxonomy":"product_tag","embeddable":true,"href":"https:\/\/shop.kustom.ch\/it\/wp-json\/wp\/v2\/product_tag?post=583242"}],"curies":[{"name":"wp","href":"https:\/\/api.w.org\/{rel}","templated":true}]}}