{"id":583217,"date":"2025-03-04T09:49:41","date_gmt":"2025-03-04T08:49:41","guid":{"rendered":"https:\/\/shop.kustom.ch\/?post_type=product&#038;p=583217"},"modified":"2026-03-31T08:37:59","modified_gmt":"2026-03-31T07:37:59","slug":"piratenhose-stretch-x1900","status":"publish","type":"product","link":"https:\/\/shop.kustom.ch\/it\/prodotto\/piratenhose-stretch-x1900\/","title":{"rendered":"Pantaloni da pirata elasticizzati X1900"},"content":{"rendered":"<p>Robusti pantaloni da pirata in Cordura\u00ae denim stretch con inserti elasticizzati nel cavallo per una libert\u00e0 di movimento ottimale. Tasche per ginocchiere con riempimento superiore in CORDURA\u00ae stretch per un comfort perfetto anche in ginocchio.<\/p>\n<p>DETTAGLI: Bottoni in metallo. Portacoltelli con bottone. Cuciture rinforzate al cavallo. Abbottonatura sul cavallo. Due passanti con chiusura a velcro sui lati per il portamartello. Anello a D in vita. FUNZIONALIT\u00c0: Inserti elasticizzati al cavallo, al polpaccio e tasca per ginocchiere. PROPRIET\u00c0 PRINCIPALI: Artigiano. Uomo. EN 14004. TESSUTO: Uomo. blu. Tasche per ginocchiere. Artigianale. TASCHE: Tasca sulla gamba con cerniera. Tasca posteriore con soffietto. Tasche per ginocchiere - parte superiore con copertura e chiusura a velcro. Materiale elasticizzato all'esterno e all'interno per una migliore vestibilit\u00e0 ergonomica. Zip per tasche portachiodi fisse o libere. Tasche laterali. Tasca rinforzata per il righello con portacoltelli e portapenne. ISTRUZIONI DI LAVAGGIO: Non lavare a secco. RINFORZO: tasche per chiodi, tasche posteriori e tasca per righello rinforzate in Cordura\u00ae 1000. CERTIFICAZIONE: EN 14404:2004+A1:2010 insieme alle ginocchiere 4027, 4057, 4058 e 4032.<\/p>\n<p>55% cotone, 15% poliammide, 30% poliestere, denim, rivestito, CORDURA\u00ae denim, stretch, 340 g\/m\u00b2<\/p>","protected":false},"excerpt":{"rendered":"<p>Robuste Piratenhose in Cordura\u00ae Denim Stretch mit Stretch Eins\u00e4tzen im Schritt f\u00fcr optimale Bewegungsfreiheit. Von oben zu f\u00fcllende Kniepolstertaschen aus CORDURA\u00ae-Stretch f\u00fcr perfekten Tragekomfort auch in kniender Position. DETAILS: Metallkn\u00f6pfe. Messerhalter mit Knopf. Verst\u00e4rkte N\u00e4hte am Schritt. Knopfleiste im Schritt. Zwei Schlaufen mit Klettverschluss an den Seiten f\u00fcr Hammerhalter. D-Ring am Bund. FUNKTIONALIT\u00c4T: Stretch-Eins\u00e4tze im [&hellip;]<\/p>\n","protected":false},"featured_media":583225,"template":"","meta":[],"product_brand":[],"product_cat":[4198],"product_tag":[],"class_list":{"0":"post-583217","1":"product","2":"type-product","3":"status-publish","4":"has-post-thumbnail","6":"product_cat-shorts","7":"pa_brand-blaklaeder","8":"pa_brand-type-workwear","9":"pa_filter-color-blau","10":"pa_filter-color-schwarz","12":"first","13":"instock","14":"sale","15":"taxable","16":"shipping-taxable","17":"purchasable","18":"product-type-variable","19":"add-to-wishlist-before_image"},"exclude_global_add_ons":[],"addons":[],"acf":[],"_links":{"self":[{"href":"https:\/\/shop.kustom.ch\/it\/wp-json\/wp\/v2\/product\/583217"}],"collection":[{"href":"https:\/\/shop.kustom.ch\/it\/wp-json\/wp\/v2\/product"}],"about":[{"href":"https:\/\/shop.kustom.ch\/it\/wp-json\/wp\/v2\/types\/product"}],"wp:featuredmedia":[{"embeddable":true,"href":"https:\/\/shop.kustom.ch\/it\/wp-json\/wp\/v2\/media\/583225"}],"wp:attachment":[{"href":"https:\/\/shop.kustom.ch\/it\/wp-json\/wp\/v2\/media?parent=583217"}],"wp:term":[{"taxonomy":"product_brand","embeddable":true,"href":"https:\/\/shop.kustom.ch\/it\/wp-json\/wp\/v2\/product_brand?post=583217"},{"taxonomy":"product_cat","embeddable":true,"href":"https:\/\/shop.kustom.ch\/it\/wp-json\/wp\/v2\/product_cat?post=583217"},{"taxonomy":"product_tag","embeddable":true,"href":"https:\/\/shop.kustom.ch\/it\/wp-json\/wp\/v2\/product_tag?post=583217"}],"curies":[{"name":"wp","href":"https:\/\/api.w.org\/{rel}","templated":true}]}}