{"id":583155,"date":"2025-03-04T09:48:55","date_gmt":"2025-03-04T08:48:55","guid":{"rendered":"https:\/\/shop.kustom.ch\/?post_type=product&#038;p=583155"},"modified":"2026-03-31T08:37:55","modified_gmt":"2026-03-31T07:37:55","slug":"handwerker-arbeitshose-stretch-x1900","status":"publish","type":"product","link":"https:\/\/shop.kustom.ch\/it\/prodotto\/handwerker-arbeitshose-stretch-x1900\/","title":{"rendered":"Pantaloni da lavoro Craftsman stretch X1900"},"content":{"rendered":"<p>Robusti pantaloni da lavoro in Cordura\u00ae denim stretch con inserti elasticizzati al cavallo e ai polpacci per una libert\u00e0 di movimento ottimale. Questo modello ha gambe affusolate e tasche per ginocchiere con riempimento superiore in CORDURA\u00ae stretch per un comfort perfetto anche quando si \u00e8 in ginocchio.<\/p>\n<p>DETTAGLI: Bottoni in metallo. Portacoltelli con bottone. Cucitura interna della gamba con tripla impuntura. Abbottonatura al cavallo. Due passanti per cintura ai lati con un bottone per il passante per il martello, un passante per cintura con anello a D sul davanti. Ampio passante per cintura sul retro. Anello a D sulla cintura. FUNZIONALIT\u00c0: elasticizzato a 2 vie. CARATTERISTICHE PRINCIPALI: Artigianale. EN 14004. TESSUTO: Uomo. nero. Stretch. Stretch. TASCHE: Tasca sulla gamba con zip. Tasca posteriore con soffietto. Tasche per ginocchiere - parte superiore con copertura e chiusura a velcro. Materiale elasticizzato all'esterno e all'interno per una migliore vestibilit\u00e0 ergonomica. Tasche per le unghie - extra larghe, con passanti per attrezzi e scomparti supplementari per attrezzi. Tasche laterali. Tasca rinforzata per il metro pieghevole con portacoltelli e portapenne. ISTRUZIONI DI LAVAGGIO: Stiratura bassa. RINFORZO: tasche per ginocchiere in Cordura\u00ae elasticizzata. CERTIFICAZIONE: EN 14404:2004+A1:2010 insieme alle ginocchiere 4027, 4057, 4058 e 4032.<\/p>\n<p>55% cotone, 15% poliammide, 30% poliestere, denim, rivestito, CORDURA\u00ae denim, stretch, 340 g\/m\u00b2<\/p>","protected":false},"excerpt":{"rendered":"<p>Robuste Handwerker Arbeitshose in Cordura\u00ae Denim Stretch mit Stretch Eins\u00e4tzen im Schritt und an den Waden f\u00fcr optimale Bewegungsfreiheit. Dieses Modell hat konisch geschnittene Beine und von oben zu f\u00fcllende Kniepolstertaschen aus CORDURA\u00ae- Stretch f\u00fcr perfekten Tragekomfort auch in kniender Position. DETAILS: Metallkn\u00f6pfe. Messerhalter mit Knopf. Innenbeinnaht mit 3-fach-Naht. Knopfleiste im Schritt. Zwei G\u00fcrtelschlaufen an [&hellip;]<\/p>\n","protected":false},"featured_media":583182,"template":"","meta":[],"product_brand":[],"product_cat":[4185],"product_tag":[],"class_list":{"0":"post-583155","1":"product","2":"type-product","3":"status-publish","4":"has-post-thumbnail","6":"product_cat-hosen","7":"pa_brand-blaklaeder","8":"pa_brand-type-workwear","9":"pa_filter-color-blau","10":"pa_filter-color-schwarz","12":"first","13":"instock","14":"sale","15":"taxable","16":"shipping-taxable","17":"purchasable","18":"product-type-variable","19":"add-to-wishlist-before_image"},"exclude_global_add_ons":[],"addons":[],"acf":[],"_links":{"self":[{"href":"https:\/\/shop.kustom.ch\/it\/wp-json\/wp\/v2\/product\/583155"}],"collection":[{"href":"https:\/\/shop.kustom.ch\/it\/wp-json\/wp\/v2\/product"}],"about":[{"href":"https:\/\/shop.kustom.ch\/it\/wp-json\/wp\/v2\/types\/product"}],"wp:featuredmedia":[{"embeddable":true,"href":"https:\/\/shop.kustom.ch\/it\/wp-json\/wp\/v2\/media\/583182"}],"wp:attachment":[{"href":"https:\/\/shop.kustom.ch\/it\/wp-json\/wp\/v2\/media?parent=583155"}],"wp:term":[{"taxonomy":"product_brand","embeddable":true,"href":"https:\/\/shop.kustom.ch\/it\/wp-json\/wp\/v2\/product_brand?post=583155"},{"taxonomy":"product_cat","embeddable":true,"href":"https:\/\/shop.kustom.ch\/it\/wp-json\/wp\/v2\/product_cat?post=583155"},{"taxonomy":"product_tag","embeddable":true,"href":"https:\/\/shop.kustom.ch\/it\/wp-json\/wp\/v2\/product_tag?post=583155"}],"curies":[{"name":"wp","href":"https:\/\/api.w.org\/{rel}","templated":true}]}}