{"id":583098,"date":"2025-03-04T09:48:11","date_gmt":"2025-03-04T08:48:11","guid":{"rendered":"https:\/\/shop.kustom.ch\/?post_type=product&#038;p=583098"},"modified":"2026-03-31T08:37:43","modified_gmt":"2026-03-31T07:37:43","slug":"handwerker-shorts-4-wege-stretch-x1900","status":"publish","type":"product","link":"https:\/\/shop.kustom.ch\/it\/prodotto\/handwerker-shorts-4-wege-stretch-x1900\/","title":{"rendered":"Pantaloncini artigianali 4-way stretch X1900"},"content":{"rendered":"<p>Pantaloncini artigianali con un fantastico stretch a 4 vie, basati sui pantaloni con cintura in vita di Bl\u00e5kl\u00e4der del 1998. I pantaloncini del 1988 sono dotati di tasche per le unghie in aggiunta a tutte le caratteristiche esistenti. <\/p>\n<p>DETTAGLI: Anello a D. Bottoni in metallo. Portacoltelli con bottone. Cucitura interna della gamba con tripla impuntura. Zip in plastica sul cavallo. Ampi passanti per cintura sul retro e sui lati. Anello a D sulla cintura. FUNZIONALIT\u00c0: stretch a 4 vie. PROPRIET\u00c0 PRINCIPALI: Giardiniere. Uomo. REFLEX: Dettaglio riflettente sulla tasca della gamba. TESSUTO: Uomo. nero. Stretch. Stretch. TASCHE: Tasca sulla gamba con zip. Tasche posteriori con soffietto. Tasche per le unghie - extra larghe con portautensili e scomparti per utensili aggiuntivi e tasche extra con zip. Tasche laterali. Tasca rinforzata per regolo pieghevole con portacoltelli e tasca portapenne. ISTRUZIONI DI LAVAGGIO: Non centrifugare. RINFORZO: Tasca rinforzata per il righello, tasche per i chiodi e tasche posteriori.<\/p>\n<p>Poliammide 93%, elastan 7%, ratiera, elasticizzato in 4 direzioni, 295 g\/m\u00b2.<\/p>","protected":false},"excerpt":{"rendered":"<p>Eine Handwerker Shorts mit fantastischem 4-Wege-Stretch basierend auf Bl\u00e5kl\u00e4ders Bundhose 1998. Die Shorts-Variante 1988 verf\u00fcgt neben allen bereits vorhandenen Eigenschaften \u00fcber Nageltaschen. DETAILS: D-Ring. Metallkn\u00f6pfe. Messerhalter mit Knopf. Innenbeinnaht mit 3-fach-Naht. Kunststoff-Reissverschluss im Schritt. Breite G\u00fcrtelschlaufen hinten und an den Seiten. D-Ring am Bund. FUNKTIONALIT\u00c4T: 4-Wege-Stretch. HAUPTEIGENSCHAFTEN: Gartenarbeiter. Herren. REFLEX: Reflexdetail an der Beintasche. STOFF: [&hellip;]<\/p>\n","protected":false},"featured_media":583140,"template":"","meta":[],"product_brand":[],"product_cat":[4198],"product_tag":[],"class_list":{"0":"post-583098","1":"product","2":"type-product","3":"status-publish","4":"has-post-thumbnail","6":"product_cat-shorts","7":"pa_brand-blaklaeder","8":"pa_brand-type-workwear","9":"pa_filter-color-blau","10":"pa_filter-color-grau","11":"pa_filter-color-schwarz","13":"first","14":"instock","15":"sale","16":"taxable","17":"shipping-taxable","18":"purchasable","19":"product-type-variable","20":"add-to-wishlist-before_image"},"exclude_global_add_ons":[],"addons":[],"acf":[],"_links":{"self":[{"href":"https:\/\/shop.kustom.ch\/it\/wp-json\/wp\/v2\/product\/583098"}],"collection":[{"href":"https:\/\/shop.kustom.ch\/it\/wp-json\/wp\/v2\/product"}],"about":[{"href":"https:\/\/shop.kustom.ch\/it\/wp-json\/wp\/v2\/types\/product"}],"wp:featuredmedia":[{"embeddable":true,"href":"https:\/\/shop.kustom.ch\/it\/wp-json\/wp\/v2\/media\/583140"}],"wp:attachment":[{"href":"https:\/\/shop.kustom.ch\/it\/wp-json\/wp\/v2\/media?parent=583098"}],"wp:term":[{"taxonomy":"product_brand","embeddable":true,"href":"https:\/\/shop.kustom.ch\/it\/wp-json\/wp\/v2\/product_brand?post=583098"},{"taxonomy":"product_cat","embeddable":true,"href":"https:\/\/shop.kustom.ch\/it\/wp-json\/wp\/v2\/product_cat?post=583098"},{"taxonomy":"product_tag","embeddable":true,"href":"https:\/\/shop.kustom.ch\/it\/wp-json\/wp\/v2\/product_tag?post=583098"}],"curies":[{"name":"wp","href":"https:\/\/api.w.org\/{rel}","templated":true}]}}