{"id":583075,"date":"2025-03-04T09:47:33","date_gmt":"2025-03-04T08:47:33","guid":{"rendered":"https:\/\/shop.kustom.ch\/?post_type=product&#038;p=583075"},"modified":"2026-03-31T08:37:42","modified_gmt":"2026-03-31T07:37:42","slug":"handwerker-shorts-4-wege-stretch-ohne-nageltaschen-x1900","status":"publish","type":"product","link":"https:\/\/shop.kustom.ch\/it\/prodotto\/handwerker-shorts-4-wege-stretch-ohne-nageltaschen-x1900\/","title":{"rendered":"Pantaloncini artigianali elasticizzati a 4 vie senza tasche per chiodi X1900"},"content":{"rendered":"<p>Un pantaloncino da artigiano con un fantastico stretch a 4 vie basato sul pantaloncino da artigiano 1998 di Bl\u00e5kl\u00e4der. La variante 1987 del pantaloncino non ha tasche per le unghie rispetto al suo gemello 1988, ma offre tutti gli elevati standard di comfort e funzionalit\u00e0.<\/p>\n<p>DETTAGLI: Bottoni in metallo. Portacoltelli con bottone. Cucitura interna della gamba con tripla impuntura. Zip in plastica sul cavallo. Ampi passanti per cintura sul retro e sui lati. Anello a D sulla cintura. FUNZIONALIT\u00c0: stretch a 4 vie. PROPRIET\u00c0 PRINCIPALI: Giardiniere. Uomo. REFLEX: Dettaglio riflettente sulla tasca della gamba. TESSUTO: Uomo. blu. Stretch. Stretch. TASCHE: Tasca sulla gamba con zip. Tasche posteriori con soffietto. Tasche dei pantaloni con zip. Tasca rinforzata per righello con portacoltelli e portapenne. ISTRUZIONI DI LAVAGGIO: 40\u00b0 C. RINFORZO: Tasca porta righello e tasche posteriori rinforzate.<\/p>\n<p>Poliammide 93%, elastan 7%, ratiera, elasticizzato in 4 direzioni, 295 g\/m\u00b2.<\/p>","protected":false},"excerpt":{"rendered":"<p>Eine Handwerker Shorts mit fantastischem 4-Wege-Stretch basierend auf Bl\u00e5kl\u00e4ders Handwerkerhose 1998. Die Shorts Variante 1987 hat keine Nageltaschen im Vergleich zu ihrem Zwilling 1988, aber bietet alle hohen Standards von Komfort und Funktionalit\u00e4t. DETAILS: Metallkn\u00f6pfe. Messerhalter mit Knopf. Innenbeinnaht mit 3-fach-Naht. Kunststoff-Reissverschluss im Schritt. Breite G\u00fcrtelschlaufen hinten und an den Seiten. D-Ring am Bund. FUNKTIONALIT\u00c4T: [&hellip;]<\/p>\n","protected":false},"featured_media":583091,"template":"","meta":[],"product_brand":[],"product_cat":[4198],"product_tag":[],"class_list":{"0":"post-583075","1":"product","2":"type-product","3":"status-publish","4":"has-post-thumbnail","6":"product_cat-shorts","7":"pa_brand-blaklaeder","8":"pa_brand-type-workwear","9":"pa_filter-color-blau","10":"pa_filter-color-grau","11":"pa_filter-color-schwarz","13":"first","14":"instock","15":"sale","16":"taxable","17":"shipping-taxable","18":"purchasable","19":"product-type-variable","20":"add-to-wishlist-before_image"},"exclude_global_add_ons":[],"addons":[],"acf":[],"_links":{"self":[{"href":"https:\/\/shop.kustom.ch\/it\/wp-json\/wp\/v2\/product\/583075"}],"collection":[{"href":"https:\/\/shop.kustom.ch\/it\/wp-json\/wp\/v2\/product"}],"about":[{"href":"https:\/\/shop.kustom.ch\/it\/wp-json\/wp\/v2\/types\/product"}],"wp:featuredmedia":[{"embeddable":true,"href":"https:\/\/shop.kustom.ch\/it\/wp-json\/wp\/v2\/media\/583091"}],"wp:attachment":[{"href":"https:\/\/shop.kustom.ch\/it\/wp-json\/wp\/v2\/media?parent=583075"}],"wp:term":[{"taxonomy":"product_brand","embeddable":true,"href":"https:\/\/shop.kustom.ch\/it\/wp-json\/wp\/v2\/product_brand?post=583075"},{"taxonomy":"product_cat","embeddable":true,"href":"https:\/\/shop.kustom.ch\/it\/wp-json\/wp\/v2\/product_cat?post=583075"},{"taxonomy":"product_tag","embeddable":true,"href":"https:\/\/shop.kustom.ch\/it\/wp-json\/wp\/v2\/product_tag?post=583075"}],"curies":[{"name":"wp","href":"https:\/\/api.w.org\/{rel}","templated":true}]}}