{"id":583028,"date":"2025-03-04T09:46:24","date_gmt":"2025-03-04T08:46:24","guid":{"rendered":"https:\/\/shop.kustom.ch\/?post_type=product&#038;p=583028"},"modified":"2026-03-31T08:37:06","modified_gmt":"2026-03-31T07:37:06","slug":"handwerker-arbeitshose-nyco","status":"publish","type":"product","link":"https:\/\/shop.kustom.ch\/it\/prodotto\/handwerker-arbeitshose-nyco\/","title":{"rendered":"Pantaloni da lavoro artigianali NYCO"},"content":{"rendered":"<p>\u00c8 facile essere ingannati dall'impressione di leggerezza del nostro nuovo sfidante del 1961. Grazie al comfort e alla vestibilit\u00e0 unici, i pantaloni si sentono come dei bei pantaloni di cotone, ma il materiale CORDURA\u00ae NYCO \u00e8 \"forte come l'acciaio\" e non si consuma quasi mai. Il modello ha una vita bassa con ginocchia preformate, che assicurano una buona vestibilit\u00e0. Diverse caratteristiche intelligenti, come le ampie tasche per le unghie che possono essere ripiegate per un maggiore comfort quando ci si piega.<\/p>\n<p>CHIUSURA: polsini regolabili con coulisse e rinforzo in CORDURA\u00ae. DETTAGLI: Tasca per carte d'identit\u00e0 incassata. Bottoni in metallo. Cuciture rinforzate sul cavallo. Zip in plastica sul cavallo. Ampi passanti per cintura. FUNZIONALIT\u00c0: Gambe dei pantaloni particolarmente ergonomiche. PROPRIET\u00c0 PRINCIPALI: Tettoie. EN 14004. TESSUTO: Uomo. grigio. Tasche a chiodo. Artigianale. TASCHE: Tasca sulla gamba con portamatite, tasca supplementare e tasca per cellulare. Tasca per cellulare. Tasche per ginocchiere. Tasche per chiodi - extra larghe, con passanti per attrezzi e scomparti supplementari per attrezzi. Tasche anteriori oblique. Tasca extra larga per regolo pieghevole rinforzata in CORDURA\u00ae con tasca per penna e portacoltelli. ISTRUZIONI DI LAVAGGIO: Non candeggiare. RINFORZO: tasche per ginocchiere rinforzate in Cordura\u00ae elasticizzato. CERTIFICAZIONE: EN 14404:2004+A1:2010 insieme alle ginocchiere 4027, 4057, 4058 e 4032.<\/p>\n<p>75% cotone, 25% poliammide, CORDURA\u00ae Nyco, 250g\/m\u00b2<\/p>","protected":false},"excerpt":{"rendered":"<p>Vom leichten Eindruck unseres neuen Herausforderers 1961 kann man sich leicht t\u00e4uschen lassen. Bei dem einmaligen Komfort und der Passform f\u00fchlen sich die Hosen wie sch\u00f6ne Baumwollhosen an, doch ist das Material CORDURA\u00ae NYCO &#8217;stark wie Stahl&#8216; und kann so gut wie nie verschlissen werden. Das Modell hat ein niedrigere Taille mit vorgeformten Knien, was [&hellip;]<\/p>\n","protected":false},"featured_media":583088,"template":"","meta":[],"product_brand":[],"product_cat":[4185],"product_tag":[],"class_list":{"0":"post-583028","1":"product","2":"type-product","3":"status-publish","4":"has-post-thumbnail","6":"product_cat-hosen","7":"pa_brand-blaklaeder","8":"pa_brand-type-workwear","9":"pa_filter-color-grau","10":"pa_filter-color-schwarz","12":"first","13":"instock","14":"sale","15":"taxable","16":"shipping-taxable","17":"purchasable","18":"product-type-variable","19":"add-to-wishlist-before_image"},"exclude_global_add_ons":[],"addons":[],"acf":[],"_links":{"self":[{"href":"https:\/\/shop.kustom.ch\/it\/wp-json\/wp\/v2\/product\/583028"}],"collection":[{"href":"https:\/\/shop.kustom.ch\/it\/wp-json\/wp\/v2\/product"}],"about":[{"href":"https:\/\/shop.kustom.ch\/it\/wp-json\/wp\/v2\/types\/product"}],"wp:featuredmedia":[{"embeddable":true,"href":"https:\/\/shop.kustom.ch\/it\/wp-json\/wp\/v2\/media\/583088"}],"wp:attachment":[{"href":"https:\/\/shop.kustom.ch\/it\/wp-json\/wp\/v2\/media?parent=583028"}],"wp:term":[{"taxonomy":"product_brand","embeddable":true,"href":"https:\/\/shop.kustom.ch\/it\/wp-json\/wp\/v2\/product_brand?post=583028"},{"taxonomy":"product_cat","embeddable":true,"href":"https:\/\/shop.kustom.ch\/it\/wp-json\/wp\/v2\/product_cat?post=583028"},{"taxonomy":"product_tag","embeddable":true,"href":"https:\/\/shop.kustom.ch\/it\/wp-json\/wp\/v2\/product_tag?post=583028"}],"curies":[{"name":"wp","href":"https:\/\/api.w.org\/{rel}","templated":true}]}}