{"id":582972,"date":"2025-03-04T09:45:38","date_gmt":"2025-03-04T08:45:38","guid":{"rendered":"https:\/\/shop.kustom.ch\/?post_type=product&#038;p=582972"},"modified":"2026-03-31T08:37:02","modified_gmt":"2026-03-31T07:37:02","slug":"handwerker-arbeitshose","status":"publish","type":"product","link":"https:\/\/shop.kustom.ch\/it\/prodotto\/handwerker-arbeitshose\/","title":{"rendered":"Pantaloni da lavoro artigianali"},"content":{"rendered":"<p>CHIUSURA: polsini regolabili con coulisse e rinforzo in CORDURA\u00ae. DETTAGLI: Tasca per carte d'identit\u00e0 staccabile. Cuciture rinforzate sul cavallo. Abbottonatura sul cavallo. Due passanti con chiusura a velcro sui lati per il portamartello. FUNZIONALIT\u00c0: elasticizzato a 2 vie. Gambe dei pantaloni particolarmente ergonomiche. Gambe dei pantaloni particolarmente ergonomiche. PROPRIET\u00c0 PRINCIPALI: Lavoratori stradali ed edili. EN 14004. TESSUTO: Uomo. nero. Tasche a chiodo. Uomo. Artigianale. Artigianale. TASCHE: Tasca sulla gamba con zip. Tasche posteriori a soffietto. Tasche per ginocchiere. Tasche per le unghie - extra larghe, con passanti per attrezzi e scomparti supplementari per attrezzi. Tasche laterali, di cui una aggiuntiva con cerniera. Tasca extra larga per regolo pieghevole rinforzata in CORDURA\u00ae con tasca per penna e portacoltelli. LAVAGGIO: asciugatrice - bassa. RINFORZO: tasche per ginocchia in Cordura\u00ae elasticizzata. CERTIFICAZIONE: EN 14404:2004+A1:2010 insieme alle ginocchiere 4027, 4057, 4058 e 4032. ACCESSORI: Articolo 4020<\/p>\n<p>88% cotone, 12% poliammide, denim, rivestito, CORDURA\u00ae denim, 375g\/m\u00b2<\/p>","protected":false},"excerpt":{"rendered":"<p>ABSCHLUSS: Verstellbare Beinabschl\u00fcsse mit Kordelzug und CORDURA\u00ae-Verst\u00e4rkung. DETAILS: Abnehmbare Ausweistasche. Verst\u00e4rkte N\u00e4hte am Schritt. Knopfleiste im Schritt. Zwei Schlaufen mit Klettverschluss an den Seiten f\u00fcr Hammerhalter. FUNKTIONALIT\u00c4T: 2-Wege-Stretch. Besonders ergonomisch geformte Hosenbeine. Besonders ergonomisch geformte Hosenbeine. HAUPTEIGENSCHAFTEN: Strassen- und Bauarbeiter. EN 14004. STOFF: Herren. schwarz. Nageltaschen. Herren. Handwerk. Handwerk. TASCHEN: Beintasche mit Reissverschluss. Ges\u00e4sstaschen mit [&hellip;]<\/p>\n","protected":false},"featured_media":583034,"template":"","meta":[],"product_brand":[],"product_cat":[4185],"product_tag":[],"class_list":{"0":"post-582972","1":"product","2":"type-product","3":"status-publish","4":"has-post-thumbnail","6":"product_cat-hosen","7":"pa_brand-blaklaeder","8":"pa_brand-type-workwear","9":"pa_filter-color-blau","10":"pa_filter-color-schwarz","12":"first","13":"instock","14":"sale","15":"taxable","16":"shipping-taxable","17":"purchasable","18":"product-type-variable","19":"add-to-wishlist-before_image"},"exclude_global_add_ons":[],"addons":[],"acf":[],"_links":{"self":[{"href":"https:\/\/shop.kustom.ch\/it\/wp-json\/wp\/v2\/product\/582972"}],"collection":[{"href":"https:\/\/shop.kustom.ch\/it\/wp-json\/wp\/v2\/product"}],"about":[{"href":"https:\/\/shop.kustom.ch\/it\/wp-json\/wp\/v2\/types\/product"}],"wp:featuredmedia":[{"embeddable":true,"href":"https:\/\/shop.kustom.ch\/it\/wp-json\/wp\/v2\/media\/583034"}],"wp:attachment":[{"href":"https:\/\/shop.kustom.ch\/it\/wp-json\/wp\/v2\/media?parent=582972"}],"wp:term":[{"taxonomy":"product_brand","embeddable":true,"href":"https:\/\/shop.kustom.ch\/it\/wp-json\/wp\/v2\/product_brand?post=582972"},{"taxonomy":"product_cat","embeddable":true,"href":"https:\/\/shop.kustom.ch\/it\/wp-json\/wp\/v2\/product_cat?post=582972"},{"taxonomy":"product_tag","embeddable":true,"href":"https:\/\/shop.kustom.ch\/it\/wp-json\/wp\/v2\/product_tag?post=582972"}],"curies":[{"name":"wp","href":"https:\/\/api.w.org\/{rel}","templated":true}]}}