{"id":582946,"date":"2025-03-04T09:45:00","date_gmt":"2025-03-04T08:45:00","guid":{"rendered":"https:\/\/shop.kustom.ch\/?post_type=product&#038;p=582946"},"modified":"2026-03-31T08:37:01","modified_gmt":"2026-03-31T07:37:01","slug":"high-vis-kilt","status":"publish","type":"product","link":"https:\/\/shop.kustom.ch\/it\/prodotto\/high-vis-kilt\/","title":{"rendered":"Kilt ad alta visibilit\u00e0"},"content":{"rendered":"<p>Il kilt \u00e8 un simbolo leggendario della Scozia. Bl\u00e5kl\u00e4der ha preso il kilt e ha sviluppato un tipo diverso di indumento funzionale per coloro che vogliono farsi notare e godere del comfort e della ventilazione di un kilt. Questo kilt high vis \u00e8 dotato di tasche a fondina e tasche posteriori rinforzate in CORDURA\u00ae. Il kilt, eccezionalmente confortevole, \u00e8 realizzato in tessuto ripstop altamente resistente. Il materiale ad alta visibilit\u00e0 e le strisce riflettenti segmentate migliorano la visibilit\u00e0. Fodera interna con stampa mimetica e passanti per la cintura. Certificato secondo lo standard EN ISO 20471, classe 2.<\/p>\n<p>DETTAGLI: Anello a D. Passante per martello su entrambi i lati. Bottoni in metallo rivestiti in gomma. Portacoltelli con bottone. Ampio passante sul retro. Regolabile in vita. PROPRIET\u00c0 PRINCIPALI: Lavoratore stradale ed edile. Uomo. Unisex. EN ISO 20471. REFLEX: strisce riflettenti a trasferimento larghe 50 mm. TESSUTO: Uomo. nero. Tasche per chiodi. Unisex. Alta visibilit\u00e0. Protezione ad alta visibilit\u00e0. TASCHE: Tasche posteriori rinforzate con soffietti. Tasche per chiodi - extra larghe con portautensili e scomparti supplementari per utensili e tasche extra con cerniera. Tasca rinforzata per regolo pieghevole con tasca extra e tasca per penna. ISTRUZIONI DI LAVAGGIO: Numero di lavaggi: 50, non centrifugare. RINFORZO: tasche per unghie, tasche posteriori e tasca per righello rinforzate in CORDURA\u00ae. CERTIFICAZIONE: Gruppo di certificazione X<\/p>\n<p>85% poliestere, 15% cotone, ripstop, 250 g\/m\u00b2<\/p>","protected":false},"excerpt":{"rendered":"<p>Der Kilt ist ein legend\u00e4res Symbol Schottlands. Bl\u00e5kl\u00e4der hat den Kilt \u00fcbernommen und eine andere Art von Funktionsbekleidung f\u00fcr diejenigen entwickelt, die ein Zeichen setzen und den Komfort und die Bel\u00fcftung eines Kilts geniessen wollen. Dieser High Vis Kilt verf\u00fcgt \u00fcber CORDURA\u00ae-verst\u00e4rkte Holstertaschen und Ges\u00e4sstaschen. Der aussergew\u00f6hnlich bequeme Kilt ist aus hoch strapazierf\u00e4higem Ripstop-Stoff gefertigt. [&hellip;]<\/p>\n","protected":false},"featured_media":530401,"template":"","meta":[],"product_brand":[],"product_cat":[4198],"product_tag":[],"class_list":{"0":"post-582946","1":"product","2":"type-product","3":"status-publish","4":"has-post-thumbnail","6":"product_cat-shorts","7":"pa_brand-blaklaeder","8":"pa_brand-type-workwear","9":"pa_filter-color-gelb","10":"pa_filter-color-schwarz","12":"first","13":"instock","14":"sale","15":"taxable","16":"shipping-taxable","17":"purchasable","18":"product-type-variable","19":"add-to-wishlist-before_image"},"exclude_global_add_ons":[],"addons":[],"acf":[],"_links":{"self":[{"href":"https:\/\/shop.kustom.ch\/it\/wp-json\/wp\/v2\/product\/582946"}],"collection":[{"href":"https:\/\/shop.kustom.ch\/it\/wp-json\/wp\/v2\/product"}],"about":[{"href":"https:\/\/shop.kustom.ch\/it\/wp-json\/wp\/v2\/types\/product"}],"wp:featuredmedia":[{"embeddable":true,"href":"https:\/\/shop.kustom.ch\/it\/wp-json\/wp\/v2\/media\/530401"}],"wp:attachment":[{"href":"https:\/\/shop.kustom.ch\/it\/wp-json\/wp\/v2\/media?parent=582946"}],"wp:term":[{"taxonomy":"product_brand","embeddable":true,"href":"https:\/\/shop.kustom.ch\/it\/wp-json\/wp\/v2\/product_brand?post=582946"},{"taxonomy":"product_cat","embeddable":true,"href":"https:\/\/shop.kustom.ch\/it\/wp-json\/wp\/v2\/product_cat?post=582946"},{"taxonomy":"product_tag","embeddable":true,"href":"https:\/\/shop.kustom.ch\/it\/wp-json\/wp\/v2\/product_tag?post=582946"}],"curies":[{"name":"wp","href":"https:\/\/api.w.org\/{rel}","templated":true}]}}