{"id":582901,"date":"2025-03-04T09:44:16","date_gmt":"2025-03-04T08:44:16","guid":{"rendered":"https:\/\/shop.kustom.ch\/?post_type=product&#038;p=582901"},"modified":"2026-03-31T08:36:53","modified_gmt":"2026-03-31T07:36:53","slug":"malerhose-mit-stretch-einsaetzen","status":"publish","type":"product","link":"https:\/\/shop.kustom.ch\/it\/prodotto\/malerhose-mit-stretch-einsaetzen\/","title":{"rendered":"Pantaloni da imbianchino con inserti elasticizzati"},"content":{"rendered":"<p>Pantaloni da pittore moderni e confortevoli con tasche per attrezzi, tasche esterne per le ginocchia e inserti elasticizzati nella zona del cavallo, del ginocchio, della seduta e del polpaccio per una maggiore flessibilit\u00e0 e comfort. Grazie all'elevato contenuto di cotone, il tessuto ha eccellenti propriet\u00e0 di assorbimento. I pantaloni sono dotati di numerose tasche funzionali e di una tasca rinforzata appositamente progettata per gli strumenti di verniciatura. Questa tasca e le tasche per le unghie sono rinforzate con tessuto CORDURA\u00ae e le ginocchia sono rinforzate con CORDURA\u00ae stretch per migliorare il comfort.<\/p>\n<p>DETTAGLI: Zip in plastica sul cavallo. Anello a D sulla cintura. FUNZIONALIT\u00c0: Inserto elasticizzato su cavallo, ginocchia, fianchi e polpaccio. Gambe dei pantaloni particolarmente ergonomiche. Gambe dei pantaloni particolarmente ergonomiche. CARATTERISTICHE PRINCIPALI: Vernice. EN 14004. TESSUTO: Uomo. bianco. Tasche per ginocchiere. Uomo. Stretch. Verniciatore. TASCHE: Tasche sulle gambe con soffietto, zip, tasca per penna e coltello. Tasche posteriori. Tasca interna per cellulare. Tasche per ginocchiere. Tasche per chiodi - con portautensili adatti agli strumenti di verniciatura. Tasche laterali. ISTRUZIONI DI LAVAGGIO: Non centrifugare. RINFORZO: Rinforzo in CORDURA\u00ae su tasca porta chiodi, tasca porta righello e ginocchia. CERTIFICAZIONE: EN 14404:2004+A1:2010 insieme alle ginocchiere 4027, 4057, 4058 e 4032.<\/p>\n<p>100% Cotone, twill, 240 g\/m\u00b2<\/p>","protected":false},"excerpt":{"rendered":"<p>Moderne und komfortable Malerhose mit Werkzeugtaschen, aussenliegenden Knietaschen und Stretch-Eins\u00e4tzen im Schritt, am Knie, Ges\u00e4ss und im Wadenbereich f\u00fcr h\u00f6here Flexibilit\u00e4t und Komfort. Dank des hohen Baumwollanteils hat der Stoff exzellente Absorbierungseigenschaften. Die Hose besitzt viele funktionelle Taschen und eine speziell entworfene, verst\u00e4rkte Tasche f\u00fcr Malerwerkzeug. Diese Tasche und die Nageltaschen sind mit CORDURA\u00ae Stoff [&hellip;]<\/p>\n","protected":false},"featured_media":582959,"template":"","meta":[],"product_brand":[],"product_cat":[4185],"product_tag":[],"class_list":{"0":"post-582901","1":"product","2":"type-product","3":"status-publish","4":"has-post-thumbnail","6":"product_cat-hosen","7":"pa_brand-blaklaeder","8":"pa_brand-type-workwear","9":"pa_filter-color-schwarz","10":"pa_filter-color-weiss","12":"first","13":"instock","14":"sale","15":"taxable","16":"shipping-taxable","17":"purchasable","18":"product-type-variable","19":"add-to-wishlist-before_image"},"exclude_global_add_ons":[],"addons":[],"acf":[],"_links":{"self":[{"href":"https:\/\/shop.kustom.ch\/it\/wp-json\/wp\/v2\/product\/582901"}],"collection":[{"href":"https:\/\/shop.kustom.ch\/it\/wp-json\/wp\/v2\/product"}],"about":[{"href":"https:\/\/shop.kustom.ch\/it\/wp-json\/wp\/v2\/types\/product"}],"wp:featuredmedia":[{"embeddable":true,"href":"https:\/\/shop.kustom.ch\/it\/wp-json\/wp\/v2\/media\/582959"}],"wp:attachment":[{"href":"https:\/\/shop.kustom.ch\/it\/wp-json\/wp\/v2\/media?parent=582901"}],"wp:term":[{"taxonomy":"product_brand","embeddable":true,"href":"https:\/\/shop.kustom.ch\/it\/wp-json\/wp\/v2\/product_brand?post=582901"},{"taxonomy":"product_cat","embeddable":true,"href":"https:\/\/shop.kustom.ch\/it\/wp-json\/wp\/v2\/product_cat?post=582901"},{"taxonomy":"product_tag","embeddable":true,"href":"https:\/\/shop.kustom.ch\/it\/wp-json\/wp\/v2\/product_tag?post=582901"}],"curies":[{"name":"wp","href":"https:\/\/api.w.org\/{rel}","templated":true}]}}