{"id":582853,"date":"2025-03-04T09:43:05","date_gmt":"2025-03-04T08:43:05","guid":{"rendered":"https:\/\/shop.kustom.ch\/?post_type=product&#038;p=582853"},"modified":"2026-03-31T08:36:44","modified_gmt":"2026-03-31T07:36:44","slug":"unterhose-warm-2","status":"publish","type":"product","link":"https:\/\/shop.kustom.ch\/it\/prodotto\/unterhose-warm-2\/","title":{"rendered":"Pantaloni caldi"},"content":{"rendered":"<p>Questo indumento a doppia funzione combina le propriet\u00e0 di traspirazione dell'intimo sintetico con le propriet\u00e0 di isolamento termico della lana merino. Questo caldo indumento intimo \u00e8 composto da due strati che garantiscono l'allontanamento dell'umidit\u00e0 dal corpo verso lo strato esterno, dove viene assorbita dalla lana merino a fibre fini, perfetta per l'uso nelle giornate pi\u00f9 fredde, da -5\u00b0C a -30\u00b0C.<\/p>\n<p>CHIUSURA: Polsini all'estremit\u00e0 delle gambe. DETTAGLI: Etichetta esterna. Vita elasticizzata. FUNZIONALIT\u00c0: Temperatura consigliata da -5\u00b0C a -30\u00b0C. PROPRIET\u00c0 PRINCIPALI: Artigiano. Gent. Uomo. TESSUTO: Uomo. nero. Lana Merino. Uomo. Vento\/umido\/freddo. Interno a costine. Interno a costine. Vento \/ umido \/ freddo. ISTRUZIONI DI LAVAGGIO: Utilizzare un detersivo per lana. Non centrifugare<\/p>\n<p>50 % lana merino, 50 % polipropilene, maglia a coste, regolazione dell'umidit\u00e0, 235 g\/m\u00b2<\/p>","protected":false},"excerpt":{"rendered":"<p>Diese Doppelfunktionskleidung verbindet die feuchtigkeitsableitenden Eigenschaften von Synthetik-Unterw\u00e4sche mit dem W\u00e4rmeisolationsverm\u00f6gen der Merinowolle. Das warme Unterzieh-Unterteil besteht aus zwei Schichten, die f\u00fcr den Abtransport der Feuchtigkeit weg vom K\u00f6rper in die Aussenschicht sorgen, wo sie von der feinfaserigen Merinowolle absorbiert wird.Perfekt f\u00fcr den Einsatz an k\u00e4lteren Tagen, -5\u00b0C bis -30\u00b0C. ABSCHLUSS: Manschetten an den Beinabschl\u00fcssen. [&hellip;]<\/p>\n","protected":false},"featured_media":582899,"template":"","meta":[],"product_brand":[],"product_cat":[4206],"product_tag":[],"class_list":{"0":"post-582853","1":"product","2":"type-product","3":"status-publish","4":"has-post-thumbnail","6":"product_cat-underwear","7":"pa_brand-blaklaeder","8":"pa_brand-type-workwear","9":"pa_filter-color-schwarz","11":"first","12":"instock","13":"sale","14":"taxable","15":"shipping-taxable","16":"purchasable","17":"product-type-variable","18":"add-to-wishlist-before_image"},"exclude_global_add_ons":[],"addons":[],"acf":[],"_links":{"self":[{"href":"https:\/\/shop.kustom.ch\/it\/wp-json\/wp\/v2\/product\/582853"}],"collection":[{"href":"https:\/\/shop.kustom.ch\/it\/wp-json\/wp\/v2\/product"}],"about":[{"href":"https:\/\/shop.kustom.ch\/it\/wp-json\/wp\/v2\/types\/product"}],"wp:featuredmedia":[{"embeddable":true,"href":"https:\/\/shop.kustom.ch\/it\/wp-json\/wp\/v2\/media\/582899"}],"wp:attachment":[{"href":"https:\/\/shop.kustom.ch\/it\/wp-json\/wp\/v2\/media?parent=582853"}],"wp:term":[{"taxonomy":"product_brand","embeddable":true,"href":"https:\/\/shop.kustom.ch\/it\/wp-json\/wp\/v2\/product_brand?post=582853"},{"taxonomy":"product_cat","embeddable":true,"href":"https:\/\/shop.kustom.ch\/it\/wp-json\/wp\/v2\/product_cat?post=582853"},{"taxonomy":"product_tag","embeddable":true,"href":"https:\/\/shop.kustom.ch\/it\/wp-json\/wp\/v2\/product_tag?post=582853"}],"curies":[{"name":"wp","href":"https:\/\/api.w.org\/{rel}","templated":true}]}}