{"id":582832,"date":"2025-03-04T09:43:00","date_gmt":"2025-03-04T08:43:00","guid":{"rendered":"https:\/\/shop.kustom.ch\/?post_type=product&#038;p=582832"},"modified":"2026-03-31T08:36:42","modified_gmt":"2026-03-31T07:36:42","slug":"flammschutz-unterhose-78-merinowolle","status":"publish","type":"product","link":"https:\/\/shop.kustom.ch\/it\/prodotto\/flammschutz-unterhose-78-merinowolle\/","title":{"rendered":"Pantaloni antifiamma, lana merino 78%"},"content":{"rendered":"<p>Pantaloni antifiamma in lana merino di alta qualit\u00e0. La migliore qualit\u00e0 in termini di materiali e lavorazione garantisce tutti i requisiti di una buona biancheria intima. Oltre alla vestibilit\u00e0 ergonomica e alle propriet\u00e0 protettive, questa biancheria intima ha la capacit\u00e0 unica di trattenere il calore sia in ambienti umidi che asciutti. \u00c8 ideale per ambienti interni ed esterni. Lavabile con un ciclo delicato a 60\u00baC. Certificato secondo le norme EN 1149-5, EN ISO 11612 A1, B1, C1 e IEC 61482-2, classe 1. EBT 7,3 cal\/cm\u00b2, HAF: 78,6%.<\/p>\n<p>CHIUSURA: Polsini all'estremit\u00e0 delle gambe. DETTAGLI: Etichette di certificazione esterne. Cuciture a contrasto. Vita elasticizzata. PROPRIET\u00c0 PRINCIPALI: Artigianale. Uomo. Uomo. IEC 61482-2. TESSUTO: nero. Lana. Protezione dalle fiamme. Ritardante di fiamma \/ Multinorm. ISTRUZIONI DI LAVAGGIO: asciugatrice - bassa. CERTIFICAZIONE: EN 1149-5. ISO 11612 A1, B1, C1. IEC 61482-2, classe 1. IEC 61482-2, APC 1<\/p>\n<p>78% lana, 20% modacrilico, 2% antistatico, interlock merino, ritardante di fiamma, antistatico, 225 g\/m\u00b2<\/p>","protected":false},"excerpt":{"rendered":"<p>Flammschutz Unterhose aus hoch qualitativer Merinowolle. Die beste Qualit\u00e4t in Bezug auf Material undVerarbeitung garantiert alle Anforderungen von guter Unterw\u00e4sche. Neben einer ergonomischen Passform und denSchutzeigenschaften hat diese Unterw\u00e4sche die einzigartige F\u00e4higkeit die W\u00e4rmezu halten, sowohl in nasser als auch in trockener Umgebung. Sie ist ideal geeignet f\u00fcr Umgebungen drinnen unddraussen. Zu waschen im Schonwaschgang [&hellip;]<\/p>\n","protected":false},"featured_media":582875,"template":"","meta":[],"product_brand":[],"product_cat":[4206],"product_tag":[],"class_list":{"0":"post-582832","1":"product","2":"type-product","3":"status-publish","4":"has-post-thumbnail","6":"product_cat-underwear","7":"pa_brand-blaklaeder","8":"pa_brand-type-workwear","9":"pa_filter-color-schwarz","11":"first","12":"instock","13":"sale","14":"taxable","15":"shipping-taxable","16":"purchasable","17":"product-type-variable","18":"add-to-wishlist-before_image"},"exclude_global_add_ons":[],"addons":[],"acf":[],"_links":{"self":[{"href":"https:\/\/shop.kustom.ch\/it\/wp-json\/wp\/v2\/product\/582832"}],"collection":[{"href":"https:\/\/shop.kustom.ch\/it\/wp-json\/wp\/v2\/product"}],"about":[{"href":"https:\/\/shop.kustom.ch\/it\/wp-json\/wp\/v2\/types\/product"}],"wp:featuredmedia":[{"embeddable":true,"href":"https:\/\/shop.kustom.ch\/it\/wp-json\/wp\/v2\/media\/582875"}],"wp:attachment":[{"href":"https:\/\/shop.kustom.ch\/it\/wp-json\/wp\/v2\/media?parent=582832"}],"wp:term":[{"taxonomy":"product_brand","embeddable":true,"href":"https:\/\/shop.kustom.ch\/it\/wp-json\/wp\/v2\/product_brand?post=582832"},{"taxonomy":"product_cat","embeddable":true,"href":"https:\/\/shop.kustom.ch\/it\/wp-json\/wp\/v2\/product_cat?post=582832"},{"taxonomy":"product_tag","embeddable":true,"href":"https:\/\/shop.kustom.ch\/it\/wp-json\/wp\/v2\/product_tag?post=582832"}],"curies":[{"name":"wp","href":"https:\/\/api.w.org\/{rel}","templated":true}]}}