{"id":582831,"date":"2025-03-04T09:43:00","date_gmt":"2025-03-04T08:43:00","guid":{"rendered":"https:\/\/shop.kustom.ch\/?post_type=product&#038;p=582831"},"modified":"2025-06-25T09:54:31","modified_gmt":"2025-06-25T08:54:31","slug":"boxershorts-2er-pack","status":"publish","type":"product","link":"https:\/\/shop.kustom.ch\/it\/prodotto\/boxershorts-2er-pack\/","title":{"rendered":"Boxer 2 pezzi"},"content":{"rendered":"<p>Boxer in poliestere ed elastan con stampa camo in confezione da 2 pezzi. I boxer sono dotati di una sezione in rete nel cavallo per migliorare il comfort e la ventilazione.<\/p>\n<p>DETTAGLI: Vita elasticizzata con logo Bl\u00e5kl\u00e4der. FUNZIONALIT\u00c0: Inserti in rete nelle principali zone di sudorazione. PROPRIET\u00c0 PRINCIPALI: Lavoratori stradali ed edili. Uomo. Uomo. TESSUTO: Giallo alta visibilit\u00e0. Accessori. ISTRUZIONI DI LAVAGGIO: Non centrifugare. CONFEZIONE: Confezione da 2 pezzi, uno con fantasia e uno a tinta unita.<\/p>\n<p>85% poliestere, 15% elastan, single jersey, 180g \/m\u00b2<\/p>","protected":false},"excerpt":{"rendered":"<p>Boxershorts aus Polyester und Elastan mit Camoprint im 2er-Pack. Die Boxershorts haben einen Netzabschnitt im Schritt f\u00fcr besseren Komfort und Bel\u00fcftung. DETAILS: Gummizug an der Taille mit Bl\u00e5kl\u00e4der Logo. FUNKTIONALIT\u00c4T: Mesh-Eins\u00e4tze an den wichtigsten Schweisszonen. HAUPTEIGENSCHAFTEN: Strassen- und Bauarbeiter. Herren. Herren. STOFF: High-Vis Gelb. Zubeh\u00f6r. WASCHANLEITUNG: Nicht schleudern. VERPACKUNG: 2er-Pack, eins mit Muster und eins [&hellip;]<\/p>\n","protected":false},"featured_media":582874,"template":"","meta":[],"product_brand":[],"product_cat":[4206],"product_tag":[],"class_list":{"0":"post-582831","1":"product","2":"type-product","3":"status-publish","4":"has-post-thumbnail","6":"product_cat-underwear","7":"pa_brand-blaklaeder","8":"pa_brand-type-workwear","9":"pa_filter-color-gelb","10":"pa_filter-color-grau","11":"pa_filter-color-schwarz","13":"first","14":"instock","15":"sale","16":"taxable","17":"shipping-taxable","18":"purchasable","19":"product-type-variable","20":"add-to-wishlist-before_image"},"exclude_global_add_ons":[],"addons":[],"acf":[],"_links":{"self":[{"href":"https:\/\/shop.kustom.ch\/it\/wp-json\/wp\/v2\/product\/582831"}],"collection":[{"href":"https:\/\/shop.kustom.ch\/it\/wp-json\/wp\/v2\/product"}],"about":[{"href":"https:\/\/shop.kustom.ch\/it\/wp-json\/wp\/v2\/types\/product"}],"wp:featuredmedia":[{"embeddable":true,"href":"https:\/\/shop.kustom.ch\/it\/wp-json\/wp\/v2\/media\/582874"}],"wp:attachment":[{"href":"https:\/\/shop.kustom.ch\/it\/wp-json\/wp\/v2\/media?parent=582831"}],"wp:term":[{"taxonomy":"product_brand","embeddable":true,"href":"https:\/\/shop.kustom.ch\/it\/wp-json\/wp\/v2\/product_brand?post=582831"},{"taxonomy":"product_cat","embeddable":true,"href":"https:\/\/shop.kustom.ch\/it\/wp-json\/wp\/v2\/product_cat?post=582831"},{"taxonomy":"product_tag","embeddable":true,"href":"https:\/\/shop.kustom.ch\/it\/wp-json\/wp\/v2\/product_tag?post=582831"}],"curies":[{"name":"wp","href":"https:\/\/api.w.org\/{rel}","templated":true}]}}