{"id":582661,"date":"2025-03-04T09:40:45","date_gmt":"2025-03-04T08:40:45","guid":{"rendered":"https:\/\/shop.kustom.ch\/?post_type=product&#038;p=582661"},"modified":"2026-03-31T08:36:41","modified_gmt":"2026-03-31T07:36:41","slug":"high-vis-winter-latzhose","status":"publish","type":"product","link":"https:\/\/shop.kustom.ch\/it\/prodotto\/high-vis-winter-latzhose\/","title":{"rendered":"Salopette invernale High Vis"},"content":{"rendered":"<p>Pantaloni invernali foderati con cuciture nastrate in materiale resistente e durevole. I pantaloni sono disponibili in due materiali diversi: il nylon 1900 beaver, molto resistente e idrorepellente, e il materiale 1977, traspirante e con membrana antivento. Nel complesso, si tratta di pantaloni invernali altamente funzionali. Strisce riflettenti larghe 65 mm Certificate secondo la norma EN471 classe 2, EN342 protezione contro il freddo.<\/p>\n<p>CHIUSURA: estremit\u00e0 delle gambe con cerniera. DETTAGLI: Tasca per carte d'identit\u00e0 incassata. Passante per martello sul lato. Bretelle staccabili con coulisse elastica. Bottoni a pressione in metallo. Passanti, uno con anello a D. Gonna da neve con chiusura a velcro e bottone. Vita alta sul retro. FUNZIONALIT\u00c0: materiale antivento e impermeabile con traspirabilit\u00e0, cuciture nastrate. CARATTERISTICHE PRINCIPALI: Artigianale. EN ISO 20471. REFLEX: strisce riflettenti larghe 65 mm. TESSUTO: Uomo. Giallo alta visibilit\u00e0. impermeabile. Alta visibilit\u00e0. TASCHE: Tasca sulla gamba con soffietto. Tasca posteriore con soffietto e patta con chiusura a velcro. Tasche per ginocchiere. Tasche per chiodi in CORDURA\u00ae vendute separatamente (2183). Tasche laterali con fodera in pile. Tasca per regolo pieghevole con portacoltelli e portapenne. ISTRUZIONI DI LAVAGGIO: Numero di lavaggi: 20, non candeggiare. RINFORZO: CORDURA\u00ae rinforzato sulle ginocchia. CERTIFICAZIONE: EN 14404:2004+A1:2010 insieme alle ginocchiere 4027, 4057, 4058 e 4032. EN 342 insieme alle ginocchiere 4426, 4827, 4851, 4819 e 4870. EN 343, classe 3.1. EN ISO 20471, classe 2. ACCESSORI: Articolo 2183<\/p>\n<p>70% poliestere, 30% cotone, twill, tessuto esterno idrorepellente, 230g\/m\u00b2.<\/p>","protected":false},"excerpt":{"rendered":"<p>Gef\u00fctterte Winterhose mit verschweissten N\u00e4hten aus langlebigem, festen Material. Die Hose ist in zwei verschiedenen Materialien erh\u00e4ltlich, n\u00e4mlich in 1900 Bibernylon, das sehr langlebig und wasserabweisend ist und in 1977-Material, das atmungsaktiv ist und eine winddichte Membrane hat. Insgesamt eine hochfunktionelle Winterhose. 65 mm breite Reflexstreifen Zertifiziert nach EN471 Klasse 2, EN342 Schutz gegen K\u00e4lte. [&hellip;]<\/p>\n","protected":false},"featured_media":582698,"template":"","meta":[],"product_brand":[],"product_cat":[4185],"product_tag":[],"class_list":{"0":"post-582661","1":"product","2":"type-product","3":"status-publish","4":"has-post-thumbnail","6":"product_cat-hosen","7":"pa_brand-blaklaeder","8":"pa_brand-type-workwear","9":"pa_filter-color-blau","10":"pa_filter-color-gelb","11":"pa_filter-color-grau","12":"pa_filter-color-orange","13":"pa_filter-color-rot","14":"pa_filter-color-schwarz","16":"first","17":"instock","18":"sale","19":"taxable","20":"shipping-taxable","21":"purchasable","22":"product-type-variable","23":"add-to-wishlist-before_image"},"exclude_global_add_ons":[],"addons":[],"acf":[],"_links":{"self":[{"href":"https:\/\/shop.kustom.ch\/it\/wp-json\/wp\/v2\/product\/582661"}],"collection":[{"href":"https:\/\/shop.kustom.ch\/it\/wp-json\/wp\/v2\/product"}],"about":[{"href":"https:\/\/shop.kustom.ch\/it\/wp-json\/wp\/v2\/types\/product"}],"wp:featuredmedia":[{"embeddable":true,"href":"https:\/\/shop.kustom.ch\/it\/wp-json\/wp\/v2\/media\/582698"}],"wp:attachment":[{"href":"https:\/\/shop.kustom.ch\/it\/wp-json\/wp\/v2\/media?parent=582661"}],"wp:term":[{"taxonomy":"product_brand","embeddable":true,"href":"https:\/\/shop.kustom.ch\/it\/wp-json\/wp\/v2\/product_brand?post=582661"},{"taxonomy":"product_cat","embeddable":true,"href":"https:\/\/shop.kustom.ch\/it\/wp-json\/wp\/v2\/product_cat?post=582661"},{"taxonomy":"product_tag","embeddable":true,"href":"https:\/\/shop.kustom.ch\/it\/wp-json\/wp\/v2\/product_tag?post=582661"}],"curies":[{"name":"wp","href":"https:\/\/api.w.org\/{rel}","templated":true}]}}