{"id":582625,"date":"2025-03-04T09:40:37","date_gmt":"2025-03-04T08:40:37","guid":{"rendered":"https:\/\/shop.kustom.ch\/?post_type=product&#038;p=582625"},"modified":"2026-03-31T08:36:30","modified_gmt":"2026-03-31T07:36:30","slug":"multinorm-arbeitshose-shell","status":"publish","type":"product","link":"https:\/\/shop.kustom.ch\/it\/prodotto\/multinorm-arbeitshose-shell\/","title":{"rendered":"Guscio dei pantaloni da lavoro Multinorm"},"content":{"rendered":"<p>Pantaloni a conchiglia di alta qualit\u00e0, privi di metalli, realizzati in materiale High Vis, intrinsecamente ignifugo. I pantaloni, che possono essere utilizzati come indumento a strati, sono resistenti al vento e all'acqua e sono dotati di cuciture nastrate per poter essere indossati in tutti gli ambienti esposti alle intemperie. Le bretelle sono staccabili e possono essere regolate a seconda delle esigenze. Il materiale dei pantaloni a conchiglia \u00e8 sottile, molto flessibile e privo di poliestere. I pantaloni hanno la schiena allungata, una tasca per il righello, tasche per le gambe e tasche per le ginocchiere con rinforzo in CORDURA\u00ae\/Kevlar\u00ae\/Protal\u00ae. Certificati secondo le norme EN 1149-5, EN 14404, EN 13034, EN ISO 20471, EN 343, EN ISO 11611, EN ISO 11612, IEC 61482-2.<\/p>\n<p>CHIUSURA: Polsini delle gambe regolabili con paraneve staccabile. DETTAGLI: Tasca portadocumenti staccabile per indumenti ignifughi. Etichette di certificazione esterne. Bretelle regolabili e staccabili con coulisse elastica. Bottoni in plastica. Cuciture nastrate. Zip in plastica sul cavallo. Passanti. Vita alta sul retro. FUNZIONALIT\u00c0: Repellente all'olio, allo sporco e all'acqua. PROPRIET\u00c0 PRINCIPALI: Lavoratori stradali ed edili. EN ISO 11611. RIFLESSIONE: strisce riflettenti a trasferimento ignifugo interrotto. TESSUTO: Uomo. Giallo alta visibilit\u00e0. Senza metallo. Ritardante di fiamma. TASCHE: Tasca sulla gamba con soffietto e patta. Tasche esterne per ginocchiere. Tasche anteriori con patta e bottone a pressione. Tasca per regolo pieghevole con tasca per coltello e penna. ISTRUZIONI DI LAVAGGIO: Non centrifugare. RINFORZO: rinforzato sull'orlo. CERTIFICAZIONE: EN 1149-5. EN 13034 PB (6). EN 14404:2004+A1:2010 insieme alle ginocchiere 4027, 4057, 4058 e 4032. EN 343, classe 4.3. ATPV - 21 cal\/cm\u00b2. EN ISO 11611 classe 2, A1+A2. EN ISO 11612 A1, A2, B1, C1, D1, E3, F1. EN ISO 20471, classe 2<\/p>\n<p>59% viscosa, 40% modacrilico, 1% antistatico, spalmato, impermeabile 16.000mm, antivento, traspirante Ret 12.6, 250 g\/m\u00b2<\/p>","protected":false},"excerpt":{"rendered":"<p>Eine hochwertige und metallfreie Shell Hose aus High Vis, die inh\u00e4rent flammhemmend ist. Die \u00f6l-, schmutz- und wasserabweisende Hose, welche als Kleidungsst\u00fcck im Lagen-Prinzip genutzt werden kann, ist sowohl wind- als auch wasserfest und verf\u00fcgt \u00fcber verschweisste N\u00e4hte, so dass man mit ihr problemlos in allen wetterexponierten Umgebungen arbeiten kann. Die Hosentr\u00e4ger sind abnehmbar und [&hellip;]<\/p>\n","protected":false},"featured_media":582665,"template":"","meta":[],"product_brand":[],"product_cat":[4185],"product_tag":[],"class_list":{"0":"post-582625","1":"product","2":"type-product","3":"status-publish","4":"has-post-thumbnail","6":"product_cat-hosen","7":"pa_brand-blaklaeder","8":"pa_brand-type-workwear","9":"pa_filter-color-blau","10":"pa_filter-color-gelb","12":"first","13":"instock","14":"sale","15":"taxable","16":"shipping-taxable","17":"purchasable","18":"product-type-variable","19":"add-to-wishlist-before_image"},"exclude_global_add_ons":[],"addons":[],"acf":[],"_links":{"self":[{"href":"https:\/\/shop.kustom.ch\/it\/wp-json\/wp\/v2\/product\/582625"}],"collection":[{"href":"https:\/\/shop.kustom.ch\/it\/wp-json\/wp\/v2\/product"}],"about":[{"href":"https:\/\/shop.kustom.ch\/it\/wp-json\/wp\/v2\/types\/product"}],"wp:featuredmedia":[{"embeddable":true,"href":"https:\/\/shop.kustom.ch\/it\/wp-json\/wp\/v2\/media\/582665"}],"wp:attachment":[{"href":"https:\/\/shop.kustom.ch\/it\/wp-json\/wp\/v2\/media?parent=582625"}],"wp:term":[{"taxonomy":"product_brand","embeddable":true,"href":"https:\/\/shop.kustom.ch\/it\/wp-json\/wp\/v2\/product_brand?post=582625"},{"taxonomy":"product_cat","embeddable":true,"href":"https:\/\/shop.kustom.ch\/it\/wp-json\/wp\/v2\/product_cat?post=582625"},{"taxonomy":"product_tag","embeddable":true,"href":"https:\/\/shop.kustom.ch\/it\/wp-json\/wp\/v2\/product_tag?post=582625"}],"curies":[{"name":"wp","href":"https:\/\/api.w.org\/{rel}","templated":true}]}}