{"id":582558,"date":"2025-03-04T09:39:53","date_gmt":"2025-03-04T08:39:53","guid":{"rendered":"https:\/\/shop.kustom.ch\/?post_type=product&#038;p=582558"},"modified":"2026-03-31T08:36:28","modified_gmt":"2026-03-31T07:36:28","slug":"high-vis-shell-arbeitshose-2","status":"publish","type":"product","link":"https:\/\/shop.kustom.ch\/it\/prodotto\/high-vis-shell-arbeitshose-2\/","title":{"rendered":"Pantaloni da lavoro High Vis Shell"},"content":{"rendered":"<p>Pantaloni da lavoro high vis leggermente foderati in shell di classe 1 con cuciture nastrate per proteggere dal freddo, dal vento e dall'umidit\u00e0. Sono dotati di bretelle regolabili e staccabili, vita elasticizzata, tasche esterne per ginocchiere, passanti per martello in velcro e gonna da neve. \u00c8 possibile aggiungere le tasche portachiodi 2170 staccabili, vendute separatamente. Disponibile nelle taglie extra lunghe ST, MT, LT, XLT, XXLT, XXXLT, 4XLT (+4 cm rispetto alle taglie normali) e nelle taglie extra corte XXSS, XSS, SS, MS, LS, XLS, XXLS, XXXLS, 4XLS (-4 cm rispetto alle taglie normali).<\/p>\n<p>CHIUSURA: Vita regolabile con chiusura a velcro. Polsini regolabili con chiusura a zip e velcro. DETTAGLI: Tasca per carte d'identit\u00e0 staccabile. Bretelle staccabili con coulisse elastica. Moschettoni in metallo. Zip in plastica sul cavallo. Due passanti con chiusura a velcro sui lati per il portamartello. Gonna da neve con chiusura a velcro e bottone. Vita alta sul retro. FUNZIONALIT\u00c0: materiale antivento e impermeabile con traspirabilit\u00e0, cuciture nastrate. Gambe dei pantaloni particolarmente ergonomiche. REGOLAZIONE TAGLIA: Per ottenere diverse lunghezze dell'interno gamba, offriamo il 1877 in tre lunghezze. Taglia L: LS=corto 78 cm, L=82 cm, LT=lungo 86 cm. Per chiarimenti, consultare la tabella delle taglie. PROPRIET\u00c0 PRINCIPALI: Lavoratori stradali ed edili. EN ISO 20471. REFLEX: Materiale riflettente intorno alle gambe. SIMBOLI: Impermeabile 3. TASCHE: Tasca sulla gamba con soffietto, pattina e tasca per cellulare. Tasca posteriore con zip. Tasche per ginocchiere. Tasche per chiodi in CORDURA\u00ae vendute separatamente (art. 2170). Tasche a fessura con cerniera e fodera in pile. Tasca per regolo pieghevole con portacoltelli e portapenne. ISTRUZIONI DI LAVAGGIO: Numero di lavaggi: 25. 40\u00b0 C. RINFORZO: CORDURA\u00ae rinforzato sulle ginocchia. CERTIFICAZIONE: EN 14404:2004+A1:2010 insieme alle ginocchiere 4027, 4057, 4058 e 4032. EN 343, classe 4.4. Gruppo di certificazione W. ACCESSORI: Articolo 2170<\/p>\n<p>100% poliestere, Oxford, rivestito, impermeabile 15.000 mm, antivento, traspirante Ret 8.5, 200g\/m\u00b2<\/p>","protected":false},"excerpt":{"rendered":"<p>Eine leicht gef\u00fctterte Shell High Vis Arbeitshose der Klasse 1 mit versiegelten N\u00e4hten zum Schutz vor K\u00e4lte, Wind und N\u00e4sse. Sie besitzt verstellbare, abnehmbare Hosentr\u00e4ger, einen Gummizug in der Taille, Kniepolstertaschen aussen, Klettverschluss-Hammerschlaufen und einen Schneefang. Abnehmbare Nageltaschen 2170 k\u00f6nnen hinzugef\u00fcgt werden, separat erh\u00e4ltlich. Erh\u00e4ltlich in extra langen Gr\u00f6ssen ST, MT, LT, XLT, XXLT, XXXLT, [&hellip;]<\/p>\n","protected":false},"featured_media":582606,"template":"","meta":[],"product_brand":[],"product_cat":[4185],"product_tag":[],"class_list":{"0":"post-582558","1":"product","2":"type-product","3":"status-publish","4":"has-post-thumbnail","6":"product_cat-hosen","7":"pa_brand-blaklaeder","8":"pa_brand-type-workwear","9":"pa_filter-color-blau","10":"pa_filter-color-gelb","11":"pa_filter-color-schwarz","13":"first","14":"instock","15":"sale","16":"taxable","17":"shipping-taxable","18":"purchasable","19":"product-type-variable","20":"add-to-wishlist-before_image"},"exclude_global_add_ons":[],"addons":[],"acf":[],"_links":{"self":[{"href":"https:\/\/shop.kustom.ch\/it\/wp-json\/wp\/v2\/product\/582558"}],"collection":[{"href":"https:\/\/shop.kustom.ch\/it\/wp-json\/wp\/v2\/product"}],"about":[{"href":"https:\/\/shop.kustom.ch\/it\/wp-json\/wp\/v2\/types\/product"}],"wp:featuredmedia":[{"embeddable":true,"href":"https:\/\/shop.kustom.ch\/it\/wp-json\/wp\/v2\/media\/582606"}],"wp:attachment":[{"href":"https:\/\/shop.kustom.ch\/it\/wp-json\/wp\/v2\/media?parent=582558"}],"wp:term":[{"taxonomy":"product_brand","embeddable":true,"href":"https:\/\/shop.kustom.ch\/it\/wp-json\/wp\/v2\/product_brand?post=582558"},{"taxonomy":"product_cat","embeddable":true,"href":"https:\/\/shop.kustom.ch\/it\/wp-json\/wp\/v2\/product_cat?post=582558"},{"taxonomy":"product_tag","embeddable":true,"href":"https:\/\/shop.kustom.ch\/it\/wp-json\/wp\/v2\/product_tag?post=582558"}],"curies":[{"name":"wp","href":"https:\/\/api.w.org\/{rel}","templated":true}]}}