{"id":582455,"date":"2025-03-04T09:38:45","date_gmt":"2025-03-04T08:38:45","guid":{"rendered":"https:\/\/shop.kustom.ch\/?post_type=product&#038;p=582455"},"modified":"2026-03-31T08:36:27","modified_gmt":"2026-03-31T07:36:27","slug":"high-vis-winterhose","status":"publish","type":"product","link":"https:\/\/shop.kustom.ch\/it\/prodotto\/high-vis-winterhose\/","title":{"rendered":"Pantaloni invernali High Vis"},"content":{"rendered":"<p>Pantaloni invernali di classe 2 High Vis, foderati, antivento e impermeabili, con cuciture nastrate e realizzati in un materiale robusto e durevole. Offrono la migliore visibilit\u00e0 possibile quando ne avete pi\u00f9 bisogno e sono dotati di tasche esterne per ginocchiere. I pantaloni hanno polsini da neve apribili alle caviglie e bretelle staccabili. \u00c8 possibile applicare le tasche portachiodi staccabili 2170, vendute separatamente. Disponibile nelle taglie extra lunghe ST, MT, LT, XLT, XXLT, XXXLT, 4XLT (+4 cm rispetto alle taglie normali) e nelle taglie extra corte XXSS, XSS, SS, MS, LS, XLS, XXLS, XXXLS, 4XLS (-4 cm rispetto alle taglie normali).<\/p>\n<p>CHIUSURA: Vita regolabile con chiusura a velcro. Polsini regolabili con chiusura a zip e velcro. DETTAGLI: Tasca per carte d'identit\u00e0 staccabile. Bretelle staccabili con coulisse elastica. Moschettoni in metallo. Zip in plastica sul cavallo. Due passanti con chiusura a velcro sui lati per il portamartello. Gonna da neve con chiusura in velcro e bottone. Vita alta sul retro. FUNZIONALIT\u00c0: materiale antivento e impermeabile con traspirabilit\u00e0, cuciture nastrate. Gambe dei pantaloni particolarmente ergonomiche. REGOLAZIONE TAGLIA: Per ottenere diverse lunghezze dell'interno gamba, offriamo la 1875 in tre lunghezze. Taglia L: LS=corto 78 cm, L=82 cm, LT=lungo 86 cm. Per chiarimenti, consultare la tabella delle taglie. CARATTERISTICHE PRINCIPALI: Lavoratore da giardino. EN ISO 20471. REFLEX: strisce riflettenti a trasferimento larghe 50 mm. SIMBOLI: Cuciture nastrate. TASCHE: Tasca sulla gamba con soffietto, pattina e tasca per cellulare. Tasca posteriore con zip. Tasche per ginocchiere. Supporti prefabbricati per tasche portachiodi staccabili. Tasche a fessura con cerniera e fodera in pile. Tasca per regolo pieghevole con portacoltelli e portapenne. ISTRUZIONI DI LAVAGGIO: Numero di lavaggi: 25, non stirare. RINFORZO: rinforzo in CORDURA\u00ae alle estremit\u00e0 delle gambe. CERTIFICAZIONE: EN 14404:2004+A1:2010 insieme alle ginocchiere 4027, 4057, 4058 e 4032. Insieme agli articoli 4480, 4470, 4485, 4456, 4455, 4457 certificati secondo la norma EN 342. EN 343, classe 4.1. gruppo di certificazione Y. ACCESSORI: Articolo 2170<\/p>\n<p>100% poliestere, Oxford, rivestito, impermeabile 15.000 mm, antivento, traspirante Ret 8.5, 200g\/m\u00b2<\/p>","protected":false},"excerpt":{"rendered":"<p>Eine warm gef\u00fctterte, wind- und wasserdichte Winterhose der High Vis Klasse 2 mit versiegelten N\u00e4hten aus einem robusten, langlebigen Material. Sie bietet die bestm\u00f6gliche Sichtbarkeit, wenn Sie sie am meisten brauchen und hat aussenliegende Kniepolstertaschen. Die Hose hat zu \u00f6ffnende Schneef\u00e4nge an den Kn\u00f6cheln und abnehmbare Hosentr\u00e4ger. Sie k\u00f6nnen die abnehmbaren Nageltaschen 2170 anbringen, die [&hellip;]<\/p>\n","protected":false},"featured_media":582482,"template":"","meta":[],"product_brand":[],"product_cat":[4185],"product_tag":[],"class_list":{"0":"post-582455","1":"product","2":"type-product","3":"status-publish","4":"has-post-thumbnail","6":"product_cat-hosen","7":"pa_brand-blaklaeder","8":"pa_brand-type-workwear","9":"pa_filter-color-blau","10":"pa_filter-color-gelb","11":"pa_filter-color-orange","12":"pa_filter-color-rot","13":"pa_filter-color-schwarz","15":"first","16":"instock","17":"sale","18":"taxable","19":"shipping-taxable","20":"purchasable","21":"product-type-variable","22":"add-to-wishlist-before_image"},"exclude_global_add_ons":[],"addons":[],"acf":[],"_links":{"self":[{"href":"https:\/\/shop.kustom.ch\/it\/wp-json\/wp\/v2\/product\/582455"}],"collection":[{"href":"https:\/\/shop.kustom.ch\/it\/wp-json\/wp\/v2\/product"}],"about":[{"href":"https:\/\/shop.kustom.ch\/it\/wp-json\/wp\/v2\/types\/product"}],"wp:featuredmedia":[{"embeddable":true,"href":"https:\/\/shop.kustom.ch\/it\/wp-json\/wp\/v2\/media\/582482"}],"wp:attachment":[{"href":"https:\/\/shop.kustom.ch\/it\/wp-json\/wp\/v2\/media?parent=582455"}],"wp:term":[{"taxonomy":"product_brand","embeddable":true,"href":"https:\/\/shop.kustom.ch\/it\/wp-json\/wp\/v2\/product_brand?post=582455"},{"taxonomy":"product_cat","embeddable":true,"href":"https:\/\/shop.kustom.ch\/it\/wp-json\/wp\/v2\/product_cat?post=582455"},{"taxonomy":"product_tag","embeddable":true,"href":"https:\/\/shop.kustom.ch\/it\/wp-json\/wp\/v2\/product_tag?post=582455"}],"curies":[{"name":"wp","href":"https:\/\/api.w.org\/{rel}","templated":true}]}}