{"id":582310,"date":"2025-03-04T09:36:54","date_gmt":"2025-03-04T08:36:54","guid":{"rendered":"https:\/\/shop.kustom.ch\/?post_type=product&#038;p=582310"},"modified":"2026-03-31T08:36:13","modified_gmt":"2026-03-31T07:36:13","slug":"high-vis-shell-arbeitshose","status":"publish","type":"product","link":"https:\/\/shop.kustom.ch\/it\/prodotto\/high-vis-shell-arbeitshose\/","title":{"rendered":"Pantaloni da lavoro High Vis Shell"},"content":{"rendered":"<p>Un pantalone a conchiglia di alta qualit\u00e0 e certificato high vis classe 2 che soddisfa tutti i requisiti di funzionalit\u00e0, visibilit\u00e0 e comfort. I pantaloni hanno una fodera in rete per una migliore ventilazione, una vita pi\u00f9 alta sul retro e ginocchia e seduta preformate per un comfort ottimale. Se si desidera rimuovere le bretelle staccabili, ci sono anche bande elastiche regolabili in vita per garantire che i pantaloni si adattino comodamente e rimangano al loro posto. Le estremit\u00e0 delle gambe dei pantaloni sono rinforzate e dotate di un paraneve con cerniera. I dettagli riflettenti necessari sono stati accuratamente posizionati sulle gambe e sulle tasche per garantire una visibilit\u00e0 ottimale in combinazione con il colore ad alta visibilit\u00e0 dei pantaloni. Il 1867 \u00e8 dotato di un passante per il portamartello, una tasca sulla gamba, una tasca per il righello, tasche anteriori e posteriori con patta e tasche per le ginocchia rinforzate in CORDURA\u00ae. Certificato secondo la norma EN 343, EN ISO 20471, classe 2, gruppo di certificazione Y.<\/p>\n<p>CHIUSURA: Vita regolabile con chiusura a velcro. Polsini regolabili con chiusura a zip e velcro. DETTAGLI: Tasca per carte d'identit\u00e0 staccabile. Bretelle staccabili con coulisse elastica. Zip in plastica sul cavallo. Due passanti sui lati con bottone per il portamartello. Gonna da neve con chiusura a velcro e bottone. Vita elastica regolabile. FUNZIONALIT\u00c0: materiale antivento e impermeabile con traspirabilit\u00e0, cuciture nastrate. Gambe dei pantaloni particolarmente ergonomiche. PROPRIET\u00c0 PRINCIPALI: Tettoie. EN ISO 20471. REFLEX: Dettagli riflettenti sulle tasche. TESSUTO: Uomo. blu. antivento. Alta visibilit\u00e0. TASCHE: Tasca sulla gamba con soffietto e patta. Tasche posteriori con soffietto e patta. Tasche per ginocchiere. Supporti prefabbricati per tasche portachiodi staccabili. Tasche interne con pattina. Tasca per regolo pieghevole con portacoltelli e portapenne. ISTRUZIONI DI LAVAGGIO: 40\u00b0 C. RINFORZO: rinforzo in CORDURA\u00ae alle estremit\u00e0 delle gambe. CERTIFICAZIONE: EN 343, classe 4.4. gruppo di certificazione Y. ACCESSORI: Articolo 2183<\/p>\n<p>100% poliestere, Oxford, rivestito, impermeabile 15.000 mm, antivento, traspirante Ret 8.5, 200g\/m\u00b2<\/p>","protected":false},"excerpt":{"rendered":"<p>Eine hoch qualitative und High Vis zertifizierte Klasse 2 Shell Hose, die alle Anforderungen f\u00fcr Funktionalit\u00e4t, Sichtbarkeit und Komfort erf\u00fcllt. Die Hose hat ein Mesh Futter f\u00fcr eine bessere Bel\u00fcftung, eine h\u00f6here Taille hinten und vorgeformte Knie und Ges\u00e4ss f\u00fcr optimalen Komfort. Wenn Sie die abnehmbaren Hosentr\u00e4ger abnehmen m\u00f6chten, gibt es auch verstellbare Gummib\u00e4nder in [&hellip;]<\/p>\n","protected":false},"featured_media":582347,"template":"","meta":[],"product_brand":[],"product_cat":[4185],"product_tag":[],"class_list":{"0":"post-582310","1":"product","2":"type-product","3":"status-publish","4":"has-post-thumbnail","6":"product_cat-hosen","7":"pa_brand-blaklaeder","8":"pa_brand-type-workwear","9":"pa_filter-color-blau","10":"pa_filter-color-gelb","11":"pa_filter-color-orange","12":"pa_filter-color-schwarz","14":"first","15":"instock","16":"sale","17":"taxable","18":"shipping-taxable","19":"purchasable","20":"product-type-variable","21":"add-to-wishlist-before_image"},"exclude_global_add_ons":[],"addons":[],"acf":[],"_links":{"self":[{"href":"https:\/\/shop.kustom.ch\/it\/wp-json\/wp\/v2\/product\/582310"}],"collection":[{"href":"https:\/\/shop.kustom.ch\/it\/wp-json\/wp\/v2\/product"}],"about":[{"href":"https:\/\/shop.kustom.ch\/it\/wp-json\/wp\/v2\/types\/product"}],"wp:featuredmedia":[{"embeddable":true,"href":"https:\/\/shop.kustom.ch\/it\/wp-json\/wp\/v2\/media\/582347"}],"wp:attachment":[{"href":"https:\/\/shop.kustom.ch\/it\/wp-json\/wp\/v2\/media?parent=582310"}],"wp:term":[{"taxonomy":"product_brand","embeddable":true,"href":"https:\/\/shop.kustom.ch\/it\/wp-json\/wp\/v2\/product_brand?post=582310"},{"taxonomy":"product_cat","embeddable":true,"href":"https:\/\/shop.kustom.ch\/it\/wp-json\/wp\/v2\/product_cat?post=582310"},{"taxonomy":"product_tag","embeddable":true,"href":"https:\/\/shop.kustom.ch\/it\/wp-json\/wp\/v2\/product_tag?post=582310"}],"curies":[{"name":"wp","href":"https:\/\/api.w.org\/{rel}","templated":true}]}}