{"id":582291,"date":"2025-03-04T09:36:50","date_gmt":"2025-03-04T08:36:50","guid":{"rendered":"https:\/\/shop.kustom.ch\/?post_type=product&#038;p=582291"},"modified":"2026-03-31T08:36:09","modified_gmt":"2026-03-31T07:36:09","slug":"regenhose","status":"publish","type":"product","link":"https:\/\/shop.kustom.ch\/it\/prodotto\/regenhose\/","title":{"rendered":"Pantaloni da pioggia"},"content":{"rendered":"<p>Questi pantaloni antipioggia estremamente leggeri sono antivento e impermeabili, hanno cuciture nastrate e vi terranno all'asciutto indipendentemente dal tempo. Questi pantaloni sono dotati di un'apertura a zip sulla gamba per una calzata facile e veloce. La colonna d'acqua \u00e8 di 5.000 mm. La traspirabilit\u00e0 \u00e8 di 5000g\/m\u00b2\/24h.<\/p>\n<p>CHIUSURA: Polsini regolabili con cerniera e velcro. DETTAGLI: Vita elasticizzata. FUNZIONALIT\u00c0: Materiale antivento e impermeabile con traspirabilit\u00e0, cuciture nastrate. CARATTERISTICHE PRINCIPALI: Magazziniere. TESSUTO: Uomo. nero. impermeabile. Vento\/umido\/freddo. TASCHE: Tasca posteriore con patta. Tasche laterali con chiusura a velcro. ISTRUZIONI DI LAVAGGIO: Non candeggiare.<\/p>\n<p>100% poliestere, monostrato, antivento e impermeabile, traspirante, 120 g\/m\u00b2.<\/p>","protected":false},"excerpt":{"rendered":"<p>Diese extrem leichte Regenhose ist wind- und wasserdicht, hat verschweisste N\u00e4hten und h\u00e4lt Sie auch bei noch so schlechtem Wetter trocken. F\u00fcr das schnelle und einfache Anziehen hat diese Hose eine Reissverschluss-\u00d6ffnung am Hosenbein. Die Wassers\u00e4ule betr\u00e4gt 5.000mm. Die Atmungsaktivit\u00e4t betr\u00e4gt 5000g\/m\u00b2\/24h. ABSCHLUSS: Verstellbarer Beinabschluss mit Reissverschluss und Klettverschluss. DETAILS: Gummizug an der Taille. FUNKTIONALIT\u00c4T: [&hellip;]<\/p>\n","protected":false},"featured_media":582346,"template":"","meta":[],"product_brand":[],"product_cat":[4185],"product_tag":[],"class_list":{"0":"post-582291","1":"product","2":"type-product","3":"status-publish","4":"has-post-thumbnail","6":"product_cat-hosen","7":"pa_brand-blaklaeder","8":"pa_brand-type-workwear","9":"pa_filter-color-schwarz","11":"first","12":"instock","13":"sale","14":"taxable","15":"shipping-taxable","16":"purchasable","17":"product-type-variable","18":"add-to-wishlist-before_image"},"exclude_global_add_ons":[],"addons":[],"acf":[],"_links":{"self":[{"href":"https:\/\/shop.kustom.ch\/it\/wp-json\/wp\/v2\/product\/582291"}],"collection":[{"href":"https:\/\/shop.kustom.ch\/it\/wp-json\/wp\/v2\/product"}],"about":[{"href":"https:\/\/shop.kustom.ch\/it\/wp-json\/wp\/v2\/types\/product"}],"wp:featuredmedia":[{"embeddable":true,"href":"https:\/\/shop.kustom.ch\/it\/wp-json\/wp\/v2\/media\/582346"}],"wp:attachment":[{"href":"https:\/\/shop.kustom.ch\/it\/wp-json\/wp\/v2\/media?parent=582291"}],"wp:term":[{"taxonomy":"product_brand","embeddable":true,"href":"https:\/\/shop.kustom.ch\/it\/wp-json\/wp\/v2\/product_brand?post=582291"},{"taxonomy":"product_cat","embeddable":true,"href":"https:\/\/shop.kustom.ch\/it\/wp-json\/wp\/v2\/product_cat?post=582291"},{"taxonomy":"product_tag","embeddable":true,"href":"https:\/\/shop.kustom.ch\/it\/wp-json\/wp\/v2\/product_tag?post=582291"}],"curies":[{"name":"wp","href":"https:\/\/api.w.org\/{rel}","templated":true}]}}