{"id":582187,"date":"2025-03-04T09:34:24","date_gmt":"2025-03-04T08:34:24","guid":{"rendered":"https:\/\/shop.kustom.ch\/?post_type=product&#038;p=582187"},"modified":"2026-03-31T08:36:07","modified_gmt":"2026-03-31T07:36:07","slug":"high-vis-arbeitshose-3","status":"publish","type":"product","link":"https:\/\/shop.kustom.ch\/it\/prodotto\/high-vis-arbeitshose-3\/","title":{"rendered":"Pantaloni da lavoro ad alta visibilit\u00e0"},"content":{"rendered":"<p>Pantaloni invernali ad alta visibilit\u00e0, comodi e foderati, realizzati in materiale resistente, idrorepellente e antisporco. I pantaloni sono dotati di tasche anteriori oblique, tasche sulle gambe con soffietto e ampie tasche sulle gambe con spazio per documenti e penne. La tasca sulla gamba destra garantisce un comfort ottimale e un utilizzo perfetto. I pantaloni hanno ginocchia preformate e tasche interne per ginocchiere. I perfetti pantaloni invernali resistenti! Certificato secondo la norma EN 471\/EN 20471 classe 1.<\/p>\n<p>DETTAGLI: passanti, di cui uno con anello a D. FUNZIONALIT\u00c0: Gambe dei pantaloni dalla forma particolarmente ergonomica. CARATTERISTICHE PRINCIPALI: Artigianale. EN 342. REFLEX: Materiale riflettente intorno alle gambe. TESSUTO: Uomo. Giallo alta visibilit\u00e0. idrorepellente. Alta visibilit\u00e0. TASCHE: Tasca sulla gamba con portamatite e portacellulare. Tasche posteriori. Tasche interne per ginocchiere. Tasche laterali. ISTRUZIONI DI LAVAGGIO: Colore 55XX\/XX55 - lavaggio domestico secondo EN ISO 20471, non stirare. CERTIFICAZIONE: EN 14404:2004+A1:2010 insieme alle ginocchiere 4027 e 4057. EN 342 insieme all'articolo 4862. EN ISO 20471, classe 1. ACCESSORI: Articolo 2162<\/p>\n<p>65% poliestere, 35% cotone, twill, tessuto esterno idrorepellente, 240g\/m\u00b2.<\/p>","protected":false},"excerpt":{"rendered":"<p>Bequeme und gef\u00fctterte High Vis Winterhose aus einem langlebigen, wasser- und schmutzabweisenden Material. Die Hose hat angeschr\u00e4gte Fronttaschen, Beintasche mit Balg und grossr\u00e4umige Beintaschen, die Platz bieten f\u00fcr Dokumente und Stifte. Die rechte Beintasche sorgt f\u00fcr optimalen Komfort und perfekte Nutzung. Die Hose hat vorgeformte Knie und innenliegende Kniepolstertaschen. Die perfekte langlebige Winterhose! Zertifiziert nach [&hellip;]<\/p>\n","protected":false},"featured_media":582237,"template":"","meta":[],"product_brand":[],"product_cat":[4185],"product_tag":[],"class_list":{"0":"post-582187","1":"product","2":"type-product","3":"status-publish","4":"has-post-thumbnail","6":"product_cat-hosen","7":"pa_brand-blaklaeder","8":"pa_brand-type-workwear","9":"pa_filter-color-blau","10":"pa_filter-color-gelb","11":"pa_filter-color-orange","12":"pa_filter-color-rot","13":"pa_filter-color-schwarz","15":"first","16":"instock","17":"sale","18":"taxable","19":"shipping-taxable","20":"purchasable","21":"product-type-variable","22":"add-to-wishlist-before_image"},"exclude_global_add_ons":[],"addons":[],"acf":[],"_links":{"self":[{"href":"https:\/\/shop.kustom.ch\/it\/wp-json\/wp\/v2\/product\/582187"}],"collection":[{"href":"https:\/\/shop.kustom.ch\/it\/wp-json\/wp\/v2\/product"}],"about":[{"href":"https:\/\/shop.kustom.ch\/it\/wp-json\/wp\/v2\/types\/product"}],"wp:featuredmedia":[{"embeddable":true,"href":"https:\/\/shop.kustom.ch\/it\/wp-json\/wp\/v2\/media\/582237"}],"wp:attachment":[{"href":"https:\/\/shop.kustom.ch\/it\/wp-json\/wp\/v2\/media?parent=582187"}],"wp:term":[{"taxonomy":"product_brand","embeddable":true,"href":"https:\/\/shop.kustom.ch\/it\/wp-json\/wp\/v2\/product_brand?post=582187"},{"taxonomy":"product_cat","embeddable":true,"href":"https:\/\/shop.kustom.ch\/it\/wp-json\/wp\/v2\/product_cat?post=582187"},{"taxonomy":"product_tag","embeddable":true,"href":"https:\/\/shop.kustom.ch\/it\/wp-json\/wp\/v2\/product_tag?post=582187"}],"curies":[{"name":"wp","href":"https:\/\/api.w.org\/{rel}","templated":true}]}}