{"id":582168,"date":"2025-03-04T09:34:20","date_gmt":"2025-03-04T08:34:20","guid":{"rendered":"https:\/\/shop.kustom.ch\/?post_type=product&#038;p=582168"},"modified":"2026-03-31T08:36:00","modified_gmt":"2026-03-31T07:36:00","slug":"unterhose-warm","status":"publish","type":"product","link":"https:\/\/shop.kustom.ch\/it\/prodotto\/unterhose-warm\/","title":{"rendered":"Pantaloni caldi"},"content":{"rendered":"<p>Questo strato di base riscaldante mantiene il corpo caldo e asciutto quando fa freddo. Le zone di calore si trovano sulla schiena e sui fianchi, dove il freddo penetra pi\u00f9 rapidamente. Lo strato di base \u00e8 realizzato in lana merino 100 %, che mantiene il corpo caldo e asciutto grazie alle sue eccellenti propriet\u00e0 di isolamento termico e di traspirazione. Temperatura consigliata da -5\u00b0C a -30\u00b0C. Nessun congelamento al lavoro! Rimanete caldi e asciutti negli ambienti freddi!<\/p>\n<p>CHIUSURA: Polsini all'estremit\u00e0 delle gambe. DETTAGLI: Cuciture a contrasto. Vita elasticizzata. FUNZIONALIT\u00c0: Temperatura consigliata da -5\u00b0C a -30\u00b0C. CARATTERISTICHE PRINCIPALI: Uomo. TESSUTO: Uomo. nero. Vento \/ bagnato \/ freddo. ISTRUZIONI DI LAVAGGIO: Utilizzare un detersivo per lana. Non centrifugare<\/p>\n<p>100% Lana, merino, maglia a coste, regolazione dell'umidit\u00e0, 200 g\/m\u00b2<\/p>","protected":false},"excerpt":{"rendered":"<p>Diese w\u00e4rmende Basislage h\u00e4lt den K\u00f6rper warm und trocken bei kaltem Wetter. W\u00e4rmezonen befinden sich an der R\u00fcckseite und an den Seiten, wo die K\u00e4lte am schnellsten eindringt. Die Basislage besteht aus 100 % Merinowolle, die Sie dank ausgezeichneter W\u00e4rmeisolierung und Feuchtigkeitsableitung warm und trocken h\u00e4lt. Empfohlene Temperatur -5\u00b0C bis -30\u00b0C. Kein Frieren bei der [&hellip;]<\/p>\n","protected":false},"featured_media":582214,"template":"","meta":[],"product_brand":[],"product_cat":[4206],"product_tag":[],"class_list":{"0":"post-582168","1":"product","2":"type-product","3":"status-publish","4":"has-post-thumbnail","6":"product_cat-underwear","7":"pa_brand-blaklaeder","8":"pa_brand-type-workwear","9":"pa_filter-color-grau","10":"pa_filter-color-schwarz","12":"first","13":"instock","14":"sale","15":"taxable","16":"shipping-taxable","17":"purchasable","18":"product-type-variable","19":"add-to-wishlist-before_image"},"exclude_global_add_ons":[],"addons":[],"acf":[],"_links":{"self":[{"href":"https:\/\/shop.kustom.ch\/it\/wp-json\/wp\/v2\/product\/582168"}],"collection":[{"href":"https:\/\/shop.kustom.ch\/it\/wp-json\/wp\/v2\/product"}],"about":[{"href":"https:\/\/shop.kustom.ch\/it\/wp-json\/wp\/v2\/types\/product"}],"wp:featuredmedia":[{"embeddable":true,"href":"https:\/\/shop.kustom.ch\/it\/wp-json\/wp\/v2\/media\/582214"}],"wp:attachment":[{"href":"https:\/\/shop.kustom.ch\/it\/wp-json\/wp\/v2\/media?parent=582168"}],"wp:term":[{"taxonomy":"product_brand","embeddable":true,"href":"https:\/\/shop.kustom.ch\/it\/wp-json\/wp\/v2\/product_brand?post=582168"},{"taxonomy":"product_cat","embeddable":true,"href":"https:\/\/shop.kustom.ch\/it\/wp-json\/wp\/v2\/product_cat?post=582168"},{"taxonomy":"product_tag","embeddable":true,"href":"https:\/\/shop.kustom.ch\/it\/wp-json\/wp\/v2\/product_tag?post=582168"}],"curies":[{"name":"wp","href":"https:\/\/api.w.org\/{rel}","templated":true}]}}