{"id":582167,"date":"2025-03-04T09:34:19","date_gmt":"2025-03-04T08:34:19","guid":{"rendered":"https:\/\/shop.kustom.ch\/?post_type=product&#038;p=582167"},"modified":"2026-03-31T08:35:59","modified_gmt":"2026-03-31T07:35:59","slug":"boxer-shorts-xlight-100-merino","status":"publish","type":"product","link":"https:\/\/shop.kustom.ch\/it\/prodotto\/boxer-shorts-xlight-100-merino\/","title":{"rendered":"Boxer XLIGHT, 100% Merino"},"content":{"rendered":"<p>Boxer sottili e leggeri in lana merino 100% che mantengono caldi e asciutti tutto l'anno. Il materiale \u00e8 realizzato in lana merino extra-sottile, che garantisce un buon isolamento, un eccellente trasporto dell'umidit\u00e0 e la regolazione della temperatura. Temperatura consigliata da +10\u00b0C a -10\u00b0C.<\/p>\n<p>DETTAGLI: Etichetta della taglia stampata. Vita elasticizzata con logo Bl\u00e5kl\u00e4der. FUNZIONALIT\u00c0: Temperatura consigliata da +10\u00b0C a -10\u00b0C. CARATTERISTICHE PRINCIPALI: Uomo. TESSUTO: grigio. Vento \/ bagnato \/ freddo. ISTRUZIONI DI LAVAGGIO: utilizzare un detersivo per lana. Non lavare a secco<\/p>\n<p>100% Lana merino, jersey singolo, 160 g\/m\u00b2<\/p>","protected":false},"excerpt":{"rendered":"<p>D\u00fcnne und leichte Boxer Shorts aus 100% Merinowolle, die das ganze jahr warm und trocken h\u00e4lt. Das Material besteht aus extra d\u00fcnner Merinowolle, die gute Isolation, exzellenten Feuchtigkeitstransport und Temperaturregulation bietet. Empfohlene Temperatur +10\u00b0C bis -10\u00b0C. DETAILS: Gedrucktes Gr\u00f6ssenetikett. Gummizug an der Taille mit Bl\u00e5kl\u00e4der Logo. FUNKTIONALIT\u00c4T: Empfohlene Temperatur +10\u00b0C bis -10\u00b0C. HAUPTEIGENSCHAFTEN: Herren. STOFF: [&hellip;]<\/p>\n","protected":false},"featured_media":582213,"template":"","meta":[],"product_brand":[],"product_cat":[4206],"product_tag":[],"class_list":{"0":"post-582167","1":"product","2":"type-product","3":"status-publish","4":"has-post-thumbnail","6":"product_cat-underwear","7":"pa_brand-blaklaeder","8":"pa_brand-type-workwear","9":"pa_filter-color-gelb","10":"pa_filter-color-grau","12":"first","13":"instock","14":"sale","15":"taxable","16":"shipping-taxable","17":"purchasable","18":"product-type-variable","19":"add-to-wishlist-before_image"},"exclude_global_add_ons":[],"addons":[],"acf":[],"_links":{"self":[{"href":"https:\/\/shop.kustom.ch\/it\/wp-json\/wp\/v2\/product\/582167"}],"collection":[{"href":"https:\/\/shop.kustom.ch\/it\/wp-json\/wp\/v2\/product"}],"about":[{"href":"https:\/\/shop.kustom.ch\/it\/wp-json\/wp\/v2\/types\/product"}],"wp:featuredmedia":[{"embeddable":true,"href":"https:\/\/shop.kustom.ch\/it\/wp-json\/wp\/v2\/media\/582213"}],"wp:attachment":[{"href":"https:\/\/shop.kustom.ch\/it\/wp-json\/wp\/v2\/media?parent=582167"}],"wp:term":[{"taxonomy":"product_brand","embeddable":true,"href":"https:\/\/shop.kustom.ch\/it\/wp-json\/wp\/v2\/product_brand?post=582167"},{"taxonomy":"product_cat","embeddable":true,"href":"https:\/\/shop.kustom.ch\/it\/wp-json\/wp\/v2\/product_cat?post=582167"},{"taxonomy":"product_tag","embeddable":true,"href":"https:\/\/shop.kustom.ch\/it\/wp-json\/wp\/v2\/product_tag?post=582167"}],"curies":[{"name":"wp","href":"https:\/\/api.w.org\/{rel}","templated":true}]}}