{"id":582145,"date":"2025-03-04T09:33:44","date_gmt":"2025-03-04T08:33:44","guid":{"rendered":"https:\/\/shop.kustom.ch\/?post_type=product&#038;p=582145"},"modified":"2026-03-31T08:35:58","modified_gmt":"2026-03-31T07:35:58","slug":"unterhose-xwarm-100-merinowolle","status":"publish","type":"product","link":"https:\/\/shop.kustom.ch\/it\/prodotto\/unterhose-xwarm-100-merinowolle\/","title":{"rendered":"Pantaloni XWARM, lana merino 100%"},"content":{"rendered":"<p>Questi pantaloni lunghi isolanti mantengono il corpo caldo e asciutto quando fa freddo. I pantaloni lunghi sono bicolore con cuciture rosse e sono realizzati in lana merino 100%, che garantisce un migliore isolamento e propriet\u00e0 di trasporto che mantengono il corpo caldo e asciutto. Consigliato per temperature comprese tra -5\u00b0C e -30\u00b0C.<\/p>\n<p>CHIUSURA: Polsini all'estremit\u00e0 delle gambe. DETTAGLI: Cuciture a contrasto. Vita elasticizzata. FUNZIONALIT\u00c0: Temperatura consigliata da -20\u00b0C a -35\u00b0C. CARATTERISTICHE PRINCIPALI: Uomo. TESSUTO: Uomo. nero. Vento \/ bagnato \/ freddo. ISTRUZIONI DI LAVAGGIO: Utilizzare un detersivo per lana. Non candeggiare<\/p>\n<p>100% Lana, merino, interlock, 260 g\/m\u00b2<\/p>","protected":false},"excerpt":{"rendered":"<p>Diese isolierende lange Unterhose h\u00e4lt den K\u00f6rper bei kaltem Wetter warm und trocken. Die lange Unterhose ist zweifarbig mit roten N\u00e4hten und besteht aus 100% Merinowolle die bessere Isolierung und Transporteigenschaften, die warm und trocken halten, bietet. Empfohlen bei Temperaturen zwischen -5\u00b0C und -30\u00b0C. ABSCHLUSS: Manschetten an den Beinabschl\u00fcssen. DETAILS: Kontrastn\u00e4hte. Gummizug an der Taille. [&hellip;]<\/p>\n","protected":false},"featured_media":582192,"template":"","meta":[],"product_brand":[],"product_cat":[4206],"product_tag":[],"class_list":{"0":"post-582145","1":"product","2":"type-product","3":"status-publish","4":"has-post-thumbnail","6":"product_cat-underwear","7":"pa_brand-blaklaeder","8":"pa_brand-type-workwear","9":"pa_filter-color-grau","10":"pa_filter-color-schwarz","12":"first","13":"instock","14":"sale","15":"taxable","16":"shipping-taxable","17":"purchasable","18":"product-type-variable","19":"add-to-wishlist-before_image"},"exclude_global_add_ons":[],"addons":[],"acf":[],"_links":{"self":[{"href":"https:\/\/shop.kustom.ch\/it\/wp-json\/wp\/v2\/product\/582145"}],"collection":[{"href":"https:\/\/shop.kustom.ch\/it\/wp-json\/wp\/v2\/product"}],"about":[{"href":"https:\/\/shop.kustom.ch\/it\/wp-json\/wp\/v2\/types\/product"}],"wp:featuredmedia":[{"embeddable":true,"href":"https:\/\/shop.kustom.ch\/it\/wp-json\/wp\/v2\/media\/582192"}],"wp:attachment":[{"href":"https:\/\/shop.kustom.ch\/it\/wp-json\/wp\/v2\/media?parent=582145"}],"wp:term":[{"taxonomy":"product_brand","embeddable":true,"href":"https:\/\/shop.kustom.ch\/it\/wp-json\/wp\/v2\/product_brand?post=582145"},{"taxonomy":"product_cat","embeddable":true,"href":"https:\/\/shop.kustom.ch\/it\/wp-json\/wp\/v2\/product_cat?post=582145"},{"taxonomy":"product_tag","embeddable":true,"href":"https:\/\/shop.kustom.ch\/it\/wp-json\/wp\/v2\/product_tag?post=582145"}],"curies":[{"name":"wp","href":"https:\/\/api.w.org\/{rel}","templated":true}]}}