{"id":581866,"date":"2025-03-04T09:30:03","date_gmt":"2025-03-04T08:30:03","guid":{"rendered":"https:\/\/shop.kustom.ch\/?post_type=product&#038;p=581866"},"modified":"2026-03-31T08:30:19","modified_gmt":"2026-03-31T07:30:19","slug":"sweathose","status":"publish","type":"product","link":"https:\/\/shop.kustom.ch\/it\/prodotto\/sweathose\/","title":{"rendered":"Pantaloni da ginnastica"},"content":{"rendered":"<p>I pantaloni in tessuto felpato certificato sono la scelta perfetta per chi lavora nel settore dei trasporti. I pantaloni sono dotati di una tasca sulla gamba con patta, una tasca posteriore e una tasca per cellulare con zip all'interno della tasca laterale. Polsini alla caviglia. Certificato secondo la norma EN ISO 20471, classe 1.<\/p>\n<p>CHIUSURA: Vita a coste. Polsini alle estremit\u00e0 delle gambe. DETTAGLI: Vita elasticizzata e coulisse. FUNZIONALIT\u00c0: Cuciture minime. Vestibilit\u00e0 ampia. CARATTERISTICHE PRINCIPALI: Driver. EN ISO 20471. REFLEX: strisce riflettenti a trasferimento larghe 50 mm. TESSUTO: Uomo. giallo. Stretch. Trasporto. TASCHE: Tasca sulla gamba con soffietto e pattina. Tasca posteriore con soffietto. Tasche laterali, una con tasca interna per cellulare con zip. ISTRUZIONI DI LAVAGGIO: Numero di lavaggi: 25, non stirare. CERTIFICAZIONE: EN ISO 20471, classe 1.<\/p>\n<p>100% poliestere, pile piqu\u00e9, spazzolato su un lato, 260 g\/m\u00b2<\/p>","protected":false},"excerpt":{"rendered":"<p>Die Hose aus zertifiziertem Sweatstoff ist eine perfekte Wahl f\u00fcr alle, die im Transportgewerbe arbeiten. Die Hose hat eine Beintasche mit einer Schliesslasche, eine Ges\u00e4sstasche und eine Handytasche mit Reissverschluss innerhalb der Seitentasche. B\u00fcndchen am Kn\u00f6chel. Zertifiziert nach EN ISO 20471, Klasse 1. ABSCHLUSS: Gerippter Taillenbund. Manschetten an den Beinabschl\u00fcssen. DETAILS: Gummizug und Kordelzug in [&hellip;]<\/p>\n","protected":false},"featured_media":581916,"template":"","meta":[],"product_brand":[],"product_cat":[4185],"product_tag":[],"class_list":{"0":"post-581866","1":"product","2":"type-product","3":"status-publish","4":"has-post-thumbnail","6":"product_cat-hosen","7":"pa_brand-blaklaeder","8":"pa_brand-type-workwear","9":"pa_filter-color-blau","10":"pa_filter-color-gelb","11":"pa_filter-color-orange","12":"pa_filter-color-rot","13":"pa_filter-color-schwarz","15":"first","16":"instock","17":"sale","18":"taxable","19":"shipping-taxable","20":"purchasable","21":"product-type-variable","22":"add-to-wishlist-before_image"},"exclude_global_add_ons":[],"addons":[],"acf":[],"_links":{"self":[{"href":"https:\/\/shop.kustom.ch\/it\/wp-json\/wp\/v2\/product\/581866"}],"collection":[{"href":"https:\/\/shop.kustom.ch\/it\/wp-json\/wp\/v2\/product"}],"about":[{"href":"https:\/\/shop.kustom.ch\/it\/wp-json\/wp\/v2\/types\/product"}],"wp:featuredmedia":[{"embeddable":true,"href":"https:\/\/shop.kustom.ch\/it\/wp-json\/wp\/v2\/media\/581916"}],"wp:attachment":[{"href":"https:\/\/shop.kustom.ch\/it\/wp-json\/wp\/v2\/media?parent=581866"}],"wp:term":[{"taxonomy":"product_brand","embeddable":true,"href":"https:\/\/shop.kustom.ch\/it\/wp-json\/wp\/v2\/product_brand?post=581866"},{"taxonomy":"product_cat","embeddable":true,"href":"https:\/\/shop.kustom.ch\/it\/wp-json\/wp\/v2\/product_cat?post=581866"},{"taxonomy":"product_tag","embeddable":true,"href":"https:\/\/shop.kustom.ch\/it\/wp-json\/wp\/v2\/product_tag?post=581866"}],"curies":[{"name":"wp","href":"https:\/\/api.w.org\/{rel}","templated":true}]}}