{"id":581848,"date":"2025-03-04T09:29:59","date_gmt":"2025-03-04T08:29:59","guid":{"rendered":"https:\/\/shop.kustom.ch\/?post_type=product&#038;p=581848"},"modified":"2026-03-31T08:30:17","modified_gmt":"2026-03-31T07:30:17","slug":"damen-arbeitshose","status":"publish","type":"product","link":"https:\/\/shop.kustom.ch\/it\/prodotto\/damen-arbeitshose\/","title":{"rendered":"Pantaloni da lavoro da donna"},"content":{"rendered":"<p>Pantaloni da lavoro classici da donna con propriet\u00e0 funzionali e resistenti, tagliati per le donne. Le ginocchia e le tasche posteriori sono rinforzate con CORDURA per una maggiore durata. Le tasche sono state progettate per garantire una maggiore libert\u00e0 di movimento e un maggiore comfort per contenere diversi utensili e accessori.<\/p>\n<p>DETTAGLI: Bottoni in metallo. Zip in metallo sul cavallo. Passanti, uno con anello a D. FUNZIONALIT\u00c0: Taglia donna. CARATTERISTICHE PRINCIPALI: Lavoratore in cemento. EN 14004. TESSUTO: Donna. blu. Tasche a chiodo. Artigianale. TASCHE: Tasca sulla gamba con soffietto, tasca con patta e penna, tasca aggiuntiva, tasca per cellulare e carta d'identit\u00e0. Tasche posteriori con soffietto. Tasche esterne per ginocchiere. Tasche per chiodi - con scomparti per cacciaviti e passanti per attrezzi che possono essere inseriti nelle tasche anteriori con soffietto. Tasche anteriori con soffietto. Tasca per regolo pieghevole con portacoltelli e portapenne. ISTRUZIONI DI LAVAGGIO: Stiratura - media. RINFORZO: Ginocchia e tasche posteriori rinforzate in CORDURA\u00ae. CERTIFICAZIONE: EN 14404:2004+A1:2010 insieme alle ginocchiere 4027, 4057, 4058 e 4032.<\/p>\n<p>100% Cotone, twill, 370 g\/m\u00b2<\/p>","protected":false},"excerpt":{"rendered":"<p>Klassische Damen Arbeitshose mit funktionellen und strapazierf\u00e4higen Eigenschaften, geschnitten f\u00fcr Frauen. Die Knie- und Ges\u00e4sstaschen sind f\u00fcr l\u00e4ngere Haltbarkeit mit CORDURA verst\u00e4rkt. Die Taschen wurden mit h\u00f6herer Bewegungsfreiheit und Komfort entworfen, um viele verschiedene Werkzeuge und Zubeh\u00f6r zu halten. DETAILS: Metallkn\u00f6pfe. Metall-Reissverschluss im Schritt. Schlaufen, davon eine mit D-Ring. FUNKTIONALIT\u00c4T: Damengr\u00f6sse. HAUPTEIGENSCHAFTEN: Betonbauer. EN 14004. [&hellip;]<\/p>\n","protected":false},"featured_media":581887,"template":"","meta":[],"product_brand":[],"product_cat":[4185],"product_tag":[],"class_list":{"0":"post-581848","1":"product","2":"type-product","3":"status-publish","4":"has-post-thumbnail","6":"product_cat-hosen","7":"pa_brand-blaklaeder","8":"pa_brand-type-workwear","9":"pa_filter-color-blau","10":"pa_filter-color-schwarz","12":"first","13":"instock","14":"sale","15":"taxable","16":"shipping-taxable","17":"purchasable","18":"product-type-variable","19":"add-to-wishlist-before_image"},"exclude_global_add_ons":[],"addons":[],"acf":[],"_links":{"self":[{"href":"https:\/\/shop.kustom.ch\/it\/wp-json\/wp\/v2\/product\/581848"}],"collection":[{"href":"https:\/\/shop.kustom.ch\/it\/wp-json\/wp\/v2\/product"}],"about":[{"href":"https:\/\/shop.kustom.ch\/it\/wp-json\/wp\/v2\/types\/product"}],"wp:featuredmedia":[{"embeddable":true,"href":"https:\/\/shop.kustom.ch\/it\/wp-json\/wp\/v2\/media\/581887"}],"wp:attachment":[{"href":"https:\/\/shop.kustom.ch\/it\/wp-json\/wp\/v2\/media?parent=581848"}],"wp:term":[{"taxonomy":"product_brand","embeddable":true,"href":"https:\/\/shop.kustom.ch\/it\/wp-json\/wp\/v2\/product_brand?post=581848"},{"taxonomy":"product_cat","embeddable":true,"href":"https:\/\/shop.kustom.ch\/it\/wp-json\/wp\/v2\/product_cat?post=581848"},{"taxonomy":"product_tag","embeddable":true,"href":"https:\/\/shop.kustom.ch\/it\/wp-json\/wp\/v2\/product_tag?post=581848"}],"curies":[{"name":"wp","href":"https:\/\/api.w.org\/{rel}","templated":true}]}}