{"id":581784,"date":"2025-03-04T09:29:17","date_gmt":"2025-03-04T08:29:17","guid":{"rendered":"https:\/\/shop.kustom.ch\/?post_type=product&#038;p=581784"},"modified":"2026-03-31T08:30:16","modified_gmt":"2026-03-31T07:30:16","slug":"high-vis-shorts-mit-stretch","status":"publish","type":"product","link":"https:\/\/shop.kustom.ch\/it\/prodotto\/high-vis-shorts-mit-stretch\/","title":{"rendered":"Pantaloncini in alta visibilit\u00e0 elasticizzati"},"content":{"rendered":"<p>Pantaloncini certificati High Vis di classe 1 con inserti elasticizzati sul davanti, sul retro, sul cavallo e sulla seduta. La vita offre un eccellente comfort a chi li indossa. Una tasca sui fianchi rinforzata in CORDURA\u00ae, una tasca sulla gamba con portacellulare e tasca per carte d'identit\u00e0 sono solo alcune delle caratteristiche dei pantaloncini 1541, certificati secondo la norma EN ISO 20471, classe 1, gruppo di certificazione V.<\/p>\n<p>DETTAGLI: Cuciture rinforzate sul cavallo. Zip in plastica sul cavallo. Passanti, uno con anello a D. Vita elasticizzata. FUNZIONALIT\u00c0: Inserto elasticizzato nel cavallo e sui glutei. PROPRIET\u00c0 PRINCIPALI: Lavoratori stradali ed edili. Uomo. EN ISO 20471. REFLEX: strisce riflettenti larghe 50 mm. TESSUTO: Uomo. blu. Leggero. Stretch. TASCHE: Tasca sulla gamba con soffietto, tasca con patta e penna, tasca supplementare e tasca per cellulare. Tasche posteriori rinforzate con soffietti. Tasche laterali. Tasca rinforzata per regolo pieghevole con portacoltelli e portapenne. ISTRUZIONI DI LAVAGGIO: Numero di lavaggi: 50, non lavare a secco. RINFORZO: tasche posteriori e tasca porta metro rinforzate in CORDURA\u00ae. CERTIFICAZIONE: EN ISO 20471, classe 1.<\/p>\n<p>65% poliestere, 35% cotone, twill, tessuto esterno idrorepellente, 240g\/m\u00b2.<\/p>","protected":false},"excerpt":{"rendered":"<p>Eine High Vis-zertifizierte Klasse 1 Shorts mit Stretch-Eins\u00e4tzen vorne, hinten, im Schritt und am Ges\u00e4ss. Die Taille bietet einen exzellenten Komfort f\u00fcr den Tr\u00e4ger. Eine CORDURA\u00ae-verst\u00e4rkte H\u00fcfttasche, eine Beintasche mit Handytasche und Ausweistasche sind einige der Funktionen der Shorts 1541. Zertifiziert nach EN ISO 20471, Klasse 1. Zertifizierungsgruppe V. DETAILS: Verst\u00e4rkte N\u00e4hte am Schritt. Kunststoff-Reissverschluss [&hellip;]<\/p>\n","protected":false},"featured_media":581821,"template":"","meta":[],"product_brand":[],"product_cat":[4198],"product_tag":[],"class_list":{"0":"post-581784","1":"product","2":"type-product","3":"status-publish","4":"has-post-thumbnail","6":"product_cat-shorts","7":"pa_brand-blaklaeder","8":"pa_brand-type-workwear","9":"pa_filter-color-blau","10":"pa_filter-color-gelb","11":"pa_filter-color-grau","12":"pa_filter-color-orange","13":"pa_filter-color-rot","14":"pa_filter-color-schwarz","16":"first","17":"instock","18":"sale","19":"taxable","20":"shipping-taxable","21":"purchasable","22":"product-type-variable","23":"add-to-wishlist-before_image"},"exclude_global_add_ons":[],"addons":[],"acf":[],"_links":{"self":[{"href":"https:\/\/shop.kustom.ch\/it\/wp-json\/wp\/v2\/product\/581784"}],"collection":[{"href":"https:\/\/shop.kustom.ch\/it\/wp-json\/wp\/v2\/product"}],"about":[{"href":"https:\/\/shop.kustom.ch\/it\/wp-json\/wp\/v2\/types\/product"}],"wp:featuredmedia":[{"embeddable":true,"href":"https:\/\/shop.kustom.ch\/it\/wp-json\/wp\/v2\/media\/581821"}],"wp:attachment":[{"href":"https:\/\/shop.kustom.ch\/it\/wp-json\/wp\/v2\/media?parent=581784"}],"wp:term":[{"taxonomy":"product_brand","embeddable":true,"href":"https:\/\/shop.kustom.ch\/it\/wp-json\/wp\/v2\/product_brand?post=581784"},{"taxonomy":"product_cat","embeddable":true,"href":"https:\/\/shop.kustom.ch\/it\/wp-json\/wp\/v2\/product_cat?post=581784"},{"taxonomy":"product_tag","embeddable":true,"href":"https:\/\/shop.kustom.ch\/it\/wp-json\/wp\/v2\/product_tag?post=581784"}],"curies":[{"name":"wp","href":"https:\/\/api.w.org\/{rel}","templated":true}]}}