{"id":581658,"date":"2025-03-04T09:27:19","date_gmt":"2025-03-04T08:27:19","guid":{"rendered":"https:\/\/shop.kustom.ch\/?post_type=product&#038;p=581658"},"modified":"2026-03-31T08:30:09","modified_gmt":"2026-03-31T07:30:09","slug":"high-vis-piraten-shorts","status":"publish","type":"product","link":"https:\/\/shop.kustom.ch\/it\/prodotto\/high-vis-piraten-shorts\/","title":{"rendered":"Pantaloncini pirata ad alta visibilit\u00e0"},"content":{"rendered":"<p>Con questi pantaloncini da pirata avrete un design flessibile senza compromessi. Le gambe a 3\/4 danno una sensazione di freschezza. Due tasche posteriori rinforzate in Cordura\u00ae con soffietti. Certificato secondo la norma EN ISO 20471 Classe 2, aumenta la visibilit\u00e0 quando si lavora in ambienti estremi.<\/p>\n<p>DETTAGLI: Tasca per carte d'identit\u00e0. Passante per martello sul lato. Zip in plastica sul cavallo. Passanti, uno con anello a D. FUNZIONALIT\u00c0: Gambe dei pantaloni particolarmente ergonomiche. CARATTERISTICHE PRINCIPALI: Cavalieri. Uomo. EN 14004. REFLEX: Materiale riflettente intorno alle gambe. TESSUTO: Giallo alta visibilit\u00e0. Tasche per ginocchiere. Protezione ad alta visibilit\u00e0. TASCHE: Tasche posteriori a soffietto. Tasca per cellulare. Tasche per ginocchiere. Le tasche per chiodi possono essere inserite nelle tasche anteriori con soffietto. Tasche anteriori con soffietto. Tasca per regolo pieghevole con portacoltelli e portapenne. ISTRUZIONI DI LAVAGGIO: Numero di lavaggi: 30. Asciugatrice - bassa. RINFORZO: rinforzo in CORDURA\u00ae sulle tasche posteriori. CERTIFICAZIONE: EN 14404:2004+A1:2010 insieme alle ginocchiere 4027, 4057, 4058 e 4032. gruppo di certificazione X<\/p>\n<p>85% poliestere, 15% cotone, raso, 300g\/m\u00b2<\/p>","protected":false},"excerpt":{"rendered":"<p>Mit dieser Piraten Shorts erhalten Sie ein flexibles Design ohne Kompromisse. 3\/4-lange Beine geben Ihnen ein k\u00fchles Gef\u00fchl. Zwei Cordura\u00ae verst\u00e4rkte Ges\u00e4sstaschen mit Balg. Zertifiziert nach EN ISO 20471 Klasse 2, erh\u00f6ht die Sichtbarkeit bei der Arbeit in extremer Umgebung. DETAILS: Ausweistasche. Hammerschlaufe an der Seite. Kunststoff-Reissverschluss im Schritt. Schlaufen, davon eine mit D-Ring. FUNKTIONALIT\u00c4T: [&hellip;]<\/p>\n","protected":false},"featured_media":581714,"template":"","meta":[],"product_brand":[],"product_cat":[4198],"product_tag":[],"class_list":{"0":"post-581658","1":"product","2":"type-product","3":"status-publish","4":"has-post-thumbnail","6":"product_cat-shorts","7":"pa_brand-blaklaeder","8":"pa_brand-type-workwear","9":"pa_filter-color-gelb","10":"pa_filter-color-orange","12":"first","13":"instock","14":"sale","15":"taxable","16":"shipping-taxable","17":"purchasable","18":"product-type-variable","19":"add-to-wishlist-before_image"},"exclude_global_add_ons":[],"addons":[],"acf":[],"_links":{"self":[{"href":"https:\/\/shop.kustom.ch\/it\/wp-json\/wp\/v2\/product\/581658"}],"collection":[{"href":"https:\/\/shop.kustom.ch\/it\/wp-json\/wp\/v2\/product"}],"about":[{"href":"https:\/\/shop.kustom.ch\/it\/wp-json\/wp\/v2\/types\/product"}],"wp:featuredmedia":[{"embeddable":true,"href":"https:\/\/shop.kustom.ch\/it\/wp-json\/wp\/v2\/media\/581714"}],"wp:attachment":[{"href":"https:\/\/shop.kustom.ch\/it\/wp-json\/wp\/v2\/media?parent=581658"}],"wp:term":[{"taxonomy":"product_brand","embeddable":true,"href":"https:\/\/shop.kustom.ch\/it\/wp-json\/wp\/v2\/product_brand?post=581658"},{"taxonomy":"product_cat","embeddable":true,"href":"https:\/\/shop.kustom.ch\/it\/wp-json\/wp\/v2\/product_cat?post=581658"},{"taxonomy":"product_tag","embeddable":true,"href":"https:\/\/shop.kustom.ch\/it\/wp-json\/wp\/v2\/product_tag?post=581658"}],"curies":[{"name":"wp","href":"https:\/\/api.w.org\/{rel}","templated":true}]}}