{"id":581585,"date":"2025-03-04T09:26:07","date_gmt":"2025-03-04T08:26:07","guid":{"rendered":"https:\/\/shop.kustom.ch\/?post_type=product&#038;p=581585"},"modified":"2026-03-31T08:30:00","modified_gmt":"2026-03-31T07:30:00","slug":"high-vis-handwerker-shorts","status":"publish","type":"product","link":"https:\/\/shop.kustom.ch\/it\/prodotto\/high-vis-handwerker-shorts\/","title":{"rendered":"Pantaloncini artigianali High Vis"},"content":{"rendered":"<p>Comodi pantaloncini ad alta visibilit\u00e0 con una buona vestibilit\u00e0 e tasche rinforzate per le unghie e una tasca posteriore con tessuto extra largo e soffietti. Certificato secondo la norma EN 20471, classe di protezione 2, abbigliamento ad alta visibilit\u00e0. Disponibile anche senza tasche portachiodi, articolo n. 1537 nel colore 5300 arancione.<\/p>\n<p>DETTAGLI: Tasca per carte d'identit\u00e0. Passante per martello sul lato. Ampi passanti per cintura. CARATTERISTICHE PRINCIPALI: Autista. Uomo. EN ISO 20471. REFLEX: strisce riflettenti larghe 50 mm. TESSUTO: arancione ad alta visibilit\u00e0. Tasche a chiodo. Alta visibilit\u00e0. TASCHE: Tasche posteriori a soffietto. Tasca per cellulare. Tasche porta chiodi - con scomparti per cacciaviti e passanti per attrezzi che possono essere inseriti nelle tasche anteriori con soffietto. Tasche anteriori con soffietto. Tasca per regolo pieghevole con portacoltelli e portapenne. ISTRUZIONI DI LAVAGGIO: Colore 5500 - max. 60\u00b0, max. 5 lavaggi. Stiratura: media. RINFORZO: rinforzo in CORDURA\u00ae sulle tasche posteriori. CERTIFICAZIONE: Gruppo di certificazione X<\/p>\n<p>85% poliestere, 15% cotone, raso, 300g\/m\u00b2<\/p>","protected":false},"excerpt":{"rendered":"<p>Bequeme Warnschutz-Shorts mit guter Passform und verst\u00e4rkten losen Nageltaschen sowie Ges\u00e4sstasche mit extra Stoffweite und Balg. Zertifiziert gem\u00e4ss EN 20471, Schutzklasse 2, Warnschutzkleidung mit hoher Sichtbarkeit. Auch erh\u00e4ltlich ohne lose Nageltaschen, Art.-Nr. 1537 in Farbe 5300 orange. DETAILS: Ausweistasche. Hammerschlaufe an der Seite. Breite G\u00fcrtelschlaufen. HAUPTEIGENSCHAFTEN: Fahrer. Herren. EN ISO 20471. REFLEX: 50 mm breite [&hellip;]<\/p>\n","protected":false},"featured_media":581647,"template":"","meta":[],"product_brand":[],"product_cat":[4198],"product_tag":[],"class_list":{"0":"post-581585","1":"product","2":"type-product","3":"status-publish","4":"has-post-thumbnail","6":"product_cat-shorts","7":"pa_brand-blaklaeder","8":"pa_brand-type-workwear","9":"pa_filter-color-gelb","10":"pa_filter-color-orange","11":"pa_filter-color-rot","13":"first","14":"instock","15":"sale","16":"taxable","17":"shipping-taxable","18":"purchasable","19":"product-type-variable","20":"add-to-wishlist-before_image"},"exclude_global_add_ons":[],"addons":[],"acf":[],"_links":{"self":[{"href":"https:\/\/shop.kustom.ch\/it\/wp-json\/wp\/v2\/product\/581585"}],"collection":[{"href":"https:\/\/shop.kustom.ch\/it\/wp-json\/wp\/v2\/product"}],"about":[{"href":"https:\/\/shop.kustom.ch\/it\/wp-json\/wp\/v2\/types\/product"}],"wp:featuredmedia":[{"embeddable":true,"href":"https:\/\/shop.kustom.ch\/it\/wp-json\/wp\/v2\/media\/581647"}],"wp:attachment":[{"href":"https:\/\/shop.kustom.ch\/it\/wp-json\/wp\/v2\/media?parent=581585"}],"wp:term":[{"taxonomy":"product_brand","embeddable":true,"href":"https:\/\/shop.kustom.ch\/it\/wp-json\/wp\/v2\/product_brand?post=581585"},{"taxonomy":"product_cat","embeddable":true,"href":"https:\/\/shop.kustom.ch\/it\/wp-json\/wp\/v2\/product_cat?post=581585"},{"taxonomy":"product_tag","embeddable":true,"href":"https:\/\/shop.kustom.ch\/it\/wp-json\/wp\/v2\/product_tag?post=581585"}],"curies":[{"name":"wp","href":"https:\/\/api.w.org\/{rel}","templated":true}]}}