{"id":581546,"date":"2025-03-04T09:25:58","date_gmt":"2025-03-04T08:25:58","guid":{"rendered":"https:\/\/shop.kustom.ch\/?post_type=product&#038;p=581546"},"modified":"2026-03-31T08:29:59","modified_gmt":"2026-03-31T07:29:59","slug":"handwerker-shorts","status":"publish","type":"product","link":"https:\/\/shop.kustom.ch\/it\/prodotto\/handwerker-shorts\/","title":{"rendered":"Pantaloncini artigianali"},"content":{"rendered":"<p>Pantaloncini artigianali comodi e funzionali dal design classico in cotone 100%. Questi pantaloncini presentano dettagli curati e un alto livello di funzionalit\u00e0.<\/p>\n<p>DETTAGLI: Bottoni in metallo. Cucitura interna della gamba con tripla impuntura. Cerniera metallica al cavallo. Due passanti per cintura ai lati con un bottone per il passante a martello, un passante per cintura con anello a D sul davanti. Ampio passante per cintura sul retro. CARATTERISTICHE PRINCIPALI: Vestibilit\u00e0. Uomo. TESSUTO: Uomo. kaki. Tasche a chiodo. Artigianale. TASCHE: Tasca sulla gamba con soffietto, tasca con patta e penna, tasca supplementare, tasca per cellulare e tasca per carta d'identit\u00e0. Tasche posteriori con soffietto. Tasche per chiodi - con scomparti per cacciaviti e passanti per attrezzi che possono essere inseriti nelle tasche anteriori con soffietto. Tasche anteriori con soffietto. Tasca per regolo pieghevole con portacoltelli e tasca portapenne. ISTRUZIONI DI LAVAGGIO: Stiratura - media. RINFORZO: rinforzo in CORDURA\u00ae sulle tasche posteriori.<\/p>\n<p>100% Cotone, tela, 270 g\/m\u00b2<\/p>","protected":false},"excerpt":{"rendered":"<p>Komfortable und funktionelle Handwerker-Shorts im klassischen Design aus 100% Baumwolle. Diese Shorts verf\u00fcgen \u00fcber sorgf\u00e4ltigst gearbeitete Details und eine hohe Funktionalit\u00e4t. DETAILS: Metallkn\u00f6pfe. Innenbeinnaht mit 3-fach-Naht. Metall-Reissverschluss im Schritt. Zwei G\u00fcrtelschlaufen an den Seiten mit einem Knopf f\u00fcr eine Hammerschlaufe, eine G\u00fcrtelschlaufe mit D-Ring vorne. Breite G\u00fcrtelschlaufe hinten. HAUPTEIGENSCHAFTEN: Installateur. Herren. STOFF: Herren. khaki. Nageltaschen. [&hellip;]<\/p>\n","protected":false},"featured_media":581601,"template":"","meta":[],"product_brand":[],"product_cat":[4198],"product_tag":[],"class_list":{"0":"post-581546","1":"product","2":"type-product","3":"status-publish","4":"has-post-thumbnail","6":"product_cat-shorts","7":"pa_brand-blaklaeder","8":"pa_brand-type-workwear","9":"pa_filter-color-beige","10":"pa_filter-color-blau","11":"pa_filter-color-grau","12":"pa_filter-color-schwarz","14":"first","15":"instock","16":"sale","17":"taxable","18":"shipping-taxable","19":"purchasable","20":"product-type-variable","21":"add-to-wishlist-before_image"},"exclude_global_add_ons":[],"addons":[],"acf":[],"_links":{"self":[{"href":"https:\/\/shop.kustom.ch\/it\/wp-json\/wp\/v2\/product\/581546"}],"collection":[{"href":"https:\/\/shop.kustom.ch\/it\/wp-json\/wp\/v2\/product"}],"about":[{"href":"https:\/\/shop.kustom.ch\/it\/wp-json\/wp\/v2\/types\/product"}],"wp:featuredmedia":[{"embeddable":true,"href":"https:\/\/shop.kustom.ch\/it\/wp-json\/wp\/v2\/media\/581601"}],"wp:attachment":[{"href":"https:\/\/shop.kustom.ch\/it\/wp-json\/wp\/v2\/media?parent=581546"}],"wp:term":[{"taxonomy":"product_brand","embeddable":true,"href":"https:\/\/shop.kustom.ch\/it\/wp-json\/wp\/v2\/product_brand?post=581546"},{"taxonomy":"product_cat","embeddable":true,"href":"https:\/\/shop.kustom.ch\/it\/wp-json\/wp\/v2\/product_cat?post=581546"},{"taxonomy":"product_tag","embeddable":true,"href":"https:\/\/shop.kustom.ch\/it\/wp-json\/wp\/v2\/product_tag?post=581546"}],"curies":[{"name":"wp","href":"https:\/\/api.w.org\/{rel}","templated":true}]}}