{"id":581402,"date":"2025-03-04T09:24:20","date_gmt":"2025-03-04T08:24:20","guid":{"rendered":"https:\/\/shop.kustom.ch\/?post_type=product&#038;p=581402"},"modified":"2026-03-31T08:29:54","modified_gmt":"2026-03-31T07:29:54","slug":"high-vis-arbeitshose-2","status":"publish","type":"product","link":"https:\/\/shop.kustom.ch\/it\/prodotto\/high-vis-arbeitshose-2\/","title":{"rendered":"Pantaloni da lavoro ad alta visibilit\u00e0"},"content":{"rendered":"<p>Pantaloni artigianali di tendenza che combinano l'alta visibilit\u00e0 e il design moderno con numerose soluzioni di tasche funzionali. Strisce riflettenti larghe 65 mm. Certificato secondo la norma EN ISO 20471, C44 classe 1, C46 e oltre, classe 2.<\/p>\n<p>DETTAGLI: Tasca per carte d'identit\u00e0. Passante per martello sul lato. Passanti, uno con anello a D. FUNZIONALIT\u00c0: Gambe dei pantaloni particolarmente ergonomiche. PROPRIET\u00c0 PRINCIPALI: Artigianale. EN 14004. REFLEX: strisce riflettenti larghe 70 mm. TESSUTO: Uomo. verde. Tasche per ginocchiere. Protezione ad alta visibilit\u00e0. TASCHE: Tasca sulla gamba con soffietto, patta e tasca portapenne, tasca aggiuntiva, tasca per cellulare e tasca per carta d'identit\u00e0. Tasche posteriori con soffietto, rinforzate. Una con patta. Tasche per ginocchiere. Tasche per chiodi - con scomparti per cacciaviti e passanti per attrezzi che possono essere inseriti nelle tasche anteriori con soffietto. Tasche anteriori con soffietto. Tasca per regolo pieghevole con tasca aggiuntiva e portacoltelli. ISTRUZIONI DI LAVAGGIO: lavare in casa X 50, non lavare a secco. RINFORZO: CORDURA\u00ae rinforzato alle ginocchia. CERTIFICAZIONE: EN 14404:2004+A1:2010 in combinazione con le ginocchiere 4027, 4057, 4058 e 4032. gruppo di certificazione Y C46 -&gt;<\/p>\n<p>65% poliestere, 35% cotone, twill, 300g\/m\u00b2<\/p>","protected":false},"excerpt":{"rendered":"<p>Trendige Handwerkerhose, die High-Vis und modernes Design mit vielen funktionellen Taschenl\u00f6sungen kombiniert. 65 mm breite Reflexstreifen. Zertifiziert nach EN ISO 20471, C44 Klasse 1, C46 und gr\u00f6sser, Klasse 2. DETAILS: Ausweistasche. Hammerschlaufe an der Seite. Schlaufen, davon eine mit D-Ring. FUNKTIONALIT\u00c4T: Besonders ergonomisch geformte Hosenbeine. HAUPTEIGENSCHAFTEN: Handwerker. EN 14004. REFLEX: 70 mm breite Reflexstreifen. STOFF: [&hellip;]<\/p>\n","protected":false},"featured_media":581415,"template":"","meta":[],"product_brand":[],"product_cat":[4185],"product_tag":[],"class_list":{"0":"post-581402","1":"product","2":"type-product","3":"status-publish","4":"has-post-thumbnail","6":"product_cat-hosen","7":"pa_brand-blaklaeder","8":"pa_brand-type-workwear","9":"pa_filter-color-gruen","10":"pa_filter-color-orange","12":"first","13":"instock","14":"sale","15":"taxable","16":"shipping-taxable","17":"purchasable","18":"product-type-variable","19":"add-to-wishlist-before_image"},"exclude_global_add_ons":[],"addons":[],"acf":[],"_links":{"self":[{"href":"https:\/\/shop.kustom.ch\/it\/wp-json\/wp\/v2\/product\/581402"}],"collection":[{"href":"https:\/\/shop.kustom.ch\/it\/wp-json\/wp\/v2\/product"}],"about":[{"href":"https:\/\/shop.kustom.ch\/it\/wp-json\/wp\/v2\/types\/product"}],"wp:featuredmedia":[{"embeddable":true,"href":"https:\/\/shop.kustom.ch\/it\/wp-json\/wp\/v2\/media\/581415"}],"wp:attachment":[{"href":"https:\/\/shop.kustom.ch\/it\/wp-json\/wp\/v2\/media?parent=581402"}],"wp:term":[{"taxonomy":"product_brand","embeddable":true,"href":"https:\/\/shop.kustom.ch\/it\/wp-json\/wp\/v2\/product_brand?post=581402"},{"taxonomy":"product_cat","embeddable":true,"href":"https:\/\/shop.kustom.ch\/it\/wp-json\/wp\/v2\/product_cat?post=581402"},{"taxonomy":"product_tag","embeddable":true,"href":"https:\/\/shop.kustom.ch\/it\/wp-json\/wp\/v2\/product_tag?post=581402"}],"curies":[{"name":"wp","href":"https:\/\/api.w.org\/{rel}","templated":true}]}}