{"id":581359,"date":"2025-03-04T09:24:11","date_gmt":"2025-03-04T08:24:11","guid":{"rendered":"https:\/\/shop.kustom.ch\/?post_type=product&#038;p=581359"},"modified":"2026-03-31T08:29:54","modified_gmt":"2026-03-31T07:29:54","slug":"arbeitshose-bodenleger","status":"publish","type":"product","link":"https:\/\/shop.kustom.ch\/it\/prodotto\/arbeitshose-bodenleger\/","title":{"rendered":"Pantaloni da lavoro a filo pavimento"},"content":{"rendered":"<p>Pantaloni perfetti per i lavoratori a terra, con una tasca supplementare per i coltelli, una tasca per le gambe e tasche rinforzate per i chiodi sciolti che possono essere infilate nelle tasche anteriori a soffietto. Le tasche per ginocchiere in CORDURA\u00ae offrono un buon comfort di lavoro quando si lavora molto in ginocchio.<\/p>\n<p>DETTAGLI: Passante per martello sul lato. Bottoni in metallo. Cucitura interna della gamba con tripla impuntura. Zip in metallo sul cavallo. Passanti, uno con anello a D. CARATTERISTICHE PRINCIPALI: Artigianale. EN 14004. TESSUTO: Uomo. grigio. Tasche per ginocchiere. Artigianale. TASCHE: Tasca sulla gamba con soffietto, tasca con patta e penna, tasca supplementare, tasca per cellulare e tasca per carta d'identit\u00e0. Tasca posteriore con soffietto. Tasche per ginocchiere. Tasca supplementare per coltelli sulla coscia. Tasche per chiodi - con scomparti per cacciaviti e passanti per attrezzi che possono essere inseriti nelle tasche anteriori con soffietto. Tasche anteriori con soffietto. Tasca per regolo pieghevole con portacoltelli e tasca portapenne. ISTRUZIONI DI LAVAGGIO: Non candeggiare. RINFORZO: CORDURA\u00ae rinforzato sulle ginocchia. CERTIFICAZIONE: EN 14404:2004+A1:2010 insieme alle ginocchiere 4027, 4057, 4058 e 4032.<\/p>\n<p>100% Cotone, twill, 370 g\/m\u00b2<\/p>","protected":false},"excerpt":{"rendered":"<p>Eine perfekte Hose f\u00fcr Bodenleger mit einer extra Messertasche, Beintasche und verst\u00e4rkten losen Nageltaschen, die in die Vordertaschen mit Balg gesteckt werden k\u00f6nnen. Die Kniepolstertaschen aus CORDURA\u00ae bieten einen guten Arbeitskomfort wenn Sie viel auf den Knien arbeiten. DETAILS: Hammerschlaufe an der Seite. Metallkn\u00f6pfe. Innenbeinnaht mit 3-fach-Naht. Metall-Reissverschluss im Schritt. Schlaufen, davon eine mit D-Ring. [&hellip;]<\/p>\n","protected":false},"featured_media":237801,"template":"","meta":[],"product_brand":[],"product_cat":[4185],"product_tag":[],"class_list":{"0":"post-581359","1":"product","2":"type-product","3":"status-publish","4":"has-post-thumbnail","6":"product_cat-hosen","7":"pa_brand-blaklaeder","8":"pa_brand-type-workwear","9":"pa_filter-color-grau","11":"first","12":"instock","13":"sale","14":"taxable","15":"shipping-taxable","16":"purchasable","17":"product-type-variable","18":"add-to-wishlist-before_image"},"exclude_global_add_ons":[],"addons":[],"acf":[],"_links":{"self":[{"href":"https:\/\/shop.kustom.ch\/it\/wp-json\/wp\/v2\/product\/581359"}],"collection":[{"href":"https:\/\/shop.kustom.ch\/it\/wp-json\/wp\/v2\/product"}],"about":[{"href":"https:\/\/shop.kustom.ch\/it\/wp-json\/wp\/v2\/types\/product"}],"wp:featuredmedia":[{"embeddable":true,"href":"https:\/\/shop.kustom.ch\/it\/wp-json\/wp\/v2\/media\/237801"}],"wp:attachment":[{"href":"https:\/\/shop.kustom.ch\/it\/wp-json\/wp\/v2\/media?parent=581359"}],"wp:term":[{"taxonomy":"product_brand","embeddable":true,"href":"https:\/\/shop.kustom.ch\/it\/wp-json\/wp\/v2\/product_brand?post=581359"},{"taxonomy":"product_cat","embeddable":true,"href":"https:\/\/shop.kustom.ch\/it\/wp-json\/wp\/v2\/product_cat?post=581359"},{"taxonomy":"product_tag","embeddable":true,"href":"https:\/\/shop.kustom.ch\/it\/wp-json\/wp\/v2\/product_tag?post=581359"}],"curies":[{"name":"wp","href":"https:\/\/api.w.org\/{rel}","templated":true}]}}