{"id":581335,"date":"2025-03-04T09:23:36","date_gmt":"2025-03-04T08:23:36","guid":{"rendered":"https:\/\/shop.kustom.ch\/?post_type=product&#038;p=581335"},"modified":"2026-03-31T08:29:48","modified_gmt":"2026-03-31T07:29:48","slug":"arbeitshose-3","status":"publish","type":"product","link":"https:\/\/shop.kustom.ch\/it\/prodotto\/arbeitshose-3\/","title":{"rendered":"Pantaloni da lavoro"},"content":{"rendered":"<p>Pantaloni da pittore con funzioni sofisticate e rinforzi per l'uso quotidiano. Il tessuto di cotone ha un'eccellente capacit\u00e0 di assorbimento per proteggere la pelle dalla vernice. Tasche rinforzate per le ginocchia, tasche per gli attrezzi e tasche per i pennelli, realizzate in robusto CORDURA\u00ae.<\/p>\n<p>DETTAGLI: Passante per martello sul lato. Bottoni in metallo. Cucitura interna della gamba con tripla impuntura. Zip in plastica sul cavallo. Passanti, uno con anello a D. CARATTERISTICHE PRINCIPALI: Verniciatore. EN 14004. TESSUTO: Disponibile per uomo e donna. bianco. Tasche per ginocchiere. Verniciatore. TASCHE: Tasca sulla gamba - appositamente adattata per le spatole. Tasche posteriori con soffietto. Tasche per ginocchiere. Le tasche per unghie possono essere inserite nelle tasche anteriori con soffietto. Tasche anteriori con soffietto. ISTRUZIONI DI LAVAGGIO: Lavaggio a secco - P normale. RINFORZO: Ginocchia, tasche posteriori e tasca per spatole rinforzate in CORDURA\u00ae. CERTIFICAZIONE: EN 14404:2004+A1:2010 insieme alle ginocchiere 4027, 4057, 4058 e 4032.<\/p>\n<p>100% Cotone, twill, 320 g\/m\u00b2<\/p>","protected":false},"excerpt":{"rendered":"<p>Malerhose mit durchdachten Funktionen und Verst\u00e4rkungen f\u00fcr den t\u00e4glichen Einsatz. Der Baumwollstoff weist eine exzellente Saugf\u00e4higkeit auf, um ihre Haut vor der Farbe zu sch\u00fctzen. Verst\u00e4rkte Kniepolstertaschen, lose Werkzeugtaschen und Taschen f\u00fcr die Pinsel, aus robustem CORDURA\u00ae. DETAILS: Hammerschlaufe an der Seite. Metallkn\u00f6pfe. Innenbeinnaht mit 3-fach-Naht. Kunststoff-Reissverschluss im Schritt. Schlaufen, davon eine mit D-Ring. HAUPTEIGENSCHAFTEN: [&hellip;]<\/p>\n","protected":false},"featured_media":581353,"template":"","meta":[],"product_brand":[],"product_cat":[4185],"product_tag":[],"class_list":{"0":"post-581335","1":"product","2":"type-product","3":"status-publish","4":"has-post-thumbnail","6":"product_cat-hosen","7":"pa_brand-blaklaeder","8":"pa_brand-type-workwear","9":"pa_filter-color-grau","10":"pa_filter-color-weiss","12":"first","13":"instock","14":"sale","15":"taxable","16":"shipping-taxable","17":"purchasable","18":"product-type-variable","19":"add-to-wishlist-before_image"},"exclude_global_add_ons":[],"addons":[],"acf":[],"_links":{"self":[{"href":"https:\/\/shop.kustom.ch\/it\/wp-json\/wp\/v2\/product\/581335"}],"collection":[{"href":"https:\/\/shop.kustom.ch\/it\/wp-json\/wp\/v2\/product"}],"about":[{"href":"https:\/\/shop.kustom.ch\/it\/wp-json\/wp\/v2\/types\/product"}],"wp:featuredmedia":[{"embeddable":true,"href":"https:\/\/shop.kustom.ch\/it\/wp-json\/wp\/v2\/media\/581353"}],"wp:attachment":[{"href":"https:\/\/shop.kustom.ch\/it\/wp-json\/wp\/v2\/media?parent=581335"}],"wp:term":[{"taxonomy":"product_brand","embeddable":true,"href":"https:\/\/shop.kustom.ch\/it\/wp-json\/wp\/v2\/product_brand?post=581335"},{"taxonomy":"product_cat","embeddable":true,"href":"https:\/\/shop.kustom.ch\/it\/wp-json\/wp\/v2\/product_cat?post=581335"},{"taxonomy":"product_tag","embeddable":true,"href":"https:\/\/shop.kustom.ch\/it\/wp-json\/wp\/v2\/product_tag?post=581335"}],"curies":[{"name":"wp","href":"https:\/\/api.w.org\/{rel}","templated":true}]}}